{"id":3196,"date":"2024-11-28T17:18:25","date_gmt":"2024-11-28T09:18:25","guid":{"rendered":"http\/\/www.dentalxangtech.com\/?post_type=product&#038;p=3196"},"modified":"2024-11-29T16:03:30","modified_gmt":"2024-11-29T08:03:30","slug":"mcxl-milling-bur","status":"publish","type":"product","link":"https:\/\/www.dentalxangtech.com\/fr\/product\/mcxl-milling-bur\/","title":{"rendered":"Bur de fraisage MCXL"},"content":{"rendered":"<p>XANGTECH dental mcxl est un outil de pointe con\u00e7u pour r\u00e9pondre aux exigences rigoureuses de la fraise dentaire moderne. Con\u00e7ue pour la pr\u00e9cision, la durabilit\u00e9 et l'efficacit\u00e9, cette broche de fraise est un choix fiable pour les professionnels dentaires qui recherchent des r\u00e9sultats de haute qualit\u00e9. Si vous&#8217; R\u00e9fabriquer des couronnes, des ponts, des placages ou des incrustations, il assure des performances sup\u00e9rieures et une int\u00e9gration transparente avec les syst\u00e8mes de fraisage MCXL. Fabriqu\u00e9 en carbure de tungst\u00e8ne premium, il est con\u00e7u pour r\u00e9sister \u00e0 une utilisation intense, traitant jusqu'\u00e0 25-35 unit\u00e9s dentaires par bur. Cette durabilit\u00e9 assure une performance constante, m\u00eame dans des environnements \u00e0 forte demande. Le bord de coupe ultra-affin\u00e9 permet une fraisage de haute pr\u00e9cision, offrant des restaurations avec des d\u00e9tails complexes et un ajustement parfait. Cette pr\u00e9cision r\u00e9duit les remakes et assure la satisfaction du patient. Con\u00e7u en tenant compte de la commodit\u00e9 de l'utilisateur, il est facile \u00e0 installer, \u00e0 remplacer et \u00e0 entretenir, r\u00e9duisant les temps d'arr\u00eat de la machine et am\u00e9liorant l'efficacit\u00e9 du flux de travail dans les laboratoires dentaires et les cliniques. Sa capacit\u00e9 \u00e0 fournir une fraisage plus rapide sans compromettre la qualit\u00e9 garantit que les professionnels dentaires peuvent maintenir leur productivit\u00e9 tout en r\u00e9pondant aux normes \u00e9lev\u00e9es de la dentisterie restauratrice moderne.<\/p>\n<p>Sa coupe de pr\u00e9cision r\u00e9duit \u00e9galement les d\u00e9chets de mat\u00e9riaux, ce qui le rend non seulement rentable mais aussi respectueux de l'environnement. En optimisant l\u2019utilisation des mat\u00e9riaux et en rationalisant les processus de production, il contribue \u00e0 une approche efficace et durable de la restauration dentaire. Soutenue par la r\u00e9putation de XANGTECH pour l'innovation et la qualit\u00e9, cette borne de fraise est un t\u00e9moignage du d\u00e9vouement de l'entreprise \u00e0 faire progresser le domaine de la technologie dentaire. Que ce soit pour cr\u00e9er des restaurations permanentes ou des solutions temporaires, les professionnels dentaires peuvent compter sur elle pour fournir des r\u00e9sultats coh\u00e9rents et de haute qualit\u00e9 qui am\u00e9liorent la satisfaction des patients et \u00e9levent les normes de soins. Cet outil est un ajout indispensable \u00e0 toute pratique dentaire recherchant la pr\u00e9cision, la fiabilit\u00e9 et l'excellence en fraisage CAO\/CAM.<\/p>\n<p>1. Peut traiter 25-35 couronnes de verre en c\u00e9ramique<br \/>\n2. Haute pr\u00e9cision et performance stable<br \/>\n3. Facile \u00e0 utiliser<br \/>\n4. Longue dur\u00e9e de vie<\/p>","protected":false},"excerpt":{"rendered":"<p>XANGTECH dental mcxl milling bur is a cutting-edge tool designed to meet the rigorous demands of modern dental milling. Engineered for precision, durability, and efficiency, this milling bur is a reliable choice for dental professionals seeking high-quality results. Whether you&#8217;re crafting crowns, bridges, veneers, or inlays, it ensures superior performance and seamless integration with MCXL [&hellip;]<\/p>\n","protected":false},"featured_media":3198,"template":"","meta":{"_acf_changed":false},"product_brand":[],"product_cat":[56],"product_tag":[],"class_list":{"0":"post-3196","1":"product","2":"type-product","3":"status-publish","4":"has-post-thumbnail","6":"product_cat-ceramic-glass-milling-bur","8":"first","9":"instock","10":"shipping-taxable","11":"product-type-simple"},"acf":[],"_links":{"self":[{"href":"https:\/\/www.dentalxangtech.com\/fr\/wp-json\/wp\/v2\/product\/3196","targetHints":{"allow":["GET"]}}],"collection":[{"href":"https:\/\/www.dentalxangtech.com\/fr\/wp-json\/wp\/v2\/product"}],"about":[{"href":"https:\/\/www.dentalxangtech.com\/fr\/wp-json\/wp\/v2\/types\/product"}],"wp:featuredmedia":[{"embeddable":true,"href":"https:\/\/www.dentalxangtech.com\/fr\/wp-json\/wp\/v2\/media\/3198"}],"wp:attachment":[{"href":"https:\/\/www.dentalxangtech.com\/fr\/wp-json\/wp\/v2\/media?parent=3196"}],"wp:term":[{"taxonomy":"product_brand","embeddable":true,"href":"https:\/\/www.dentalxangtech.com\/fr\/wp-json\/wp\/v2\/product_brand?post=3196"},{"taxonomy":"product_cat","embeddable":true,"href":"https:\/\/www.dentalxangtech.com\/fr\/wp-json\/wp\/v2\/product_cat?post=3196"},{"taxonomy":"product_tag","embeddable":true,"href":"https:\/\/www.dentalxangtech.com\/fr\/wp-json\/wp\/v2\/product_tag?post=3196"}],"curies":[{"name":"WP","href":"https:\/\/api.w.org\/{rel}","templated":true}]}}