{"id":3204,"date":"2024-11-29T15:55:49","date_gmt":"2024-11-29T07:55:49","guid":{"rendered":"http\/\/www.dentalxangtech.com\/?post_type=product&#038;p=3204"},"modified":"2024-11-29T15:55:49","modified_gmt":"2024-11-29T07:55:49","slug":"roland-pmma-milling-bur","status":"publish","type":"product","link":"https:\/\/www.dentalxangtech.com\/fr\/product\/roland-pmma-milling-bur\/","title":{"rendered":"Bur de fraisage Roland PMMA"},"content":{"rendered":"<p><span style=\"font-family: arial, helvetica, sans-serif; font-size: 14pt;\">Les borses de fraisage Roland PMMA de XANGTECH sont des outils de gravure sp\u00e9cialement con\u00e7us pour les mat\u00e9riaux en r\u00e9sine (tels que le PMMA, la r\u00e9sine composite, etc.) et sont g\u00e9n\u00e9ralement utilis\u00e9s pour traiter les mat\u00e9riaux en r\u00e9sine dans les machines de gravure CNC ou les \u00e9quipements CAD \/ CAM. La borne de fraisage est con\u00e7ue pour produire une finition de surface lisse sur le PMMA, ce qui est essentiel pour les applications dentaires o\u00f9 l'apparence, le confort et l'ajustement sont importants. La surface lisse r\u00e9duit la n\u00e9cessit\u00e9 d'\u00e9tapes de finition suppl\u00e9mentaires et fournit un r\u00e9sultat de haute qualit\u00e9 pr\u00eat \u00e0 l'utilisation ou au traitement ult\u00e9rieur.<\/span><\/p>\n<p><span style=\"font-family: arial, helvetica, sans-serif; font-size: 14pt;\">Le PMMA est sensible \u00e0 la chaleur et l'accumulation excessive de chaleur pendant la fraisage peut entra\u00eener une d\u00e9formation ou une fissuration du mat\u00e9riau. Les bornes de fraisage Xangtech Roland sont con\u00e7ues pour minimiser la g\u00e9n\u00e9ration de chaleur pendant la coupe, assurant que le mat\u00e9riau reste intact et intact.<\/span><\/p>\n<p><span style=\"font-family: arial, helvetica, sans-serif; font-size: 14pt;\">Les borses de fraise Roland PMMA sont con\u00e7ues pour fonctionner avec les machines de fraise dentaire Roland, telles que les s\u00e9ries DWX (par exemple, DWX-4, DWX-52DC), qui sont populaires dans les laboratoires et les cliniques dentaires. Les borses sont con\u00e7ues pour fonctionner sans faille avec le logiciel et le syst\u00e8me de contr\u00f4le de la machine, assurant une performance efficace et fiable.<\/span><\/p>\n<p><span style=\"font-family: arial, helvetica, sans-serif; font-size: 14pt;\">Les bornes de fraisage Roland PMMA s'int\u00e8grent parfaitement aux flux de travail dentaires num\u00e9riques, aidant les techniciens \u00e0 passer de la conception CAO au produit final avec un effort minimum. Cette int\u00e9gration acc\u00e9l\u00e8re tout le processus de restauration.<\/span><\/p>\n<div style=\"width: 800px;\" class=\"wp-video\"><video class=\"wp-video-shortcode\" id=\"video-3204-1\" width=\"800\" height=\"450\" preload=\"metadata\" controls=\"controls\"><source type=\"video\/mp4\" src=\"https:\/\/www.dentalxangtech.com\/wp-content\/uploads\/2024\/11\/roland-pmma-bur-video.mp4?_=1\" \/><a href=\"https:\/\/www.dentalxangtech.com\/wp-content\/uploads\/2024\/11\/roland-pmma-bur-video.mp4\">https:\/\/www.dentalxangtech.com\/wp-content\/uploads\/2024\/11\/roland-pmma-bur-video.mp4<\/a><\/video><\/div>","protected":false},"excerpt":{"rendered":"<p>XANGTECH Roland PMMA milling burs are engraving tools designed specifically for resin materials (such as PMMA, composite resin, etc.), and are usually used to process resin materials in CNC engraving machines or CAD\/CAM equipment. The milling bur is engineered to produce a smooth surface finish on PMMA, which is essential for dental applications where appearance, [&hellip;]<\/p>\n","protected":false},"featured_media":3216,"template":"","meta":{"_acf_changed":false},"product_brand":[],"product_cat":[55],"product_tag":[],"class_list":{"0":"post-3204","1":"product","2":"type-product","3":"status-publish","4":"has-post-thumbnail","6":"product_cat-pmma-milling-bur","8":"first","9":"instock","10":"shipping-taxable","11":"product-type-simple"},"acf":[],"_links":{"self":[{"href":"https:\/\/www.dentalxangtech.com\/fr\/wp-json\/wp\/v2\/product\/3204","targetHints":{"allow":["GET"]}}],"collection":[{"href":"https:\/\/www.dentalxangtech.com\/fr\/wp-json\/wp\/v2\/product"}],"about":[{"href":"https:\/\/www.dentalxangtech.com\/fr\/wp-json\/wp\/v2\/types\/product"}],"wp:featuredmedia":[{"embeddable":true,"href":"https:\/\/www.dentalxangtech.com\/fr\/wp-json\/wp\/v2\/media\/3216"}],"wp:attachment":[{"href":"https:\/\/www.dentalxangtech.com\/fr\/wp-json\/wp\/v2\/media?parent=3204"}],"wp:term":[{"taxonomy":"product_brand","embeddable":true,"href":"https:\/\/www.dentalxangtech.com\/fr\/wp-json\/wp\/v2\/product_brand?post=3204"},{"taxonomy":"product_cat","embeddable":true,"href":"https:\/\/www.dentalxangtech.com\/fr\/wp-json\/wp\/v2\/product_cat?post=3204"},{"taxonomy":"product_tag","embeddable":true,"href":"https:\/\/www.dentalxangtech.com\/fr\/wp-json\/wp\/v2\/product_tag?post=3204"}],"curies":[{"name":"WP","href":"https:\/\/api.w.org\/{rel}","templated":true}]}}