{"id":3228,"date":"2024-12-02T15:45:49","date_gmt":"2024-12-02T07:45:49","guid":{"rendered":"http\/\/www.dentalxangtech.com\/?post_type=product&#038;p=3228"},"modified":"2024-12-02T15:45:49","modified_gmt":"2024-12-02T07:45:49","slug":"roland-wet-milling-bur","status":"publish","type":"product","link":"https:\/\/www.dentalxangtech.com\/fr\/product\/roland-wet-milling-bur\/","title":{"rendered":"Bur de fraisage humide Roland"},"content":{"rendered":"<p><span style=\"font-family: arial, helvetica, sans-serif; font-size: 14pt;\">Les bornes de fraisage humide Roland offrent une pr\u00e9cision, une efficacit\u00e9 et une finition de surface exceptionnelle, ce qui en fait un composant essentiel de Roland&#8217; des syst\u00e8mes CAD\/CAM dentaires, en particulier les fraises de la s\u00e9rie DWX. Con\u00e7u pour les syst\u00e8mes de fraisage humide, il peut dissiper efficacement la chaleur dans un environnement de coupe humide, r\u00e9duire l'accumulation de chaleur pendant la coupe et emp\u00eacher que le mat\u00e9riau ne se surchauffe ou ne se fissure. La combinaison de fraisage humide et de bornes de pr\u00e9cision r\u00e9duit consid\u00e9rablement le risque de d\u00e9coupage ou de cassure de mat\u00e9riaux fragiles tels que la c\u00e9ramique et les disilicates de lithium.<\/span><\/p>\n<p><span style=\"font-family: arial, helvetica, sans-serif; font-size: 14pt;\">Les borses de fraisage humide Roland sont en carbure de tungst\u00e8ne pour une meilleure r\u00e9sistance \u00e0 l'usure et des performances de coupe. Ils produisent une surface lisse et polie, minimisant le besoin de polissage post-fraisage, obtenant la haute translucidit\u00e9 et l'apparence naturelle requises pour les restaurations de disilicate de lithium, assurant que les restaurations r\u00e9pondent \u00e0 la fois aux exigences esth\u00e9tiques et fonctionnelles.<\/span><\/p>\n<p><span style=\"font-family: arial, helvetica, sans-serif; font-size: 14pt;\">Les borses de fraisage humide Roland sont utilis\u00e9es pour fraiser des couronnes, des ponts, des placages, des incrustations et des superpositions en c\u00e9ramique de disilicate de lithium. Id\u00e9al pour les restaurations ant\u00e9rieures et post\u00e9rieures o\u00f9 la force et l'esth\u00e9tique sont essentielles<\/span><\/p>\n<div style=\"width: 800px;\" class=\"wp-video\"><video class=\"wp-video-shortcode\" id=\"video-3228-1\" width=\"800\" height=\"450\" preload=\"metadata\" controls=\"controls\"><source type=\"video\/mp4\" src=\"https:\/\/www.dentalxangtech.com\/wp-content\/uploads\/2024\/12\/Roland-wet-1.mp4?_=1\" \/><a href=\"https:\/\/www.dentalxangtech.com\/wp-content\/uploads\/2024\/12\/Roland-wet-1.mp4\">https:\/\/www.dentalxangtech.com\/wp-content\/uploads\/2024\/12\/Roland-wet-1.mp4<\/a><\/video><\/div>\n<p>&nbsp;<\/p>","protected":false},"excerpt":{"rendered":"<p>Roland wet milling burs deliver precision, efficiency, and exceptional surface finish, making them an essential component of Roland&#8217;s dental CAD\/CAM systems, particularly the DWX series milling machines. Designed for wet milling systems, it can efficiently dissipate heat in wet cutting environment, reduce heat accumulation during cutting, and prevent material from overheating or cracking. The combination [&hellip;]<\/p>\n","protected":false},"featured_media":3233,"template":"","meta":{"_acf_changed":false},"product_brand":[],"product_cat":[56],"product_tag":[],"class_list":{"0":"post-3228","1":"product","2":"type-product","3":"status-publish","4":"has-post-thumbnail","6":"product_cat-ceramic-glass-milling-bur","8":"first","9":"instock","10":"shipping-taxable","11":"product-type-simple"},"acf":[],"_links":{"self":[{"href":"https:\/\/www.dentalxangtech.com\/fr\/wp-json\/wp\/v2\/product\/3228","targetHints":{"allow":["GET"]}}],"collection":[{"href":"https:\/\/www.dentalxangtech.com\/fr\/wp-json\/wp\/v2\/product"}],"about":[{"href":"https:\/\/www.dentalxangtech.com\/fr\/wp-json\/wp\/v2\/types\/product"}],"wp:featuredmedia":[{"embeddable":true,"href":"https:\/\/www.dentalxangtech.com\/fr\/wp-json\/wp\/v2\/media\/3233"}],"wp:attachment":[{"href":"https:\/\/www.dentalxangtech.com\/fr\/wp-json\/wp\/v2\/media?parent=3228"}],"wp:term":[{"taxonomy":"product_brand","embeddable":true,"href":"https:\/\/www.dentalxangtech.com\/fr\/wp-json\/wp\/v2\/product_brand?post=3228"},{"taxonomy":"product_cat","embeddable":true,"href":"https:\/\/www.dentalxangtech.com\/fr\/wp-json\/wp\/v2\/product_cat?post=3228"},{"taxonomy":"product_tag","embeddable":true,"href":"https:\/\/www.dentalxangtech.com\/fr\/wp-json\/wp\/v2\/product_tag?post=3228"}],"curies":[{"name":"WP","href":"https:\/\/api.w.org\/{rel}","templated":true}]}}