{"id":3241,"date":"2024-12-02T17:15:48","date_gmt":"2024-12-02T09:15:48","guid":{"rendered":"http\/\/www.dentalxangtech.com\/?post_type=product&#038;p=3241"},"modified":"2024-12-02T17:15:48","modified_gmt":"2024-12-02T09:15:48","slug":"zirkonzahn-milling-bur","status":"publish","type":"product","link":"https:\/\/www.dentalxangtech.com\/fr\/product\/zirkonzahn-milling-bur\/","title":{"rendered":"Zirkonzahn Fraisage Bur"},"content":{"rendered":"<p><span style=\"font-family: arial, helvetica, sans-serif; font-size: 14pt;\">Les bornes de fraisage \u00e0 moule Zirkonzahn M1 sont des outils de coupe haute performance con\u00e7us pour le traitement de mat\u00e9riaux vitroc\u00e9ramiques. Ils sont largement utilis\u00e9s dans les syst\u00e8mes CAD\/CAM dentaires pour la fabrication de restaurations dentaires telles que des couronnes enti\u00e8rement en c\u00e9ramique, des placages, des incrustations, etc. Il est sp\u00e9cialement con\u00e7u pour le syst\u00e8me de fraisage \u00e0 humide Zirkonzahn M1 afin d'assurer une coop\u00e9ration sans couture, d'am\u00e9liorer la stabilit\u00e9 et l'efficacit\u00e9 du traitement. Lorsqu'il est utilis\u00e9 avec du liquide de refroidissement, il peut r\u00e9duire la temp\u00e9rature pendant le processus de fraisage, r\u00e9duire les dommages thermiques et prolonger la dur\u00e9e de vie des borses.<\/span><\/p>\n<p><span style=\"font-family: arial, helvetica, sans-serif; font-size: 14pt;\">Les bornes de fraisage humide Zirkonzahn M1 peuvent fraiser avec pr\u00e9cision les mat\u00e9riaux vitroc\u00e9ramiques, r\u00e9duire les fissures et l'effondrement des bords pendant le processus de fraisage et assurer l'int\u00e9grit\u00e9 et la r\u00e9sistance de la restauration. Les borses peuvent maintenir des r\u00e9sultats de coupe coh\u00e9rents pendant une utilisation \u00e0 long terme, am\u00e9liorant efficacement l'efficacit\u00e9 du travail. Dans un environnement de fraisage humide, les bornes peuvent maintenir une temp\u00e9rature de fraisage basse pour \u00e9viter les dommages thermiques. Con\u00e7u sp\u00e9cifiquement pour Zirkonzahn&#8217; s syst\u00e8me CAD\/CAM et \u00e9quipement de fraisage humide, il convient \u00e0 la restauration dentaire de haute pr\u00e9cision, multifonctionnel traitement, et peut optimiser les effets de fraisage et la pr\u00e9cision de traitement.<\/span><\/p>\n<div style=\"width: 800px;\" class=\"wp-video\"><video class=\"wp-video-shortcode\" id=\"video-3241-1\" width=\"800\" height=\"450\" preload=\"metadata\" controls=\"controls\"><source type=\"video\/mp4\" src=\"https:\/\/www.dentalxangtech.com\/wp-content\/uploads\/2024\/12\/Zirkonzahn-Emax-milling-bur-video.mp4?_=1\" \/><a href=\"https:\/\/www.dentalxangtech.com\/wp-content\/uploads\/2024\/12\/Zirkonzahn-Emax-milling-bur-video.mp4\">https:\/\/www.dentalxangtech.com\/wp-content\/uploads\/2024\/12\/Zirkonzahn-Emax-milling-bur-video.mp4<\/a><\/video><\/div>","protected":false},"excerpt":{"rendered":"<p>Zirkonzahn M1wet milling burs are high-performance cutting tools designed for processing glass ceramic materials. They are widely used in dental CAD\/CAM systems for manufacturing dental restorations such as all-ceramic crowns, veneers, inlays, etc. It is designed specifically for the Zirkonzahn M1 wet milling system to ensure seamless cooperation, improve processing stability and efficiency. When used [&hellip;]<\/p>\n","protected":false},"featured_media":3244,"template":"","meta":{"_acf_changed":false},"product_brand":[],"product_cat":[56],"product_tag":[],"class_list":{"0":"post-3241","1":"product","2":"type-product","3":"status-publish","4":"has-post-thumbnail","6":"product_cat-ceramic-glass-milling-bur","8":"first","9":"instock","10":"shipping-taxable","11":"product-type-simple"},"acf":[],"_links":{"self":[{"href":"https:\/\/www.dentalxangtech.com\/fr\/wp-json\/wp\/v2\/product\/3241","targetHints":{"allow":["GET"]}}],"collection":[{"href":"https:\/\/www.dentalxangtech.com\/fr\/wp-json\/wp\/v2\/product"}],"about":[{"href":"https:\/\/www.dentalxangtech.com\/fr\/wp-json\/wp\/v2\/types\/product"}],"wp:featuredmedia":[{"embeddable":true,"href":"https:\/\/www.dentalxangtech.com\/fr\/wp-json\/wp\/v2\/media\/3244"}],"wp:attachment":[{"href":"https:\/\/www.dentalxangtech.com\/fr\/wp-json\/wp\/v2\/media?parent=3241"}],"wp:term":[{"taxonomy":"product_brand","embeddable":true,"href":"https:\/\/www.dentalxangtech.com\/fr\/wp-json\/wp\/v2\/product_brand?post=3241"},{"taxonomy":"product_cat","embeddable":true,"href":"https:\/\/www.dentalxangtech.com\/fr\/wp-json\/wp\/v2\/product_cat?post=3241"},{"taxonomy":"product_tag","embeddable":true,"href":"https:\/\/www.dentalxangtech.com\/fr\/wp-json\/wp\/v2\/product_tag?post=3241"}],"curies":[{"name":"WP","href":"https:\/\/api.w.org\/{rel}","templated":true}]}}