{"id":3258,"date":"2024-12-03T17:05:57","date_gmt":"2024-12-03T09:05:57","guid":{"rendered":"http\/\/www.dentalxangtech.com\/?post_type=product&#038;p=3258"},"modified":"2024-12-03T17:05:57","modified_gmt":"2024-12-03T09:05:57","slug":"amann-girrbach-milling-bur","status":"publish","type":"product","link":"https:\/\/www.dentalxangtech.com\/fr\/product\/amann-girrbach-milling-bur\/","title":{"rendered":"Fraisage Amann Girrbach"},"content":{"rendered":"<p><span style=\"font-family: arial, helvetica, sans-serif; font-size: 14pt;\">Les bornes de fraise en zirconie Amann Girrbach de XANGTECH sont soumises \u00e0 des tests de qualit\u00e9 rigoureux pour s'assurer que chaque borne r\u00e9pond \u00e0 des normes de qualit\u00e9 \u00e9lev\u00e9es, fournissant ainsi des outils stables et fiables pour les travaux de restauration dentaire.<\/span><\/p>\n<p><span style=\"font-family: arial, helvetica, sans-serif; font-size: 14pt;\">Le broyeur de zirconie Amann Girrbach utilise un rev\u00eatement diamant\u00e9 ou du carbone semblable au diamant qui lui conf\u00e8re une excellente duret\u00e9, une r\u00e9sistance \u00e0 l'usure et une r\u00e9sistance \u00e0 la corrosion pour s'assurer qu'il est suffisant pour manipuler des mat\u00e9riaux \u00e0 haute r\u00e9sistance. Les borses de fraisage en zirconie Amann Girrbach sont id\u00e9ales pour la fabrication de couronnes, ponts, incrustations et onlays en zirconie de haute qualit\u00e9. Con\u00e7ues pour r\u00e9sister \u00e0 l'usure, ces bornes maintiennent leur nettet\u00e9 et leurs performances de coupe m\u00eame sous des charges de travail \u00e9lev\u00e9es. Les bornes de fraisage en zirconie Amann Girrbach sont con\u00e7ues pour une int\u00e9gration transparente avec les syst\u00e8mes Amann Girrbach, garantissant des r\u00e9sultats optimaux.<\/span><\/p>\n<div style=\"width: 800px;\" class=\"wp-video\"><video class=\"wp-video-shortcode\" id=\"video-3258-1\" width=\"800\" height=\"450\" preload=\"metadata\" controls=\"controls\"><source type=\"video\/mp4\" src=\"https:\/\/www.dentalxangtech.com\/wp-content\/uploads\/2024\/12\/amann-zirconia-bur-video.mp4?_=1\" \/><a href=\"https:\/\/www.dentalxangtech.com\/wp-content\/uploads\/2024\/12\/amann-zirconia-bur-video.mp4\">https:\/\/www.dentalxangtech.com\/wp-content\/uploads\/2024\/12\/amann-zirconia-bur-video.mp4<\/a><\/video><\/div>","protected":false},"excerpt":{"rendered":"<p>XANGTECH Amann Girrbach zirconia milling burs undergo rigorous quality testing to ensure that each bur meets high quality standards, thus providing stable and reliable tools for dental restoration work. Amann Girrbach zirconia milling burs can be well matched with the common CAD\/CAM machining systems on the market, providing convenience for the digital dental restoration process [&hellip;]<\/p>\n","protected":false},"featured_media":3261,"template":"","meta":{"_acf_changed":false},"product_brand":[],"product_cat":[57],"product_tag":[],"class_list":{"0":"post-3258","1":"product","2":"type-product","3":"status-publish","4":"has-post-thumbnail","6":"product_cat-zirconia-milling-bur","8":"first","9":"instock","10":"shipping-taxable","11":"product-type-simple"},"acf":[],"_links":{"self":[{"href":"https:\/\/www.dentalxangtech.com\/fr\/wp-json\/wp\/v2\/product\/3258","targetHints":{"allow":["GET"]}}],"collection":[{"href":"https:\/\/www.dentalxangtech.com\/fr\/wp-json\/wp\/v2\/product"}],"about":[{"href":"https:\/\/www.dentalxangtech.com\/fr\/wp-json\/wp\/v2\/types\/product"}],"wp:featuredmedia":[{"embeddable":true,"href":"https:\/\/www.dentalxangtech.com\/fr\/wp-json\/wp\/v2\/media\/3261"}],"wp:attachment":[{"href":"https:\/\/www.dentalxangtech.com\/fr\/wp-json\/wp\/v2\/media?parent=3258"}],"wp:term":[{"taxonomy":"product_brand","embeddable":true,"href":"https:\/\/www.dentalxangtech.com\/fr\/wp-json\/wp\/v2\/product_brand?post=3258"},{"taxonomy":"product_cat","embeddable":true,"href":"https:\/\/www.dentalxangtech.com\/fr\/wp-json\/wp\/v2\/product_cat?post=3258"},{"taxonomy":"product_tag","embeddable":true,"href":"https:\/\/www.dentalxangtech.com\/fr\/wp-json\/wp\/v2\/product_tag?post=3258"}],"curies":[{"name":"WP","href":"https:\/\/api.w.org\/{rel}","templated":true}]}}