{"id":3273,"date":"2024-12-04T16:20:52","date_gmt":"2024-12-04T08:20:52","guid":{"rendered":"http\/\/www.dentalxangtech.com\/?post_type=product&#038;p=3273"},"modified":"2024-12-04T16:20:52","modified_gmt":"2024-12-04T08:20:52","slug":"yenadent-milling-bur","status":"publish","type":"product","link":"https:\/\/www.dentalxangtech.com\/fr\/product\/yenadent-milling-bur\/","title":{"rendered":"Yenadent Fraisage Bur"},"content":{"rendered":"<p><span style=\"font-family: arial, helvetica, sans-serif; font-size: 14pt;\">Les borses de fraisage Yenadent sont fabriqu\u00e9es \u00e0 partir de mat\u00e9riaux de premi\u00e8re qualit\u00e9 tels que le carbure de tungst\u00e8ne, le diamant et l'acier. Ces mat\u00e9riaux sont tr\u00e8s durables et peuvent r\u00e9sister aux rotations \u00e0 grande vitesse requises lors des op\u00e9rations de fraisage et de coupe dentaires. Les bornes de fraisage Yenadent sont con\u00e7ues pour fournir une action de coupe pr\u00e9cise, assurant une vibration minimale et une pr\u00e9cision sup\u00e9rieure. Ceci est essentiel pour obtenir un ajustement parfait dans les restaurations dentaires, en particulier dans les travaux de couronne et de pont.<\/span><br \/>\n<span style=\"font-family: arial, helvetica, sans-serif; font-size: 14pt;\">Les borses de fraise Yenadent sont compatibles avec une large gamme de fraises utilis\u00e9es dans les laboratoires et les cliniques dentaires, y compris les syst\u00e8mes de fraise de conception assist\u00e9e par ordinateur (CAD). L'ergonomie est une consid\u00e9ration cl\u00e9 dans la conception des borses de fraisage Yenadent. Leurs tiges sont con\u00e7ues pour faciliter la manipulation et s'adapter bien dans les pi\u00e8ces \u00e0 main dentaires les plus couramment utilis\u00e9es. Cela assure un contr\u00f4le de pr\u00e9cision pendant la fraisage et r\u00e9duit la fatigue des mains lors de proc\u00e9dures prolong\u00e9es.<\/span><br \/>\n<span style=\"font-family: arial, helvetica, sans-serif; font-size: 14pt;\">Le broyeur de fraise Yenadent convient \u00e0 diverses op\u00e9rations dentaires, en mettant l'accent sur l'universalit\u00e9 et l'adaptabilit\u00e9, et est capable de manipuler une large gamme de mat\u00e9riaux dentaires tels que la porcelaine, les r\u00e9sines composites, les alliages m\u00e9talliques, les r\u00e9sines, les alliages cobalt-chrome, etc.<\/span><\/p>\n<div style=\"width: 800px;\" class=\"wp-video\"><video class=\"wp-video-shortcode\" id=\"video-3273-1\" width=\"800\" height=\"450\" preload=\"metadata\" controls=\"controls\"><source type=\"video\/mp4\" src=\"https:\/\/www.dentalxangtech.com\/wp-content\/uploads\/2024\/12\/yenadent-metal-bur-video.mp4?_=1\" \/><a href=\"https:\/\/www.dentalxangtech.com\/wp-content\/uploads\/2024\/12\/yenadent-metal-bur-video.mp4\">https:\/\/www.dentalxangtech.com\/wp-content\/uploads\/2024\/12\/yenadent-metal-bur-video.mp4<\/a><\/video><\/div>","protected":false},"excerpt":{"rendered":"<p>Yenadent milling burs are made from premium materials like tungsten carbide, diamond, and steel. These materials are highly durable and can withstand the high-speed rotations required during dental milling and cutting operations.Yenadent milling burs are designed to provide precise cutting action, ensuring minimal vibration and superior accuracy. This is essential for achieving a perfect fit [&hellip;]<\/p>\n","protected":false},"featured_media":3274,"template":"","meta":{"_acf_changed":false},"product_brand":[],"product_cat":[54],"product_tag":[],"class_list":{"0":"post-3273","1":"product","2":"type-product","3":"status-publish","4":"has-post-thumbnail","6":"product_cat-metal-milling-bur","8":"first","9":"instock","10":"shipping-taxable","11":"product-type-simple"},"acf":[],"_links":{"self":[{"href":"https:\/\/www.dentalxangtech.com\/fr\/wp-json\/wp\/v2\/product\/3273","targetHints":{"allow":["GET"]}}],"collection":[{"href":"https:\/\/www.dentalxangtech.com\/fr\/wp-json\/wp\/v2\/product"}],"about":[{"href":"https:\/\/www.dentalxangtech.com\/fr\/wp-json\/wp\/v2\/types\/product"}],"wp:featuredmedia":[{"embeddable":true,"href":"https:\/\/www.dentalxangtech.com\/fr\/wp-json\/wp\/v2\/media\/3274"}],"wp:attachment":[{"href":"https:\/\/www.dentalxangtech.com\/fr\/wp-json\/wp\/v2\/media?parent=3273"}],"wp:term":[{"taxonomy":"product_brand","embeddable":true,"href":"https:\/\/www.dentalxangtech.com\/fr\/wp-json\/wp\/v2\/product_brand?post=3273"},{"taxonomy":"product_cat","embeddable":true,"href":"https:\/\/www.dentalxangtech.com\/fr\/wp-json\/wp\/v2\/product_cat?post=3273"},{"taxonomy":"product_tag","embeddable":true,"href":"https:\/\/www.dentalxangtech.com\/fr\/wp-json\/wp\/v2\/product_tag?post=3273"}],"curies":[{"name":"WP","href":"https:\/\/api.w.org\/{rel}","templated":true}]}}