{"id":3286,"date":"2024-12-04T16:56:29","date_gmt":"2024-12-04T08:56:29","guid":{"rendered":"http\/\/www.dentalxangtech.com\/?post_type=product&#038;p=3286"},"modified":"2024-12-04T16:56:29","modified_gmt":"2024-12-04T08:56:29","slug":"vhf-milling-bur","status":"publish","type":"product","link":"https:\/\/www.dentalxangtech.com\/fr\/product\/vhf-milling-bur\/","title":{"rendered":"Bur de fraisage VHF"},"content":{"rendered":"<p><span style=\"font-family: arial, helvetica, sans-serif; font-size: 14pt;\">La borne de fraisage VHF convient \u00e0 VHF&#8217; s syst\u00e8mes de fraisage (tels que K5, R5, etc.), et est hautement compatible avec VHF&#8217; syst\u00e8mes mat\u00e9riels et logiciels, garantissant des performances de fraisage efficaces et des r\u00e9sultats pr\u00e9cis. Il offre une haute pr\u00e9cision, des performances \u00e9lev\u00e9es et une longue dur\u00e9e de vie, et est particuli\u00e8rement adapt\u00e9 au traitement de restaurations dentaires complexes et de mat\u00e9riaux durs.<\/span><br \/>\n<span style=\"font-family: arial, helvetica, sans-serif; font-size: 14pt;\">VHF&#8217; La conception de la fraise s'concentre sur une coupe haute pr\u00e9cision et efficace, en utilisant des mat\u00e9riaux de haute qualit\u00e9 (tels que le rev\u00eatement diamant) et a une g\u00e9om\u00e9trie optimis\u00e9e pour s'assurer qu'elle reste pointue lors de la fraise \u00e0 grande vitesse et \u00e0 haute charge. VHF K5 Fraisage Bur convient \u00e0 une vari\u00e9t\u00e9 de mat\u00e9riaux tels que le zirconie, Emax, alliage de cobalt-chrome, alliage de titane, etc., et peut fournir une finition de surface fine et un traitement de haute pr\u00e9cision.<\/span><br \/>\n<span style=\"font-family: arial, helvetica, sans-serif; font-size: 14pt;\">Bur de fraisage VHF K5 combin\u00e9 avec machine de fraisage VHF K5&#8217; La technologie de fraisage \u00e0 5 axes offre une pr\u00e9cision de traitement et une flexibilit\u00e9 extr\u00eamement \u00e9lev\u00e9es, en particulier pour les restaurations avec des formes, des profondeurs et des structures internes complexes. La combinaison parfaite avec l'\u00e9quipement VHF lui permet de fonctionner au mieux lors d'un traitement fin. Les fraises VHF sont id\u00e9ales pour la production en volume \u00e9lev\u00e9, en particulier lorsque l'usinage efficace et pr\u00e9cis est n\u00e9cessaire, comme la fabrication de restauration de routine dans les laboratoires dentaires ou la production normalis\u00e9e de restauration d'implants.<\/span><\/p>\n<div style=\"width: 800px;\" class=\"wp-video\"><video class=\"wp-video-shortcode\" id=\"video-3286-1\" width=\"800\" height=\"450\" preload=\"metadata\" controls=\"controls\"><source type=\"video\/mp4\" src=\"https:\/\/www.dentalxangtech.com\/wp-content\/uploads\/2024\/12\/VHF-k5-burs-video.mp4?_=1\" \/><a href=\"https:\/\/www.dentalxangtech.com\/wp-content\/uploads\/2024\/12\/VHF-k5-burs-video.mp4\">https:\/\/www.dentalxangtech.com\/wp-content\/uploads\/2024\/12\/VHF-k5-burs-video.mp4<\/a><\/video><\/div>","protected":false},"excerpt":{"rendered":"<p>VHF milling bur is suitable for VHF&#8217;s milling systems (such as K5, R5, etc.), and is highly compatible with VHF&#8217;s hardware and software systems, ensuring efficient milling performance and precise results. It provides high precision, high performance and long service life, and is particularly suitable for the processing of complex dental restorations and hard materials. [&hellip;]<\/p>\n","protected":false},"featured_media":3288,"template":"","meta":{"_acf_changed":false},"product_brand":[],"product_cat":[57],"product_tag":[],"class_list":{"0":"post-3286","1":"product","2":"type-product","3":"status-publish","4":"has-post-thumbnail","6":"product_cat-zirconia-milling-bur","8":"first","9":"instock","10":"shipping-taxable","11":"product-type-simple"},"acf":[],"_links":{"self":[{"href":"https:\/\/www.dentalxangtech.com\/fr\/wp-json\/wp\/v2\/product\/3286","targetHints":{"allow":["GET"]}}],"collection":[{"href":"https:\/\/www.dentalxangtech.com\/fr\/wp-json\/wp\/v2\/product"}],"about":[{"href":"https:\/\/www.dentalxangtech.com\/fr\/wp-json\/wp\/v2\/types\/product"}],"wp:featuredmedia":[{"embeddable":true,"href":"https:\/\/www.dentalxangtech.com\/fr\/wp-json\/wp\/v2\/media\/3288"}],"wp:attachment":[{"href":"https:\/\/www.dentalxangtech.com\/fr\/wp-json\/wp\/v2\/media?parent=3286"}],"wp:term":[{"taxonomy":"product_brand","embeddable":true,"href":"https:\/\/www.dentalxangtech.com\/fr\/wp-json\/wp\/v2\/product_brand?post=3286"},{"taxonomy":"product_cat","embeddable":true,"href":"https:\/\/www.dentalxangtech.com\/fr\/wp-json\/wp\/v2\/product_cat?post=3286"},{"taxonomy":"product_tag","embeddable":true,"href":"https:\/\/www.dentalxangtech.com\/fr\/wp-json\/wp\/v2\/product_tag?post=3286"}],"curies":[{"name":"WP","href":"https:\/\/api.w.org\/{rel}","templated":true}]}}