{"id":3301,"date":"2024-12-05T17:21:30","date_gmt":"2024-12-05T09:21:30","guid":{"rendered":"http\/\/www.dentalxangtech.com\/?post_type=product&#038;p=3301"},"modified":"2024-12-05T17:21:30","modified_gmt":"2024-12-05T09:21:30","slug":"mcx5-milling-bur","status":"publish","type":"product","link":"https:\/\/www.dentalxangtech.com\/fr\/product\/mcx5-milling-bur\/","title":{"rendered":"Bor de fraisage MCX5"},"content":{"rendered":"<p>Dans le monde de la technologie dentaire, la pr\u00e9cision et la durabilit\u00e9 ne sont pas seulement des pr\u00e9f\u00e9rences, ce sont des n\u00e9cessit\u00e9s. La brosse de fraise XANGTECH MCX5 illustre ces qualit\u00e9s, \u00e9tablissant une nouvelle norme de performance et de fiabilit\u00e9 dans les outils de fraise dentaire. Gr\u00e2ce \u00e0 son design innovant et \u00e0 sa construction robuste, ce bur est un changement de jeu pour les professionnels dentaires qui recherchent la pr\u00e9cision, l'efficacit\u00e9 et la long\u00e9vit\u00e9 dans leur travail. Le processus de production m\u00e9ticuleux garantit une uniformit\u00e9 et une coh\u00e9rence, permettant aux professionnels dentaires de reproduire les textures et contours naturels des dents avec une pr\u00e9cision in\u00e9gal\u00e9e. Cette attention accord\u00e9e \u00e0 la pr\u00e9cision minimise les erreurs et le retravail, ce qui permet de gagner du temps et des ressources tout en offrant des r\u00e9sultats sup\u00e9rieurs aux patients.<\/p>\n<p>La durabilit\u00e9 en est une autre pierre angulaire. Con\u00e7u \u00e0 partir de mat\u00e9riaux de qualit\u00e9 sup\u00e9rieure, ce bur est construit pour r\u00e9sister aux rigueurs de l'utilisation quotidienne dans des environnements \u00e0 forte demande. Sa r\u00e9silience r\u00e9duit la fr\u00e9quence des remplacements, offrant aux techniciens dentaires un outil fiable qui fonctionne constamment au fil du temps. Une telle durabilit\u00e9 am\u00e9liore non seulement la productivit\u00e9, mais repr\u00e9sente \u00e9galement une solution rentable pour les laboratoires et les cliniques dentaires. Ce qui la distingue vraiment, c\u2019est sa polyvalence. Con\u00e7u pour fonctionner sans faille avec une large gamme de fraises dentaires, il offre une solution universelle pour divers flux de travail. Cette adaptabilit\u00e9 permet aux professionnels dentaires de l\u2019int\u00e9grer facilement dans leurs syst\u00e8mes existants, am\u00e9liorant ainsi l\u2019efficacit\u00e9 op\u00e9rationnelle sans avoir besoin d\u2019ajustements importants. Pour les professionnels dentaires qui cherchent \u00e0 am\u00e9liorer leur m\u00e9tier, c\u2019est plus qu\u2019un outil, c\u2019est un partenaire de pr\u00e9cision, con\u00e7u pour faire ressortir le meilleur dans chaque restauration.<\/p>\n<p>1. Technologie de production avanc\u00e9e<br \/>\n2. Excellente qualit\u00e9 et durabilit\u00e9<br \/>\n3. Fait de mati\u00e8res premi\u00e8res \u00e0 haute r\u00e9sistance<\/p>","protected":false},"excerpt":{"rendered":"<p>In the world of dental technology, precision and durability are not just preferences\u2014they are necessities.XANGTECH MCX5 milling bur exemplifies these qualities, setting a new benchmark for performance and reliability in dental milling tools. With its innovative design and robust construction, this bur is a game-changer for dental professionals seeking accuracy, efficiency, and longevity in their [&hellip;]<\/p>\n","protected":false},"featured_media":3308,"template":"","meta":{"_acf_changed":false},"product_brand":[],"product_cat":[44],"product_tag":[],"class_list":{"0":"post-3301","1":"product","2":"type-product","3":"status-publish","4":"has-post-thumbnail","6":"product_cat-ceramic-glass","8":"first","9":"instock","10":"shipping-taxable","11":"product-type-simple"},"acf":[],"_links":{"self":[{"href":"https:\/\/www.dentalxangtech.com\/fr\/wp-json\/wp\/v2\/product\/3301","targetHints":{"allow":["GET"]}}],"collection":[{"href":"https:\/\/www.dentalxangtech.com\/fr\/wp-json\/wp\/v2\/product"}],"about":[{"href":"https:\/\/www.dentalxangtech.com\/fr\/wp-json\/wp\/v2\/types\/product"}],"wp:featuredmedia":[{"embeddable":true,"href":"https:\/\/www.dentalxangtech.com\/fr\/wp-json\/wp\/v2\/media\/3308"}],"wp:attachment":[{"href":"https:\/\/www.dentalxangtech.com\/fr\/wp-json\/wp\/v2\/media?parent=3301"}],"wp:term":[{"taxonomy":"product_brand","embeddable":true,"href":"https:\/\/www.dentalxangtech.com\/fr\/wp-json\/wp\/v2\/product_brand?post=3301"},{"taxonomy":"product_cat","embeddable":true,"href":"https:\/\/www.dentalxangtech.com\/fr\/wp-json\/wp\/v2\/product_cat?post=3301"},{"taxonomy":"product_tag","embeddable":true,"href":"https:\/\/www.dentalxangtech.com\/fr\/wp-json\/wp\/v2\/product_tag?post=3301"}],"curies":[{"name":"WP","href":"https:\/\/api.w.org\/{rel}","templated":true}]}}