{"id":3309,"date":"2024-12-06T16:01:50","date_gmt":"2024-12-06T08:01:50","guid":{"rendered":"http\/\/www.dentalxangtech.com\/?post_type=product&#038;p=3309"},"modified":"2024-12-06T16:11:58","modified_gmt":"2024-12-06T08:11:58","slug":"up-3d-milling-bur","status":"publish","type":"product","link":"https:\/\/www.dentalxangtech.com\/fr\/product\/up-3d-milling-bur\/","title":{"rendered":"Bur de fraisage 3D"},"content":{"rendered":"<p>Les borses de fraisage dentaire XANGTECH UP 3D sont un changement de jeu dans la restauration dentaire moderne, offrant un m\u00e9lange parfait de pr\u00e9cision, de durabilit\u00e9 et de polyvalence. Con\u00e7ues pour r\u00e9pondre aux besoins des professionnels dentaires dans le monde entier, ces borses sont compatibles avec tous les principaux syst\u00e8mes CAD\/CAM nationaux et internationaux, \u00e9liminant les probl\u00e8mes de compatibilit\u00e9 et garantissant une int\u00e9gration facile dans tout flux de travail. Fabriqu\u00e9 avec une ing\u00e9nierie avanc\u00e9e et des mat\u00e9riaux de haute qualit\u00e9, il excelle dans la fraisage de zirconie, offrant des r\u00e9sultats lisses et pr\u00e9cis pour une vari\u00e9t\u00e9 de restaurations dentaires. Des couronnes complexes aux ponts robustes, ces outils offrent la pr\u00e9cision n\u00e9cessaire m\u00eame pour les restaurations dentaires les plus complexes. Leur conception efficace assure des performances de coupe \u00e9lev\u00e9es, r\u00e9duisant le temps de fonctionnement tout en maintenant d'excellentes finitions de surface qui n\u00e9cessitent un post-traitement minimal.<\/p>\n<p>La durabilit\u00e9 est au c\u0153ur des borses de fraisage XANGTECH. Leur construction robuste prolonge la dur\u00e9e de vie des outils, ce qui en fait un choix fiable et rentable pour les cliniques dentaires et les laboratoires fr\u00e9quent\u00e9s. Cette durabilit\u00e9 se traduit par un nombre moindre de remplacements, assurant un fonctionnement ininterrompu et des co\u00fbts globaux plus bas. En combinant compatibilit\u00e9 universelle, pr\u00e9cision exceptionnelle et performance durable, il permet aux professionnels dentaires de fournir des r\u00e9sultats sup\u00e9rieurs avec efficacit\u00e9. Si vous&#8217; Re utilisant des \u00e9quipements domestiques ou import\u00e9s, ces bors \u00e9tablissent la norme pour la fraisage de zirconie, vous aidant \u00e0 r\u00e9aliser des restaurations de haut niveau avec confiance.<\/p>\n<p>1. Technologie avanc\u00e9e et haute pr\u00e9cision<br \/>\n2.Mat\u00e9riel de haute qualit\u00e9 avec une bonne durabilit\u00e9<br \/>\n3. Facile \u00e0 utiliser et \u00e0 simplifier le flux de travail<\/p>","protected":false},"excerpt":{"rendered":"<p>XANGTECH UP 3D dental milling burs are a game-changer in modern dental restoration, offering a seamless blend of precision, durability, and versatility. Designed to meet the needs of dental professionals worldwide, these burs are compatible with all major domestic and international CAD\/CAM systems, eliminating compatibility concerns and ensuring effortless integration into any workflow.Crafted with advanced [&hellip;]<\/p>\n","protected":false},"featured_media":3312,"template":"","meta":{"_acf_changed":false},"product_brand":[],"product_cat":[44],"product_tag":[],"class_list":{"0":"post-3309","1":"product","2":"type-product","3":"status-publish","4":"has-post-thumbnail","6":"product_cat-ceramic-glass","8":"first","9":"instock","10":"shipping-taxable","11":"product-type-simple"},"acf":[],"_links":{"self":[{"href":"https:\/\/www.dentalxangtech.com\/fr\/wp-json\/wp\/v2\/product\/3309","targetHints":{"allow":["GET"]}}],"collection":[{"href":"https:\/\/www.dentalxangtech.com\/fr\/wp-json\/wp\/v2\/product"}],"about":[{"href":"https:\/\/www.dentalxangtech.com\/fr\/wp-json\/wp\/v2\/types\/product"}],"wp:featuredmedia":[{"embeddable":true,"href":"https:\/\/www.dentalxangtech.com\/fr\/wp-json\/wp\/v2\/media\/3312"}],"wp:attachment":[{"href":"https:\/\/www.dentalxangtech.com\/fr\/wp-json\/wp\/v2\/media?parent=3309"}],"wp:term":[{"taxonomy":"product_brand","embeddable":true,"href":"https:\/\/www.dentalxangtech.com\/fr\/wp-json\/wp\/v2\/product_brand?post=3309"},{"taxonomy":"product_cat","embeddable":true,"href":"https:\/\/www.dentalxangtech.com\/fr\/wp-json\/wp\/v2\/product_cat?post=3309"},{"taxonomy":"product_tag","embeddable":true,"href":"https:\/\/www.dentalxangtech.com\/fr\/wp-json\/wp\/v2\/product_tag?post=3309"}],"curies":[{"name":"WP","href":"https:\/\/api.w.org\/{rel}","templated":true}]}}