{"id":3316,"date":"2024-12-07T16:18:40","date_gmt":"2024-12-07T08:18:40","guid":{"rendered":"http\/\/www.dentalxangtech.com\/?post_type=product&#038;p=3316"},"modified":"2024-12-07T16:18:40","modified_gmt":"2024-12-07T08:18:40","slug":"camdent-milling-bur","status":"publish","type":"product","link":"https:\/\/www.dentalxangtech.com\/fr\/product\/camdent-milling-bur\/","title":{"rendered":"Camdent Fraisage Bur"},"content":{"rendered":"<p><span style=\"font-family: arial, helvetica, sans-serif; font-size: 14pt;\">Les bornes de fraisage en zirconie Camdent sont coup\u00e9es en douceur et conviennent pour la finition et l'ajustement de la forme de diverses restaurations. Ils ont une efficacit\u00e9 de coupe \u00e9lev\u00e9e et conviennent \u00e0 la production de restaurations conventionnelles. Il convient \u00e0 une vari\u00e9t\u00e9 de marques d'\u00e9quipements, a une forte polyvalence et est largement utilis\u00e9 dans les \u00e9quipements dentaires portatifs ou les fraises communes. Compatible avec une vari\u00e9t\u00e9 de dispositifs et peut \u00eatre utilis\u00e9 avec une large gamme de syst\u00e8mes CAD\/CAM. Les bornes de fraisage en zirconie Camdent sont connues pour leurs performances co\u00fbteuses \u00e9lev\u00e9es et fiables, avec des performances co\u00fbteuses \u00e9lev\u00e9es, une longue dur\u00e9e de vie et une bonne r\u00e9sistance \u00e0 l'usure.<\/span><\/p>\n<p><span style=\"font-family: arial, helvetica, sans-serif; font-size: 14pt;\">Les burs de zirconie Camdent sont largement utilis\u00e9s dans les op\u00e9rations de restauration dentaire, notamment: ajustement de restauration de zirconie, utilis\u00e9 pour couper et ajuster les couronnes, incrustations, placages et autres restaurations en zirconie enti\u00e8rement en c\u00e9ramique; finition de bord de restauration, ajustement de densit\u00e9 de bord de coupe, optimisant l'effet de r\u00e9paration; sculpture de forme, d\u00e9tails de sculpture sur la restauration de zirconie pour correspondre au patient&#8217; forme de la dent; polissage de surface, fournissant un traitement lisse \u00e0 la surface de la restauration de zirconie, am\u00e9liorant l'esth\u00e9tique et le confort.<\/span><\/p>\n<div style=\"width: 800px;\" class=\"wp-video\"><video class=\"wp-video-shortcode\" id=\"video-3316-1\" width=\"800\" height=\"450\" preload=\"metadata\" controls=\"controls\"><source type=\"video\/mp4\" src=\"https:\/\/www.dentalxangtech.com\/wp-content\/uploads\/2024\/12\/video.mp4?_=1\" \/><a href=\"https:\/\/www.dentalxangtech.com\/wp-content\/uploads\/2024\/12\/video.mp4\">https:\/\/www.dentalxangtech.com\/wp-content\/uploads\/2024\/12\/video.mp4<\/a><\/video><\/div>","protected":false},"excerpt":{"rendered":"<p>Camdent zirconia milling burs cut smoothly and are suitable for the finishing and shape adjustment of various restorations. They have high cutting efficiency and are suitable for the production of conventional restorations. It is suitable for a variety of brands of equipment, has strong versatility, and is widely used in handheld dental equipment or common [&hellip;]<\/p>\n","protected":false},"featured_media":3318,"template":"","meta":{"_acf_changed":false},"product_brand":[],"product_cat":[57],"product_tag":[],"class_list":{"0":"post-3316","1":"product","2":"type-product","3":"status-publish","4":"has-post-thumbnail","6":"product_cat-zirconia-milling-bur","8":"first","9":"instock","10":"shipping-taxable","11":"product-type-simple"},"acf":[],"_links":{"self":[{"href":"https:\/\/www.dentalxangtech.com\/fr\/wp-json\/wp\/v2\/product\/3316","targetHints":{"allow":["GET"]}}],"collection":[{"href":"https:\/\/www.dentalxangtech.com\/fr\/wp-json\/wp\/v2\/product"}],"about":[{"href":"https:\/\/www.dentalxangtech.com\/fr\/wp-json\/wp\/v2\/types\/product"}],"wp:featuredmedia":[{"embeddable":true,"href":"https:\/\/www.dentalxangtech.com\/fr\/wp-json\/wp\/v2\/media\/3318"}],"wp:attachment":[{"href":"https:\/\/www.dentalxangtech.com\/fr\/wp-json\/wp\/v2\/media?parent=3316"}],"wp:term":[{"taxonomy":"product_brand","embeddable":true,"href":"https:\/\/www.dentalxangtech.com\/fr\/wp-json\/wp\/v2\/product_brand?post=3316"},{"taxonomy":"product_cat","embeddable":true,"href":"https:\/\/www.dentalxangtech.com\/fr\/wp-json\/wp\/v2\/product_cat?post=3316"},{"taxonomy":"product_tag","embeddable":true,"href":"https:\/\/www.dentalxangtech.com\/fr\/wp-json\/wp\/v2\/product_tag?post=3316"}],"curies":[{"name":"WP","href":"https:\/\/api.w.org\/{rel}","templated":true}]}}