{"id":3330,"date":"2024-12-09T16:03:08","date_gmt":"2024-12-09T08:03:08","guid":{"rendered":"http\/\/www.dentalxangtech.com\/?post_type=product&#038;p=3330"},"modified":"2024-12-09T16:03:08","modified_gmt":"2024-12-09T08:03:08","slug":"imes-icore-milling-bur","status":"publish","type":"product","link":"https:\/\/www.dentalxangtech.com\/fr\/product\/imes-icore-milling-bur\/","title":{"rendered":"Imes Icore Fraisage Bur"},"content":{"rendered":"<p><span style=\"font-family: arial, helvetica, sans-serif; font-size: 14pt;\">La borne de fraisage Imes Icore est un outil d'usinage dentaire et industriel de haute pr\u00e9cision con\u00e7u pour r\u00e9pondre aux exigences rigoureuses de d\u00e9tail dans la production de restaurations dentaires. Il peut atteindre une pr\u00e9cision d'usinage au niveau du micron pour les besoins de traitement de restaurations m\u00e9talliques complexes (tels que les ponts, les but\u00e9es d'implantation, etc.).<\/span><\/p>\n<p><span style=\"font-family: arial, helvetica, sans-serif; font-size: 14pt;\">Les borses de fraisage Imes Icore sont en acier tungst\u00e8ne haute r\u00e9sistance ou en acier alli\u00e9. Ils ont une duret\u00e9 et une t\u00e9nacit\u00e9 extr\u00eamement \u00e9lev\u00e9es et peuvent r\u00e9sister aux contraintes \u00e9lev\u00e9es et aux temp\u00e9ratures \u00e9lev\u00e9es pendant le traitement des m\u00e9taux. Pendant le processus de fraisage \u00e0 grande vitesse, l'outil maintient sa stabilit\u00e9 et sa nettet\u00e9. Pas facile \u00e0 d\u00e9grader.<\/span><\/p>\n<p><span style=\"font-family: arial, helvetica, sans-serif; font-size: 14pt;\">Les bornes de fraisage Imes Icore ont une forte compatibilit\u00e9 et sont pleinement compatibles avec diverses fraises CNC produites par imes-icore (telles que la s\u00e9rie CORiTEC), et conviennent \u00e9galement \u00e0 d'autres marques d'\u00e9quipements. Les aiguilles de tournage imes-icore ont des vitesses de coupe \u00e9lev\u00e9es et d'excellentes propri\u00e9t\u00e9s de dissipation de chaleur, ce qui r\u00e9duit consid\u00e9rablement les temps d'usinage. En raison de son mat\u00e9riau sup\u00e9rieur et de sa technologie de rev\u00eatement, sa dur\u00e9e de vie est g\u00e9n\u00e9ralement de 1,5 \u00e0 2 fois celle des outils ordinaires, en particulier lors du traitement de mat\u00e9riaux durs.<\/span><\/p>\n<div style=\"width: 800px;\" class=\"wp-video\"><video class=\"wp-video-shortcode\" id=\"video-3330-1\" width=\"800\" height=\"450\" preload=\"metadata\" controls=\"controls\"><source type=\"video\/mp4\" src=\"https:\/\/www.dentalxangtech.com\/wp-content\/uploads\/2024\/12\/Imes-Icore-Metal-Ball-end-D6.mp4?_=1\" \/><a href=\"https:\/\/www.dentalxangtech.com\/wp-content\/uploads\/2024\/12\/Imes-Icore-Metal-Ball-end-D6.mp4\">https:\/\/www.dentalxangtech.com\/wp-content\/uploads\/2024\/12\/Imes-Icore-Metal-Ball-end-D6.mp4<\/a><\/video><\/div>","protected":false},"excerpt":{"rendered":"<p>The Imes Icore milling bur is a high-precision dental and industrial machining tool designed to meet the stringent demands for detail in the production of dental restorations. It can achieve micron-level machining accuracy for complex metal restorations (such as bridges Implantation abutments, etc.) processing needs. The Imes Icore milling burs are made of high-strength tungsten [&hellip;]<\/p>\n","protected":false},"featured_media":3333,"template":"","meta":{"_acf_changed":false},"product_brand":[],"product_cat":[54],"product_tag":[],"class_list":{"0":"post-3330","1":"product","2":"type-product","3":"status-publish","4":"has-post-thumbnail","6":"product_cat-metal-milling-bur","8":"first","9":"instock","10":"shipping-taxable","11":"product-type-simple"},"acf":[],"_links":{"self":[{"href":"https:\/\/www.dentalxangtech.com\/fr\/wp-json\/wp\/v2\/product\/3330","targetHints":{"allow":["GET"]}}],"collection":[{"href":"https:\/\/www.dentalxangtech.com\/fr\/wp-json\/wp\/v2\/product"}],"about":[{"href":"https:\/\/www.dentalxangtech.com\/fr\/wp-json\/wp\/v2\/types\/product"}],"wp:featuredmedia":[{"embeddable":true,"href":"https:\/\/www.dentalxangtech.com\/fr\/wp-json\/wp\/v2\/media\/3333"}],"wp:attachment":[{"href":"https:\/\/www.dentalxangtech.com\/fr\/wp-json\/wp\/v2\/media?parent=3330"}],"wp:term":[{"taxonomy":"product_brand","embeddable":true,"href":"https:\/\/www.dentalxangtech.com\/fr\/wp-json\/wp\/v2\/product_brand?post=3330"},{"taxonomy":"product_cat","embeddable":true,"href":"https:\/\/www.dentalxangtech.com\/fr\/wp-json\/wp\/v2\/product_cat?post=3330"},{"taxonomy":"product_tag","embeddable":true,"href":"https:\/\/www.dentalxangtech.com\/fr\/wp-json\/wp\/v2\/product_tag?post=3330"}],"curies":[{"name":"WP","href":"https:\/\/api.w.org\/{rel}","templated":true}]}}