{"id":3355,"date":"2024-12-11T16:57:24","date_gmt":"2024-12-11T08:57:24","guid":{"rendered":"http\/\/www.dentalxangtech.com\/?post_type=product&#038;p=3355"},"modified":"2024-12-11T16:57:24","modified_gmt":"2024-12-11T08:57:24","slug":"xtcera-milling-bur","status":"publish","type":"product","link":"https:\/\/www.dentalxangtech.com\/fr\/product\/xtcera-milling-bur\/","title":{"rendered":"Bur de fraisage Xtcera"},"content":{"rendered":"<p>Les bornes de fraise Xtcera \u00e9tablissent une nouvelle norme dans la technologie de fraise dentaire, offrant une pr\u00e9cision, une efficacit\u00e9 et une durabilit\u00e9 in\u00e9gal\u00e9es. Fabriqu\u00e9es \u00e0 partir de mat\u00e9riau de tige de tungst\u00e8ne ultrafine, ces borses sont con\u00e7ues pour r\u00e9sister aux rigueurs de l'utilisation continue dans les laboratoires dentaires \u00e0 forte demande tout en offrant des r\u00e9sultats toujours sup\u00e9rieurs. L'utilisation de proc\u00e9d\u00e9s de fabrication avanc\u00e9s garantit que chaque borure est con\u00e7ue selon des normes exigeantes en mati\u00e8re de r\u00e9sistance, de nettet\u00e9 et de fiabilit\u00e9, ce qui en fait un outil indispensable pour les professionnels dentaires dans le monde entier. Sa composition exceptionnelle permet un broyage plus rapide, r\u00e9duisant consid\u00e9rablement les temps de production sans compromettre la qualit\u00e9 du produit final. Leurs performances de coupe avanc\u00e9es assurent une fraisage propre et lisse qui pr\u00e9serve l'int\u00e9grit\u00e9 du mat\u00e9riau et am\u00e9liore la pr\u00e9cision de chaque restauration. Que vous travailliez sur des restaurations complexes ou des t\u00e2ches de fraisage standard, ces borses excellent pour fournir des r\u00e9sultats pr\u00e9cis qui r\u00e9pondent aux normes les plus \u00e9lev\u00e9es de l'industrie.<\/p>\n<p>Ce qui la distingue est leur capacit\u00e9 \u00e0 frayer efficacement le mat\u00e9riel dentaire, offrant une polyvalence et une adaptabilit\u00e9 dans un large \u00e9ventail d'applications dentaires. Ces borses sont optimis\u00e9es pour manipuler facilement les mat\u00e9riaux les plus durs, en s'assurant qu'elles restent nettes et efficaces pendant de longues p\u00e9riodes d'utilisation. Leur conception haute performance minimise l'usure, r\u00e9duit le besoin de remplacements fr\u00e9quents et r\u00e9duit les co\u00fbts d'exploitation globaux. En plus de leur sup\u00e9riorit\u00e9 technique, les borses de fraisage Xtcera sont con\u00e7ues en tenant compte de l'utilisateur. Leur fiabilit\u00e9 exceptionnelle assure une exp\u00e9rience de fraisage sans couture, permettant aux professionnels dentaires de se concentrer sur la cr\u00e9ation de restaurations de haute qualit\u00e9 qui d\u00e9passent les attentes des patients. En combinant vitesse, pr\u00e9cision et durabilit\u00e9, il permet aux laboratoires dentaires d'atteindre une plus grande efficacit\u00e9 tout en maintenant une attention sans compromis aux d\u00e9tails.<\/p>\n<p><strong>Burs de fraisage 1.High qualit\u00e9.<\/strong><\/p>\n<p><strong>2.Particules ultrafines de mat\u00e9riau de tige de tungst\u00e8ne.<\/strong><\/p>\n<p><strong>3.Grinding plus rapide pour fraiser le mat\u00e9riel dentaire.<\/strong><\/p>\n<div style=\"width: 800px;\" class=\"wp-video\"><video class=\"wp-video-shortcode\" id=\"video-3355-1\" width=\"800\" height=\"450\" preload=\"metadata\" controls=\"controls\"><source type=\"video\/mp4\" src=\"https:\/\/www.dentalxangtech.com\/wp-content\/uploads\/2024\/12\/XANGTECH-Dental-XTCERA-600-WET-Milling-Bur.mp4?_=1\" \/><a href=\"https:\/\/www.dentalxangtech.com\/wp-content\/uploads\/2024\/12\/XANGTECH-Dental-XTCERA-600-WET-Milling-Bur.mp4\">https:\/\/www.dentalxangtech.com\/wp-content\/uploads\/2024\/12\/XANGTECH-Dental-XTCERA-600-WET-Milling-Bur.mp4<\/a><\/video><\/div>","protected":false},"excerpt":{"rendered":"<p>Xtcera milling burs set a new standard in dental milling technology, offering unmatched precision, efficiency, and durability. Crafted from ultrafine tungsten rod material, these burs are designed to withstand the rigors of continuous use in high-demand dental laboratories while delivering consistently superior results. The use of advanced manufacturing processes ensures that each bur is engineered [&hellip;]<\/p>\n","protected":false},"featured_media":3359,"template":"","meta":{"_acf_changed":false},"product_brand":[],"product_cat":[44],"product_tag":[],"class_list":{"0":"post-3355","1":"product","2":"type-product","3":"status-publish","4":"has-post-thumbnail","6":"product_cat-ceramic-glass","8":"first","9":"instock","10":"shipping-taxable","11":"product-type-simple"},"acf":[],"_links":{"self":[{"href":"https:\/\/www.dentalxangtech.com\/fr\/wp-json\/wp\/v2\/product\/3355","targetHints":{"allow":["GET"]}}],"collection":[{"href":"https:\/\/www.dentalxangtech.com\/fr\/wp-json\/wp\/v2\/product"}],"about":[{"href":"https:\/\/www.dentalxangtech.com\/fr\/wp-json\/wp\/v2\/types\/product"}],"wp:featuredmedia":[{"embeddable":true,"href":"https:\/\/www.dentalxangtech.com\/fr\/wp-json\/wp\/v2\/media\/3359"}],"wp:attachment":[{"href":"https:\/\/www.dentalxangtech.com\/fr\/wp-json\/wp\/v2\/media?parent=3355"}],"wp:term":[{"taxonomy":"product_brand","embeddable":true,"href":"https:\/\/www.dentalxangtech.com\/fr\/wp-json\/wp\/v2\/product_brand?post=3355"},{"taxonomy":"product_cat","embeddable":true,"href":"https:\/\/www.dentalxangtech.com\/fr\/wp-json\/wp\/v2\/product_cat?post=3355"},{"taxonomy":"product_tag","embeddable":true,"href":"https:\/\/www.dentalxangtech.com\/fr\/wp-json\/wp\/v2\/product_tag?post=3355"}],"curies":[{"name":"WP","href":"https:\/\/api.w.org\/{rel}","templated":true}]}}