{"id":3363,"date":"2024-12-12T16:31:35","date_gmt":"2024-12-12T08:31:35","guid":{"rendered":"http\/\/www.dentalxangtech.com\/?post_type=product&#038;p=3363"},"modified":"2024-12-12T16:31:35","modified_gmt":"2024-12-12T08:31:35","slug":"dental-plus-milling-bur","status":"publish","type":"product","link":"https:\/\/www.dentalxangtech.com\/fr\/product\/dental-plus-milling-bur\/","title":{"rendered":"Dental Plus Fraisage Bur"},"content":{"rendered":"<p>Dans le monde dynamique de la dentisterie, o\u00f9 la pr\u00e9cision et l'efficacit\u00e9 sont primordiales, les borses de fraise XANGTECH Dental Plus sont devenues un choix de premier plan pour les professionnels recherchant une fiabilit\u00e9 et des performances sup\u00e9rieures. Ces outils incarnent un m\u00e9lange d\u2019ing\u00e9nierie avanc\u00e9e et de fonctionnalit\u00e9s pratiques, ce qui les rend indispensables dans les proc\u00e9dures dentaires restauratives. Au c\u0153ur des borses de fraisage Dental Plus se trouve leur pr\u00e9cision exceptionnelle, obtenue gr\u00e2ce \u00e0 des processus de production m\u00e9ticuleux. Ces outils sont fabriqu\u00e9s \u00e0 l'aide de techniques innovantes d'\u00e9lectroplastage et de rev\u00eatement multi-couches, qui assurent une performance de coupe constante. Leur capacit\u00e9 \u00e0 manipuler divers mat\u00e9riaux tels que la zirconie, la c\u00e9ramique et les m\u00e9taux souligne leur polyvalence, ce qui les rend adapt\u00e9s \u00e0 un large \u00e9ventail de restaurations dentaires, y compris les couronnes, les ponts et les placages. La conception de ces borses permet une \u00e9limination fluide et d\u00e9taill\u00e9e du mat\u00e9riau, permettant la cr\u00e9ation de restaurations qui imitent \u00e9troitement les dents naturelles en apparence et en fonction.<\/p>\n<p>Il est con\u00e7u avec une attention m\u00e9ticuleuse aux d\u00e9tails. Fabriqu\u00e9s \u00e0 l'aide de technologies de pointe, ces borses pr\u00e9sentent des rev\u00eatements denses et multicouches en carbure de tungst\u00e8ne ou en particules de diamant. Cette conception am\u00e9liore leur efficacit\u00e9 de coupe tout en garantissant leur durabilit\u00e9. Le r\u00e9sultat est un outil capable d'ex\u00e9cuter les designs les plus complexes avec une pr\u00e9cision impeccable, permettant des restaurations qui imitent de pr\u00e8s l'apparence et la fonction des dents naturelles. De plus, ces bornes de fraisage sont soumises \u00e0 des processus rigoureux d\u2019assurance qualit\u00e9. Chaque outil est soumis \u00e0 des inspections de mesure laser et \u00e0 des tests de performance de coupe, pour s'assurer qu'il r\u00e9pond aux normes les plus \u00e9lev\u00e9es de fiabilit\u00e9 et de pr\u00e9cision. Cet engagement envers la qualit\u00e9 se traduit par des r\u00e9sultats pr\u00e9visibles et coh\u00e9rents, permettant aux professionnels dentaires d\u2019obtenir des r\u00e9sultats exceptionnels.<\/p>\n<p><strong>1. Simple et facile \u00e0 utiliser<\/strong><br \/>\n<strong>2. Mat\u00e9riel dur avec une excellente qualit\u00e9<\/strong><br \/>\n<strong>3. Large gamme d'application<\/strong><\/p>\n<div style=\"width: 800px;\" class=\"wp-video\"><video class=\"wp-video-shortcode\" id=\"video-3363-1\" width=\"800\" height=\"450\" preload=\"metadata\" controls=\"controls\"><source type=\"video\/mp4\" src=\"https:\/\/www.dentalxangtech.com\/wp-content\/uploads\/2024\/12\/dental-plus.mp4?_=1\" \/><a href=\"https:\/\/www.dentalxangtech.com\/wp-content\/uploads\/2024\/12\/dental-plus.mp4\">https:\/\/www.dentalxangtech.com\/wp-content\/uploads\/2024\/12\/dental-plus.mp4<\/a><\/video><\/div>","protected":false},"excerpt":{"rendered":"<p>In the dynamic world of dentistry, where accuracy and efficiency are paramount, XANGTECH Dental Plus milling burs have emerged as a leading choice for professionals seeking reliability and superior performance. These tools embody a blend of advanced engineering and practical functionality, making them indispensable in restorative dental procedures.At the heart of Dental Plus milling burs [&hellip;]<\/p>\n","protected":false},"featured_media":3368,"template":"","meta":{"_acf_changed":false},"product_brand":[],"product_cat":[44],"product_tag":[],"class_list":{"0":"post-3363","1":"product","2":"type-product","3":"status-publish","4":"has-post-thumbnail","6":"product_cat-ceramic-glass","8":"first","9":"instock","10":"shipping-taxable","11":"product-type-simple"},"acf":[],"_links":{"self":[{"href":"https:\/\/www.dentalxangtech.com\/fr\/wp-json\/wp\/v2\/product\/3363","targetHints":{"allow":["GET"]}}],"collection":[{"href":"https:\/\/www.dentalxangtech.com\/fr\/wp-json\/wp\/v2\/product"}],"about":[{"href":"https:\/\/www.dentalxangtech.com\/fr\/wp-json\/wp\/v2\/types\/product"}],"wp:featuredmedia":[{"embeddable":true,"href":"https:\/\/www.dentalxangtech.com\/fr\/wp-json\/wp\/v2\/media\/3368"}],"wp:attachment":[{"href":"https:\/\/www.dentalxangtech.com\/fr\/wp-json\/wp\/v2\/media?parent=3363"}],"wp:term":[{"taxonomy":"product_brand","embeddable":true,"href":"https:\/\/www.dentalxangtech.com\/fr\/wp-json\/wp\/v2\/product_brand?post=3363"},{"taxonomy":"product_cat","embeddable":true,"href":"https:\/\/www.dentalxangtech.com\/fr\/wp-json\/wp\/v2\/product_cat?post=3363"},{"taxonomy":"product_tag","embeddable":true,"href":"https:\/\/www.dentalxangtech.com\/fr\/wp-json\/wp\/v2\/product_tag?post=3363"}],"curies":[{"name":"WP","href":"https:\/\/api.w.org\/{rel}","templated":true}]}}