{"id":3371,"date":"2024-12-13T17:02:06","date_gmt":"2024-12-13T09:02:06","guid":{"rendered":"http\/\/www.dentalxangtech.com\/?post_type=product&#038;p=3371"},"modified":"2024-12-13T17:02:06","modified_gmt":"2024-12-13T09:02:06","slug":"zotion-milling-bur","status":"publish","type":"product","link":"https:\/\/www.dentalxangtech.com\/fr\/product\/zotion-milling-bur\/","title":{"rendered":"Bur de fraisage Zotion"},"content":{"rendered":"<p>Le domaine de la dentisterie a connu des progr\u00e8s remarquables au fil des ans, avec des outils et des technologies de plus en plus sophistiqu\u00e9s pour r\u00e9pondre aux exigences de pr\u00e9cision, d'efficacit\u00e9 et de durabilit\u00e9. Parmi ces avanc\u00e9es, les borses de fraisage XANGTECH Zotion se sont \u00e9tablies comme une pierre angulaire des processus de restauration dentaire modernes, offrant une fiabilit\u00e9 et des performances in\u00e9gal\u00e9es pour les professionnels dentaires dans le monde entier. Fabriqu\u00e9 en carbure de tungst\u00e8ne ultrafin, il illustre la fusion de la science des mat\u00e9riaux avanc\u00e9e et de l'ing\u00e9nierie de pointe. Leur construction robuste assure une durabilit\u00e9 exceptionnelle, ce qui les rend capables de r\u00e9sister aux rigueurs de l'utilisation continue dans les laboratoires et les cliniques dentaires. Que ce soit le fraisage de zirconie, de PMMA, de cire ou m\u00eame de m\u00e9tal, ces bornes maintiennent leur nettet\u00e9 et leur int\u00e9grit\u00e9 structurelle, assurant une pr\u00e9cision constante au fil du temps. Cette long\u00e9vit\u00e9 r\u00e9duit non seulement la fr\u00e9quence de remplacement, mais contribue \u00e9galement \u00e0 l'efficacit\u00e9 des co\u00fbts, un facteur critique dans les environnements \u00e0 forte demande.<\/p>\n<p>Leurs bords de coupe m\u00e9ticuleusement con\u00e7us permettent aux professionnels dentaires d'obtenir des d\u00e9tails complexes et des finitions lisses, essentiels pour cr\u00e9er des restaurations qui reproduisent l'anatomie naturelle des dents. Des couronnes et des ponts aux structures implantaires complexes, les burses Zotion assurent que chaque restauration r\u00e9pond aux normes les plus \u00e9lev\u00e9es de pr\u00e9cision et d'attrait esth\u00e9tique. Ce niveau de pr\u00e9cision se traduit par de meilleurs r\u00e9sultats pour les patients, car les restaurations s'adaptent parfaitement et offrent un confort et une fonctionnalit\u00e9 sup\u00e9rieurs. Une autre caract\u00e9ristique caract\u00e9ristique est leur polyvalence. Con\u00e7ues pour s'int\u00e9grer sans faille \u00e0 une large gamme de fraises dentaires, elles s'adaptent facilement \u00e0 divers syst\u00e8mes CAO\/CAM utilis\u00e9s dans la dentisterie moderne. Cette adaptabilit\u00e9 simplifie les flux de travail des laboratoires dentaires, permettant aux techniciens de se concentrer sur la production de restaurations de haute qualit\u00e9 sans se soucier des probl\u00e8mes de compatibilit\u00e9. En outre, l\u2019ing\u00e9nierie avanc\u00e9e des burs permet une fraisage \u00e0 grande vitesse, r\u00e9duisant consid\u00e9rablement les temps de traitement tout en maintenant les d\u00e9tails complexes requis pour les proth\u00e8ses dentaires.<\/p>\n<p>Son excellence s\u2019\u00e9tend au-del\u00e0 de ses attributs physiques. Ils repr\u00e9sentent un engagement envers l\u2019innovation et la qualit\u00e9, chaque outil \u00e9tant soumis \u00e0 des tests rigoureux pour r\u00e9pondre \u00e0 des normes internationales rigoureuses. Ce d\u00e9vouement garantit que chaque bur ne se produit pas seulement exceptionnellement, mais incarne \u00e9galement la confiance et la fiabilit\u00e9 que les professionnels dentaires attendent de leurs outils. Son investissement continu dans la recherche et le d\u00e9veloppement souligne sa mission de fournir des solutions qui am\u00e9liorent l\u2019efficacit\u00e9, la pr\u00e9cision et la satisfaction des patients dans les soins dentaires.<\/p>","protected":false},"excerpt":{"rendered":"<p>The field of dentistry has witnessed remarkable advancements over the years, with tools and technologies becoming increasingly sophisticated to meet the demands of precision, efficiency, and durability. Among these advancements,XANGTECH Zotion milling burs have established themselves as a cornerstone of modern dental restoration processes, offering unmatched reliability and performance for dental professionals worldwide.Crafted from ultrafine [&hellip;]<\/p>\n","protected":false},"featured_media":3376,"template":"","meta":{"_acf_changed":false},"product_brand":[],"product_cat":[44],"product_tag":[],"class_list":{"0":"post-3371","1":"product","2":"type-product","3":"status-publish","4":"has-post-thumbnail","6":"product_cat-ceramic-glass","8":"first","9":"instock","10":"shipping-taxable","11":"product-type-simple"},"acf":[],"_links":{"self":[{"href":"https:\/\/www.dentalxangtech.com\/fr\/wp-json\/wp\/v2\/product\/3371","targetHints":{"allow":["GET"]}}],"collection":[{"href":"https:\/\/www.dentalxangtech.com\/fr\/wp-json\/wp\/v2\/product"}],"about":[{"href":"https:\/\/www.dentalxangtech.com\/fr\/wp-json\/wp\/v2\/types\/product"}],"wp:featuredmedia":[{"embeddable":true,"href":"https:\/\/www.dentalxangtech.com\/fr\/wp-json\/wp\/v2\/media\/3376"}],"wp:attachment":[{"href":"https:\/\/www.dentalxangtech.com\/fr\/wp-json\/wp\/v2\/media?parent=3371"}],"wp:term":[{"taxonomy":"product_brand","embeddable":true,"href":"https:\/\/www.dentalxangtech.com\/fr\/wp-json\/wp\/v2\/product_brand?post=3371"},{"taxonomy":"product_cat","embeddable":true,"href":"https:\/\/www.dentalxangtech.com\/fr\/wp-json\/wp\/v2\/product_cat?post=3371"},{"taxonomy":"product_tag","embeddable":true,"href":"https:\/\/www.dentalxangtech.com\/fr\/wp-json\/wp\/v2\/product_tag?post=3371"}],"curies":[{"name":"WP","href":"https:\/\/api.w.org\/{rel}","templated":true}]}}