{"id":3387,"date":"2024-12-17T15:27:44","date_gmt":"2024-12-17T07:27:44","guid":{"rendered":"http\/\/www.dentalxangtech.com\/?post_type=product&#038;p=3387"},"modified":"2024-12-17T15:27:44","modified_gmt":"2024-12-17T07:27:44","slug":"wieland-milling-bur","status":"publish","type":"product","link":"https:\/\/www.dentalxangtech.com\/fr\/product\/wieland-milling-bur\/","title":{"rendered":"Wieland Fraisage Bur"},"content":{"rendered":"<p><span style=\"font-family: arial, helvetica, sans-serif; font-size: 14pt;\">Les borses de fraisage Wieland sont polyvalentes, adapt\u00e9es aux laboratoires dentaires et aux syst\u00e8mes de production plus grands. Ils peuvent broyer des blocs de zirconium, de cire, de PMMA, de composites et de c\u00e9ramiques hybrides. Les borses de fraisage Wieland sont des borses en carbure de haute qualit\u00e9, elles sont disponibles avec des aiguilles rev\u00eatues de diamant, qui sont durables et r\u00e9sistantes \u00e0 l'usure, et conviennent \u00e0 des mat\u00e9riaux durs tels que la zirconie. Ils ont une grande pr\u00e9cision pour les g\u00e9om\u00e9tries complexes et sont con\u00e7us pour la fraisage de couronne et de pont de haut d\u00e9tail. Excellente qualit\u00e9 de surface, en particulier avec des bornes rev\u00eatues de diamant.<\/span><\/p>\n<p><span style=\"font-family: arial, helvetica, sans-serif; font-size: 14pt;\">Les bornes de fraisage Wieland sont fabriqu\u00e9es avec une technologie de pr\u00e9cision, et la qualit\u00e9 et la stabilit\u00e9 des bornes sont extr\u00eamement \u00e9lev\u00e9es. Longue dur\u00e9e de vie, maintenir la force de coupe et r\u00e9duire le co\u00fbt du remplacement fr\u00e9quent. Bon effet de coupe, court temps de fonctionnement et am\u00e9lioration de l'efficacit\u00e9 du travail. Le traitement de surface uniforme r\u00e9duit la g\u00e9n\u00e9ration de chaleur et prot\u00e8ge le patient&#8217; tissu dentaire.<\/span><\/p>\n<p><span style=\"font-family: arial, helvetica, sans-serif; font-size: 14pt;\">La borne de fraisage Wieland est non seulement compatible avec Wieland&#8217; s syst\u00e8me Zenotec mais prend \u00e9galement en charge d'autres fraises CAD\/CAM ouvertes avec des interfaces standard. Il est durable et donc rentable \u00e0 long terme dans les grands laboratoires.<\/span><\/p>\n<div style=\"width: 800px;\" class=\"wp-video\"><video class=\"wp-video-shortcode\" id=\"video-3387-1\" width=\"800\" height=\"450\" preload=\"metadata\" controls=\"controls\"><source type=\"video\/mp4\" src=\"https:\/\/www.dentalxangtech.com\/wp-content\/uploads\/2024\/12\/wieland-mini-dlc-milling-bur-video.mp4?_=1\" \/><a href=\"https:\/\/www.dentalxangtech.com\/wp-content\/uploads\/2024\/12\/wieland-mini-dlc-milling-bur-video.mp4\">https:\/\/www.dentalxangtech.com\/wp-content\/uploads\/2024\/12\/wieland-mini-dlc-milling-bur-video.mp4<\/a><\/video><\/div>","protected":false},"excerpt":{"rendered":"<p>Wieland milling burs are versatile, suitable for dental labs and larger production systems. They can mill zirconium block, wax, PMMA, composites and hybrid ceramics. Wieland milling burs are high-quality carbide burs, they are available with diamond-coated needles, which are durable and wear-resistant, and suitable for hard materials such as zirconia.They have high precision for complex [&hellip;]<\/p>\n","protected":false},"featured_media":3389,"template":"","meta":{"_acf_changed":false},"product_brand":[],"product_cat":[57],"product_tag":[],"class_list":{"0":"post-3387","1":"product","2":"type-product","3":"status-publish","4":"has-post-thumbnail","6":"product_cat-zirconia-milling-bur","8":"first","9":"instock","10":"shipping-taxable","11":"product-type-simple"},"acf":[],"_links":{"self":[{"href":"https:\/\/www.dentalxangtech.com\/fr\/wp-json\/wp\/v2\/product\/3387","targetHints":{"allow":["GET"]}}],"collection":[{"href":"https:\/\/www.dentalxangtech.com\/fr\/wp-json\/wp\/v2\/product"}],"about":[{"href":"https:\/\/www.dentalxangtech.com\/fr\/wp-json\/wp\/v2\/types\/product"}],"wp:featuredmedia":[{"embeddable":true,"href":"https:\/\/www.dentalxangtech.com\/fr\/wp-json\/wp\/v2\/media\/3389"}],"wp:attachment":[{"href":"https:\/\/www.dentalxangtech.com\/fr\/wp-json\/wp\/v2\/media?parent=3387"}],"wp:term":[{"taxonomy":"product_brand","embeddable":true,"href":"https:\/\/www.dentalxangtech.com\/fr\/wp-json\/wp\/v2\/product_brand?post=3387"},{"taxonomy":"product_cat","embeddable":true,"href":"https:\/\/www.dentalxangtech.com\/fr\/wp-json\/wp\/v2\/product_cat?post=3387"},{"taxonomy":"product_tag","embeddable":true,"href":"https:\/\/www.dentalxangtech.com\/fr\/wp-json\/wp\/v2\/product_tag?post=3387"}],"curies":[{"name":"WP","href":"https:\/\/api.w.org\/{rel}","templated":true}]}}