{"id":3398,"date":"2024-12-18T17:07:08","date_gmt":"2024-12-18T09:07:08","guid":{"rendered":"http\/\/www.dentalxangtech.com\/?post_type=product&#038;p=3398"},"modified":"2024-12-18T17:07:08","modified_gmt":"2024-12-18T09:07:08","slug":"bsm-milling-bur","status":"publish","type":"product","link":"https:\/\/www.dentalxangtech.com\/fr\/product\/bsm-milling-bur\/","title":{"rendered":"Bur de fraisage BSM"},"content":{"rendered":"<p>Le XANGTECH Dental BSM Milling Bur est une solution de fraisage avanc\u00e9e con\u00e7ue pour r\u00e9pondre aux normes les plus \u00e9lev\u00e9es de performance, de pr\u00e9cision et de fiabilit\u00e9 dans l'industrie dentaire. Con\u00e7u \u00e0 l'aide de mat\u00e9riau de tige de tungst\u00e8ne ultrafine, il offre une durabilit\u00e9 exceptionnelle et une r\u00e9sistance \u00e0 l'usure, assurant des r\u00e9sultats coh\u00e9rents sur de longues p\u00e9riodes d'utilisation. Son efficacit\u00e9 de coupe sup\u00e9rieure r\u00e9duit consid\u00e9rablement le temps de fraisage, ce qui en fait un choix id\u00e9al pour les laboratoires et cliniques dentaires occup\u00e9s. Cette borne de fraisage haute performance est con\u00e7ue pour la polyvalence, capable de traiter une large gamme de mat\u00e9riaux, y compris la zirconie, le PMMA, la c\u00e9ramique et les blocs m\u00e9talliques. Il offre des coupes lisses et pr\u00e9cises, assurant une finition impeccable pour les restaurations dentaires telles que les couronnes, les ponts et les proth\u00e8ses implant\u00e9es. Avec une conception soigneusement con\u00e7ue, il offre une vitesse de broyage am\u00e9lior\u00e9e tout en conservant le d\u00e9tail requis pour les restaurations dentaires complexes.<\/p>\n<p>Enti\u00e8rement compatible avec les principaux syst\u00e8mes CAD\/CAM, y compris les fraiseuses avanc\u00e9es, ce bur r\u00e9pond aux normes internationales de tol\u00e9rance strictes, garantissant la pr\u00e9cision et la fiabilit\u00e9. Sa compatibilit\u00e9 et sa pr\u00e9cision en font un outil essentiel pour obtenir des r\u00e9sultats sup\u00e9rieurs dans divers projets de restauration. Il est disponible en plusieurs diam\u00e8tres de t\u00eate pour r\u00e9pondre \u00e0 une vari\u00e9t\u00e9 de besoins de fraisage, garantissant une flexibilit\u00e9 dans la restauration artisanale avec un ajustement et une esth\u00e9tique optimales. En r\u00e9duisant l'usure des fraiseuses et en am\u00e9liorant l'efficacit\u00e9 op\u00e9rationnelle, elle offre une valeur exceptionnelle aux professionnels dentaires. Qu'il soit utilis\u00e9 pour fraiser des cadres de zirconie, des prototypes PMMA ou des sous-structures m\u00e9talliques, il assure une qualit\u00e9 sup\u00e9rieure et des performances rentables.<\/p>\n<p>Con\u00e7u pour les professionnels qui exigent la pr\u00e9cision, la durabilit\u00e9 et la fiabilit\u00e9, il est un outil de confiance dans les flux de travail modernes de restauration dentaire. Il combine l'ing\u00e9nierie de pointe avec des mat\u00e9riaux innovants pour fournir des r\u00e9sultats qui r\u00e9pondent et d\u00e9passent les attentes des laboratoires et cliniques dentaires dans le monde entier. Choisissez XANGTECH pour une exp\u00e9rience de fraisage in\u00e9gal\u00e9e qui am\u00e9liore la productivit\u00e9, la pr\u00e9cision et la satisfaction du patient.<\/p>","protected":false},"excerpt":{"rendered":"<p>The XANGTECH Dental BSM Milling Bur is an advanced milling solution designed to meet the highest standards of performance, precision, and reliability in the dental industry. Engineered using ultrafine tungsten rod material, it offers exceptional durability and wear resistance, ensuring consistent results over extended periods of use. Its superior cutting efficiency significantly reduces milling time, [&hellip;]<\/p>\n","protected":false},"featured_media":3399,"template":"","meta":{"_acf_changed":false},"product_brand":[],"product_cat":[44],"product_tag":[],"class_list":{"0":"post-3398","1":"product","2":"type-product","3":"status-publish","4":"has-post-thumbnail","6":"product_cat-ceramic-glass","8":"first","9":"instock","10":"shipping-taxable","11":"product-type-simple"},"acf":[],"_links":{"self":[{"href":"https:\/\/www.dentalxangtech.com\/fr\/wp-json\/wp\/v2\/product\/3398","targetHints":{"allow":["GET"]}}],"collection":[{"href":"https:\/\/www.dentalxangtech.com\/fr\/wp-json\/wp\/v2\/product"}],"about":[{"href":"https:\/\/www.dentalxangtech.com\/fr\/wp-json\/wp\/v2\/types\/product"}],"wp:featuredmedia":[{"embeddable":true,"href":"https:\/\/www.dentalxangtech.com\/fr\/wp-json\/wp\/v2\/media\/3399"}],"wp:attachment":[{"href":"https:\/\/www.dentalxangtech.com\/fr\/wp-json\/wp\/v2\/media?parent=3398"}],"wp:term":[{"taxonomy":"product_brand","embeddable":true,"href":"https:\/\/www.dentalxangtech.com\/fr\/wp-json\/wp\/v2\/product_brand?post=3398"},{"taxonomy":"product_cat","embeddable":true,"href":"https:\/\/www.dentalxangtech.com\/fr\/wp-json\/wp\/v2\/product_cat?post=3398"},{"taxonomy":"product_tag","embeddable":true,"href":"https:\/\/www.dentalxangtech.com\/fr\/wp-json\/wp\/v2\/product_tag?post=3398"}],"curies":[{"name":"WP","href":"https:\/\/api.w.org\/{rel}","templated":true}]}}