{"id":3405,"date":"2024-12-19T14:26:56","date_gmt":"2024-12-19T06:26:56","guid":{"rendered":"http\/\/www.dentalxangtech.com\/?post_type=product&#038;p=3405"},"modified":"2024-12-19T14:29:30","modified_gmt":"2024-12-19T06:29:30","slug":"programill-dry-milling-bur","status":"publish","type":"product","link":"https:\/\/www.dentalxangtech.com\/fr\/product\/programill-dry-milling-bur\/","title":{"rendered":"Bur de fraisage sec PrograMill"},"content":{"rendered":"<p><span style=\"font-family: arial, helvetica, sans-serif; font-size: 14pt;\">PrograMill Milling Bur est \u00e9troitement adapt\u00e9 aux fraiseuses de la s\u00e9rie Programill (telles que PM7, PM5, etc.). Il est con\u00e7u sur mesure pour les \u00e9quipements Amann Girrbach, qui peuvent optimiser pleinement les performances des \u00e9quipements et convient particuli\u00e8rement aux laboratoires dentaires haut de gamme et aux traitements de restauration complexes. Il utilise du carbure ciment\u00e9 de haute qualit\u00e9, fonctionne bien dans des conditions de temp\u00e9rature \u00e9lev\u00e9e, convient au traitement des m\u00e9taux \u00e0 grande vitesse et offre une haute r\u00e9sistance \u00e0 l'usure et \u00e0 l'oxydation; Certains mod\u00e8les utilisent du carbone semblable au diamant, sp\u00e9cialement con\u00e7u pour les mat\u00e9riaux \u00e0 haute duret\u00e9 (tels que la porcelaine au zirconium) pour r\u00e9duire la g\u00e9n\u00e9ration de fissures lors de la coupe. La technologie de rev\u00eatement optimise la r\u00e9sistance \u00e0 l'usure et \u00e0 la chaleur et prolonge la dur\u00e9e de vie de l'outil. Convient au traitement \u00e0 grande vitesse, r\u00e9duisant les vibrations et am\u00e9liorant l'efficacit\u00e9 de la production.<\/span><\/p>\n<p><span style=\"font-family: arial, helvetica, sans-serif; font-size: 14pt;\">PrograMill Milling Bur a une longue dur\u00e9e de vie, une forte stabilit\u00e9 de traitement et un haut rapport co\u00fbt-efficacit\u00e9 global. Il convient aux utilisateurs qui recherchent la pr\u00e9cision. Il est con\u00e7u pour des restaurations de haute pr\u00e9cision et convient au traitement de couronnes, de ponts, de but\u00e9es d'implants et d'autres restaurations haut de gamme.<\/span><\/p>\n<p><span style=\"font-family: arial, helvetica, sans-serif; font-size: 14pt;\">Les bornes de fraisage PrograMill conviennent mieux aux laboratoires dentaires ayant des exigences de haute pr\u00e9cision, en particulier lors du traitement de mat\u00e9riaux \u00e0 haute duret\u00e9 (tels que la porcelaine au zirconium). Ils sont le premier choix pour les utilisateurs d'\u00e9quipements Amann Girrbach.<\/span><\/p>\n<div style=\"width: 800px;\" class=\"wp-video\"><video class=\"wp-video-shortcode\" id=\"video-3405-1\" width=\"800\" height=\"450\" preload=\"metadata\" controls=\"controls\"><source type=\"video\/mp4\" src=\"https:\/\/www.dentalxangtech.com\/wp-content\/uploads\/2024\/12\/PM-dry-milling-bur-video.mp4?_=1\" \/><a href=\"https:\/\/www.dentalxangtech.com\/wp-content\/uploads\/2024\/12\/PM-dry-milling-bur-video.mp4\">https:\/\/www.dentalxangtech.com\/wp-content\/uploads\/2024\/12\/PM-dry-milling-bur-video.mp4<\/a><\/video><\/div>\n<p>D<\/p>","protected":false},"excerpt":{"rendered":"<p>PrograMill Milling Bur is closely matched with the Programill series milling machines (such as PM7, PM5, etc.). It is tailor-made for Amann Girrbach equipment, which can give full play to the performance of the equipment and is particularly suitable for high-end dental laboratories and complex restoration processing. It uses high-quality cemented carbide, performs well under [&hellip;]<\/p>\n","protected":false},"featured_media":3407,"template":"","meta":{"_acf_changed":false},"product_brand":[],"product_cat":[44],"product_tag":[],"class_list":{"0":"post-3405","1":"product","2":"type-product","3":"status-publish","4":"has-post-thumbnail","6":"product_cat-ceramic-glass","8":"first","9":"instock","10":"shipping-taxable","11":"product-type-simple"},"acf":[],"_links":{"self":[{"href":"https:\/\/www.dentalxangtech.com\/fr\/wp-json\/wp\/v2\/product\/3405","targetHints":{"allow":["GET"]}}],"collection":[{"href":"https:\/\/www.dentalxangtech.com\/fr\/wp-json\/wp\/v2\/product"}],"about":[{"href":"https:\/\/www.dentalxangtech.com\/fr\/wp-json\/wp\/v2\/types\/product"}],"wp:featuredmedia":[{"embeddable":true,"href":"https:\/\/www.dentalxangtech.com\/fr\/wp-json\/wp\/v2\/media\/3407"}],"wp:attachment":[{"href":"https:\/\/www.dentalxangtech.com\/fr\/wp-json\/wp\/v2\/media?parent=3405"}],"wp:term":[{"taxonomy":"product_brand","embeddable":true,"href":"https:\/\/www.dentalxangtech.com\/fr\/wp-json\/wp\/v2\/product_brand?post=3405"},{"taxonomy":"product_cat","embeddable":true,"href":"https:\/\/www.dentalxangtech.com\/fr\/wp-json\/wp\/v2\/product_cat?post=3405"},{"taxonomy":"product_tag","embeddable":true,"href":"https:\/\/www.dentalxangtech.com\/fr\/wp-json\/wp\/v2\/product_tag?post=3405"}],"curies":[{"name":"WP","href":"https:\/\/api.w.org\/{rel}","templated":true}]}}