{"id":3413,"date":"2024-12-19T14:34:54","date_gmt":"2024-12-19T06:34:54","guid":{"rendered":"http\/\/www.dentalxangtech.com\/?post_type=product&#038;p=3413"},"modified":"2024-12-19T14:34:54","modified_gmt":"2024-12-19T06:34:54","slug":"yucera-milling-bur","status":"publish","type":"product","link":"https:\/\/www.dentalxangtech.com\/fr\/product\/yucera-milling-bur\/","title":{"rendered":"Yucera Fraisage Bur"},"content":{"rendered":"<p>D\u00e9couvrez l'\u00e9quilibre parfait entre efficacit\u00e9, pr\u00e9cision et durabilit\u00e9 avec XANGTECH Yucera Milling Burs, la solution ultime pour les besoins de fraise dentaire. Ces borses de haute qualit\u00e9 sont con\u00e7ues pour r\u00e9pondre aux exigences des laboratoires et cliniques dentaires modernes, offrant des performances exceptionnelles sur une large gamme de mat\u00e9riaux, y compris la zirconie, le PMMA, la cire et les m\u00e9taux plus doux. Fabriqu\u00e9 \u00e0 partir de carbure de tungst\u00e8ne haute r\u00e9sistance, il est construit pour une utilisation durable, vous permettant de fraiser plusieurs unit\u00e9s avec une seule broche sans compromettre les performances. La conception avanc\u00e9e assure une coupe douce et pr\u00e9cise, r\u00e9duisant les ajustements manuels et am\u00e9liorant consid\u00e9rablement la qualit\u00e9 des restaurations telles que les couronnes, les ponts et les implants.<\/p>\n<p>Gr\u00e2ce \u00e0 sa compatibilit\u00e9 universelle, il s'int\u00e8gre parfaitement aux principales fraises dentaires CAO\/CAM, ce qui en fait un choix polyvalent et pratique pour les professionnels. Optimis\u00e9es pour un broyage plus rapide, ces bornes \u00e9conomisent un temps pr\u00e9cieux pendant la production, am\u00e9liorant l'efficacit\u00e9 sans sacrifier la qualit\u00e9. Con\u00e7ues pour le confort et la fiabilit\u00e9, Yucera Milling Burs minimisent les vibrations et le bruit pendant le fonctionnement, offrant une meilleure exp\u00e9rience de travail. Am\u00e9lior\u00e9s par des rev\u00eatements r\u00e9sistants \u00e0 l'usure avanc\u00e9s, ils maintiennent des performances constantes et une dur\u00e9e de vie plus longue, ce qui en fait un investissement rentable pour n'importe quel cabinet ou laboratoire dentaire. Am\u00e9liorez vos processus de fraisage dentaire avec elle et d\u00e9couvrez la diff\u00e9rence en termes de pr\u00e9cision, de performance et de r\u00e9sultats. Parfait pour les professionnels \u00e0 la recherche de fiabilit\u00e9 et d'excellence, ces burs sont con\u00e7us pour \u00e9lever chaque restauration.<\/p>","protected":false},"excerpt":{"rendered":"<p>Discover the perfect balance of efficiency, precision, and durability with XANGTECH Yucera Milling Burs, the ultimate solution for dental milling needs. These high-quality burs are engineered to meet the demands of modern dental laboratories and clinics, delivering exceptional performance across a wide range of materials, including zirconia, PMMA, wax, and softer metals.Crafted from high-strength tungsten [&hellip;]<\/p>\n","protected":false},"featured_media":3414,"template":"","meta":{"_acf_changed":false},"product_brand":[],"product_cat":[15],"product_tag":[],"class_list":{"0":"post-3413","1":"product","2":"type-product","3":"status-publish","4":"has-post-thumbnail","6":"product_cat-restoration-materials","8":"first","9":"instock","10":"shipping-taxable","11":"product-type-simple"},"acf":[],"_links":{"self":[{"href":"https:\/\/www.dentalxangtech.com\/fr\/wp-json\/wp\/v2\/product\/3413","targetHints":{"allow":["GET"]}}],"collection":[{"href":"https:\/\/www.dentalxangtech.com\/fr\/wp-json\/wp\/v2\/product"}],"about":[{"href":"https:\/\/www.dentalxangtech.com\/fr\/wp-json\/wp\/v2\/types\/product"}],"wp:featuredmedia":[{"embeddable":true,"href":"https:\/\/www.dentalxangtech.com\/fr\/wp-json\/wp\/v2\/media\/3414"}],"wp:attachment":[{"href":"https:\/\/www.dentalxangtech.com\/fr\/wp-json\/wp\/v2\/media?parent=3413"}],"wp:term":[{"taxonomy":"product_brand","embeddable":true,"href":"https:\/\/www.dentalxangtech.com\/fr\/wp-json\/wp\/v2\/product_brand?post=3413"},{"taxonomy":"product_cat","embeddable":true,"href":"https:\/\/www.dentalxangtech.com\/fr\/wp-json\/wp\/v2\/product_cat?post=3413"},{"taxonomy":"product_tag","embeddable":true,"href":"https:\/\/www.dentalxangtech.com\/fr\/wp-json\/wp\/v2\/product_tag?post=3413"}],"curies":[{"name":"WP","href":"https:\/\/api.w.org\/{rel}","templated":true}]}}