{"id":3422,"date":"2024-12-19T17:11:12","date_gmt":"2024-12-19T09:11:12","guid":{"rendered":"http\/\/www.dentalxangtech.com\/?post_type=product&#038;p=3422"},"modified":"2024-12-19T17:11:13","modified_gmt":"2024-12-19T09:11:13","slug":"arum-milling-bur","status":"publish","type":"product","link":"https:\/\/www.dentalxangtech.com\/fr\/product\/arum-milling-bur\/","title":{"rendered":"Arum Fraisage Bur"},"content":{"rendered":"<p>Les borses de fraisage Arum sont fabriqu\u00e9es en acier au tungst\u00e8ne de haute qualit\u00e9 ou en mat\u00e9riaux rev\u00eatus de diamant, qui sont tr\u00e8s durables et conviennent particuli\u00e8rement pour des mat\u00e9riaux plus durs tels que la zirconie, le PMMA et les m\u00e9taux. En raison de la grande durabilit\u00e9 de la conception, les bornes Arum ont une longue dur\u00e9e de vie, en particulier dans le processus de fraisage de mat\u00e9riaux durs. Ils excellent dans le maintien de la pr\u00e9cision de coupe et sont adapt\u00e9s aux environnements d'utilisation \u00e0 haute fr\u00e9quence.<\/p>\n<p>Ces borses sont compatibles avec une vari\u00e9t\u00e9 de marques et de mod\u00e8les d'\u00e9quipements de fraisage CNC, y compris Arum&#8217; ses propres \u00e9quipements et d'autres marques bien connues telles que Amann Girrbach, VHF, Roland, imes-icore, etc., et ont une forte polyvalence. Ils sont con\u00e7us en tenant compte des besoins de diff\u00e9rents mat\u00e9riaux et fournissent une vari\u00e9t\u00e9 de formes et de tailles diff\u00e9rentes de borses pour la fraisage \u00e0 sec et \u00e0 humide. Qu'il s'agisse de restaurations temporaires ou de restaurations \u00e0 haute r\u00e9sistance, les borses Arum peuvent fournir une coupe efficace et pr\u00e9cise. Les borses de fraisage Arum peuvent \u00eatre utilis\u00e9es pour fraiser \u00e0 sec et \u00e0 humide des mat\u00e9riaux en zirconie, assurant une coupe pr\u00e9cise et r\u00e9duisant la rupture du mat\u00e9riau.<\/p>\n<p>La construction de burs Arum implique g\u00e9n\u00e9ralement des mat\u00e9riaux de haute qualit\u00e9 tels que le carbure de tungst\u00e8ne ou les rev\u00eatements de diamant. Ces mat\u00e9riaux garantissent que les bornes maintiennent des bords de coupe pointus et r\u00e9sistent \u00e0 l'usure, m\u00eame lorsqu'elles travaillent avec des mat\u00e9riaux plus durs tels que la zirconie. Les borses sont con\u00e7ues avec diff\u00e9rentes formes et tailles, ce qui les rend polyvalents pour un large \u00e9ventail d'applications de fraisage dentaire. De plus, les borses Arum sont con\u00e7ues pour r\u00e9duire l'accumulation de chaleur pendant le processus de fraisage, ce qui aide \u00e0 pr\u00e9server l'int\u00e9grit\u00e9 du mat\u00e9riau et de la restauration dentaire en cours de cr\u00e9ation.<\/p>\n<div style=\"width: 800px;\" class=\"wp-video\"><video class=\"wp-video-shortcode\" id=\"video-3422-1\" width=\"800\" height=\"450\" preload=\"metadata\" controls=\"controls\"><source type=\"video\/mp4\" src=\"https:\/\/www.dentalxangtech.com\/wp-content\/uploads\/2024\/12\/Arum-zirconia-dlc-milling-bur-video.mp4?_=1\" \/><a href=\"https:\/\/www.dentalxangtech.com\/wp-content\/uploads\/2024\/12\/Arum-zirconia-dlc-milling-bur-video.mp4\">https:\/\/www.dentalxangtech.com\/wp-content\/uploads\/2024\/12\/Arum-zirconia-dlc-milling-bur-video.mp4<\/a><\/video><\/div>","protected":false},"excerpt":{"rendered":"<p>Arum milling burs are made of high-quality tungsten steel or diamond-coated materials, which are highly durable and are particularly suitable for harder materials such as zirconia, PMMA and metals. Due to the high durability of the design, Arum burs have a long service life, especially in the milling process of hard materials. They excel in [&hellip;]<\/p>\n","protected":false},"featured_media":3424,"template":"","meta":{"_acf_changed":false},"product_brand":[],"product_cat":[44],"product_tag":[],"class_list":{"0":"post-3422","1":"product","2":"type-product","3":"status-publish","4":"has-post-thumbnail","6":"product_cat-ceramic-glass","8":"first","9":"instock","10":"shipping-taxable","11":"product-type-simple"},"acf":[],"_links":{"self":[{"href":"https:\/\/www.dentalxangtech.com\/fr\/wp-json\/wp\/v2\/product\/3422","targetHints":{"allow":["GET"]}}],"collection":[{"href":"https:\/\/www.dentalxangtech.com\/fr\/wp-json\/wp\/v2\/product"}],"about":[{"href":"https:\/\/www.dentalxangtech.com\/fr\/wp-json\/wp\/v2\/types\/product"}],"wp:featuredmedia":[{"embeddable":true,"href":"https:\/\/www.dentalxangtech.com\/fr\/wp-json\/wp\/v2\/media\/3424"}],"wp:attachment":[{"href":"https:\/\/www.dentalxangtech.com\/fr\/wp-json\/wp\/v2\/media?parent=3422"}],"wp:term":[{"taxonomy":"product_brand","embeddable":true,"href":"https:\/\/www.dentalxangtech.com\/fr\/wp-json\/wp\/v2\/product_brand?post=3422"},{"taxonomy":"product_cat","embeddable":true,"href":"https:\/\/www.dentalxangtech.com\/fr\/wp-json\/wp\/v2\/product_cat?post=3422"},{"taxonomy":"product_tag","embeddable":true,"href":"https:\/\/www.dentalxangtech.com\/fr\/wp-json\/wp\/v2\/product_tag?post=3422"}],"curies":[{"name":"WP","href":"https:\/\/api.w.org\/{rel}","templated":true}]}}