{"id":3435,"date":"2024-12-20T09:30:14","date_gmt":"2024-12-20T01:30:14","guid":{"rendered":"http\/\/www.dentalxangtech.com\/?post_type=product&#038;p=3435"},"modified":"2024-12-20T09:30:15","modified_gmt":"2024-12-20T01:30:15","slug":"jiny-milling-bur","status":"publish","type":"product","link":"https:\/\/www.dentalxangtech.com\/fr\/product\/jiny-milling-bur\/","title":{"rendered":"JINY Fraisage Bur"},"content":{"rendered":"<p><span style=\"font-family: arial, helvetica, sans-serif; font-size: 14pt;\">Jiny est un outil de coupe dentaire polyvalent de haute pr\u00e9cision, qui est largement utilis\u00e9 dans les syst\u00e8mes CAD \/ CAM ouverts et les \u00e9quipements de traitement dentaire g\u00e9n\u00e9ral. Sa polyvalence et son rapport co\u00fbt-efficacit\u00e9 le rendent tr\u00e8s populaire. Jiny brosse bur a une grande compatibilit\u00e9 de coupe et est adapt\u00e9 pour les mat\u00e9riaux dentaires communs tels que le zirconium, alliage CrCo, PMMA (polym\u00e9thyle m\u00e9thacrylate), mat\u00e9riaux de cire, etc. Il adopte g\u00e9n\u00e9ralement le processus de carbure ou de rev\u00eatement, avec une haute r\u00e9sistance \u00e0 l'usure et une longue dur\u00e9e de vie. Jiny dispose de configurations d'\u00e9quipements multiples, qui conviennent \u00e0 la plupart des \u00e9quipements de fraise CNC dentaire ouverts, tels que Amann Girrbach, imes-icore, VHF, etc., y compris des fraises \u00e0 5 axes et des fraises \u00e0 3 axes. Il est \u00e9conomique et a un rapport co\u00fbt-efficacit\u00e9 plus \u00e9lev\u00e9 que certains outils sp\u00e9cifiques \u00e0 la marque.<\/span><\/p>\n<p><span style=\"font-family: arial, helvetica, sans-serif; font-size: 14pt;\">Jiny Miiling Bur est utilis\u00e9 pour traiter les couronnes et les ponts, effectuer des restaurations temporaires et permanentes et traiter des proth\u00e8ses dentaires complexes. Jiny brosse bur peut r\u00e9pondre \u00e0 diff\u00e9rents besoins de traitement avec des performances efficaces et stables. Il peut \u00eatre utilis\u00e9 pour le traitement brut, le polissage fin et la finition.<\/span><\/p>\n<p><span style=\"font-family: arial, helvetica, sans-serif; font-size: 14pt;\">Avec un haut rapport co\u00fbt-efficacit\u00e9 et une longue dur\u00e9e de vie, le broyeur de fraise Jiny convient particuli\u00e8rement aux petits et moyens laboratoires dentaires ou aux utilisateurs avec des budgets limit\u00e9s. Sa polyvalence et sa fiabilit\u00e9 en font un choix populaire dans le domaine du traitement dentaire, offrant une garantie solide pour la production pr\u00e9cise de restaurations.<\/span><\/p>","protected":false},"excerpt":{"rendered":"<p>Jiny milling bur is a high-precision, multi-purpose dental cutting tool, which is widely used in open CAD\/CAM systems and general dental processing equipment. Its versatility and cost-effectiveness make it widely popular. Jiny milling bur has wide cutting compatibility and is suitable for common dental materials such as zirconium, CrCo alloy, PMMA (polymethyl methacrylate), wax materials, [&hellip;]<\/p>\n","protected":false},"featured_media":3437,"template":"","meta":{"_acf_changed":false},"product_brand":[],"product_cat":[44],"product_tag":[],"class_list":{"0":"post-3435","1":"product","2":"type-product","3":"status-publish","4":"has-post-thumbnail","6":"product_cat-ceramic-glass","8":"first","9":"instock","10":"shipping-taxable","11":"product-type-simple"},"acf":[],"_links":{"self":[{"href":"https:\/\/www.dentalxangtech.com\/fr\/wp-json\/wp\/v2\/product\/3435","targetHints":{"allow":["GET"]}}],"collection":[{"href":"https:\/\/www.dentalxangtech.com\/fr\/wp-json\/wp\/v2\/product"}],"about":[{"href":"https:\/\/www.dentalxangtech.com\/fr\/wp-json\/wp\/v2\/types\/product"}],"wp:featuredmedia":[{"embeddable":true,"href":"https:\/\/www.dentalxangtech.com\/fr\/wp-json\/wp\/v2\/media\/3437"}],"wp:attachment":[{"href":"https:\/\/www.dentalxangtech.com\/fr\/wp-json\/wp\/v2\/media?parent=3435"}],"wp:term":[{"taxonomy":"product_brand","embeddable":true,"href":"https:\/\/www.dentalxangtech.com\/fr\/wp-json\/wp\/v2\/product_brand?post=3435"},{"taxonomy":"product_cat","embeddable":true,"href":"https:\/\/www.dentalxangtech.com\/fr\/wp-json\/wp\/v2\/product_cat?post=3435"},{"taxonomy":"product_tag","embeddable":true,"href":"https:\/\/www.dentalxangtech.com\/fr\/wp-json\/wp\/v2\/product_tag?post=3435"}],"curies":[{"name":"WP","href":"https:\/\/api.w.org\/{rel}","templated":true}]}}