{"id":3447,"date":"2024-12-20T17:12:17","date_gmt":"2024-12-20T09:12:17","guid":{"rendered":"http\/\/www.dentalxangtech.com\/?post_type=product&#038;p=3447"},"modified":"2024-12-20T17:12:17","modified_gmt":"2024-12-20T09:12:17","slug":"dof-milling-bur","status":"publish","type":"product","link":"https:\/\/www.dentalxangtech.com\/fr\/product\/dof-milling-bur\/","title":{"rendered":"DOF Fraisage Bur"},"content":{"rendered":"<p><span style=\"font-family: arial, helvetica, sans-serif; font-size: 14pt;\">Les bornes de fraisage DOF sont des outils de coupe haute performance con\u00e7us pour les \u00e9quipements CAD\/CAM dentaires de la marque DOF. Ils sont largement utilis\u00e9s dans le traitement des restaurations de proth\u00e8ses dentaires, y compris la production de couronnes, de ponts et de mod\u00e8les de structures complexes. Fabriqu\u00e9s en carbure de haute qualit\u00e9 ou en mat\u00e9riaux de rev\u00eatement avanc\u00e9s, les borses de fraisage DOF ont une excellente duret\u00e9 et r\u00e9sistance \u00e0 l'usure, peuvent maintenir des performances stables sous des conditions de haute vitesse et de haute charge et r\u00e9aliser un traitement de coupe de haute pr\u00e9cision.<\/span><\/p>\n<p><span style=\"font-family: arial, helvetica, sans-serif; font-size: 14pt;\">Les bornes de fraisage DOF sont hautement compatibles avec les fraiseuses de marque DOF (telles que DOF \u200b\u200b S\u00e9rie SHARP, s\u00e9rie CRAFT), optimisent les trajets de coupe et l'efficacit\u00e9 de traitement, et conviennent aux mat\u00e9riaux dentaires courants tels que la zirconie, les alliages cobalt-chrome, les r\u00e9sines et les mat\u00e9riaux de cire. Ses types d'outils sont complets, y compris le rug\u00e7age, la finition, les couteaux \u00e0 rainure, etc., qui peuvent r\u00e9pondre aux besoins en plusieurs \u00e9tapes, du rug\u00e7age au traitement fin.<\/span><\/p>\n<p><span style=\"font-family: arial, helvetica, sans-serif; font-size: 14pt;\">Avec une pr\u00e9cision de traitement ultra-\u00e9lev\u00e9e, un effet de coupe lisse et une longue dur\u00e9e de vie, les borses de fraisage DOF sont un choix id\u00e9al pour les laboratoires dentaires haut de gamme et les centres de traitement professionnels, offrant un support d'outils fiable et une exp\u00e9rience de traitement de haute qualit\u00e9 pour la production de restauration dentaire.<\/span><\/p>","protected":false},"excerpt":{"rendered":"<p>DOF milling burs are high-performance cutting tools designed for DOF brand dental CAD\/CAM equipment. They are widely used in the processing of denture restorations, including the production of crowns, bridges and complex structure models. Made of high-quality carbide or advanced coating materials, DOF milling burs have excellent hardness and wear resistance, can maintain stable performance [&hellip;]<\/p>\n","protected":false},"featured_media":3450,"template":"","meta":{"_acf_changed":false},"product_brand":[],"product_cat":[44],"product_tag":[],"class_list":{"0":"post-3447","1":"product","2":"type-product","3":"status-publish","4":"has-post-thumbnail","6":"product_cat-ceramic-glass","8":"first","9":"instock","10":"shipping-taxable","11":"product-type-simple"},"acf":[],"_links":{"self":[{"href":"https:\/\/www.dentalxangtech.com\/fr\/wp-json\/wp\/v2\/product\/3447","targetHints":{"allow":["GET"]}}],"collection":[{"href":"https:\/\/www.dentalxangtech.com\/fr\/wp-json\/wp\/v2\/product"}],"about":[{"href":"https:\/\/www.dentalxangtech.com\/fr\/wp-json\/wp\/v2\/types\/product"}],"wp:featuredmedia":[{"embeddable":true,"href":"https:\/\/www.dentalxangtech.com\/fr\/wp-json\/wp\/v2\/media\/3450"}],"wp:attachment":[{"href":"https:\/\/www.dentalxangtech.com\/fr\/wp-json\/wp\/v2\/media?parent=3447"}],"wp:term":[{"taxonomy":"product_brand","embeddable":true,"href":"https:\/\/www.dentalxangtech.com\/fr\/wp-json\/wp\/v2\/product_brand?post=3447"},{"taxonomy":"product_cat","embeddable":true,"href":"https:\/\/www.dentalxangtech.com\/fr\/wp-json\/wp\/v2\/product_cat?post=3447"},{"taxonomy":"product_tag","embeddable":true,"href":"https:\/\/www.dentalxangtech.com\/fr\/wp-json\/wp\/v2\/product_tag?post=3447"}],"curies":[{"name":"WP","href":"https:\/\/api.w.org\/{rel}","templated":true}]}}