{"id":3462,"date":"2024-12-21T11:19:44","date_gmt":"2024-12-21T03:19:44","guid":{"rendered":"http\/\/www.dentalxangtech.com\/?post_type=product&#038;p=3462"},"modified":"2024-12-21T11:19:44","modified_gmt":"2024-12-21T03:19:44","slug":"c5-milling-bur","status":"publish","type":"product","link":"https:\/\/www.dentalxangtech.com\/fr\/product\/c5-milling-bur\/","title":{"rendered":"Bur de fraisage C5"},"content":{"rendered":"<p><span style=\"font-family: arial, helvetica, sans-serif; font-size: 14pt;\">Le broyeur de fraise C5 est un outil dentaire de haute pr\u00e9cision largement utilis\u00e9 dans le traitement oral et les op\u00e9rations de restauration. Il est fait de rev\u00eatement en carbure ou en diamant, avec une duret\u00e9 \u00e9lev\u00e9e et une r\u00e9sistance \u00e0 l'usure, et peut facilement faire face \u00e0 la coupe et au broyage des tissus dentaires tels que l'\u00e9mail et la dentine. Sa conception r\u00e9pond aux normes \u00e9lev\u00e9es de la m\u00e9decine dentaire et convient \u00e0 des \u00e9quipements tels que des turbines \u00e0 grande vitesse, offrant une performance stable et efficace.<\/span><\/p>\n<p><span style=\"font-family: arial, helvetica, sans-serif; font-size: 14pt;\">Ce bur est disponible dans une vari\u00e9t\u00e9 de sp\u00e9cifications pour r\u00e9pondre \u00e0 diff\u00e9rents besoins cliniques, y compris la pr\u00e9paration de la cavit\u00e9, la pr\u00e9paration de la couronne et la coupe et le polissage des dents. Gr\u00e2ce \u00e0 sa conception g\u00e9om\u00e9trique pr\u00e9cise et \u00e0 son excellente durabilit\u00e9, le broyeur de fraisage C5 peut r\u00e9aliser des op\u00e9rations minimalement invasives, prot\u00e9ger les tissus sains et am\u00e9liorer les effets et l'efficacit\u00e9 du traitement.<\/span><\/p>\n<p><span style=\"font-family: arial, helvetica, sans-serif; font-size: 14pt;\">La vitesse de coupe rapide peut r\u00e9duire le temps de traitement. Soutenir les op\u00e9rations minimalement invasives et prot\u00e9ger les tissus sains des patients&#8217; dents. Convient \u00e0 divers laboratoires et cliniques dentaires, en particulier dans des environnements o\u00f9 plusieurs \u00e9quipements sont m\u00e9lang\u00e9s, il peut \u00eatre appliqu\u00e9 de mani\u00e8re flexible \u00e0 diff\u00e9rents syst\u00e8mes CAO \/ CAM.<\/span><\/p>\n<div style=\"width: 800px;\" class=\"wp-video\"><video class=\"wp-video-shortcode\" id=\"video-3462-1\" width=\"800\" height=\"450\" preload=\"metadata\" controls=\"controls\"><source type=\"video\/mp4\" src=\"https:\/\/www.dentalxangtech.com\/wp-content\/uploads\/2024\/12\/Dental-C5.mp4?_=1\" \/><a href=\"https:\/\/www.dentalxangtech.com\/wp-content\/uploads\/2024\/12\/Dental-C5.mp4\">https:\/\/www.dentalxangtech.com\/wp-content\/uploads\/2024\/12\/Dental-C5.mp4<\/a><\/video><\/div>","protected":false},"excerpt":{"rendered":"<p>The C5 milling bur is a high-precision dental tool widely used in oral treatment and restoration operations. It is made of carbide or diamond coating, with high hardness and wear resistance, and can easily cope with the cutting and grinding of tooth tissues such as enamel and dentin. Its design meets the high standards of [&hellip;]<\/p>\n","protected":false},"featured_media":3464,"template":"","meta":{"_acf_changed":false},"product_brand":[],"product_cat":[44],"product_tag":[],"class_list":{"0":"post-3462","1":"product","2":"type-product","3":"status-publish","4":"has-post-thumbnail","6":"product_cat-ceramic-glass","8":"first","9":"instock","10":"shipping-taxable","11":"product-type-simple"},"acf":[],"_links":{"self":[{"href":"https:\/\/www.dentalxangtech.com\/fr\/wp-json\/wp\/v2\/product\/3462","targetHints":{"allow":["GET"]}}],"collection":[{"href":"https:\/\/www.dentalxangtech.com\/fr\/wp-json\/wp\/v2\/product"}],"about":[{"href":"https:\/\/www.dentalxangtech.com\/fr\/wp-json\/wp\/v2\/types\/product"}],"wp:featuredmedia":[{"embeddable":true,"href":"https:\/\/www.dentalxangtech.com\/fr\/wp-json\/wp\/v2\/media\/3464"}],"wp:attachment":[{"href":"https:\/\/www.dentalxangtech.com\/fr\/wp-json\/wp\/v2\/media?parent=3462"}],"wp:term":[{"taxonomy":"product_brand","embeddable":true,"href":"https:\/\/www.dentalxangtech.com\/fr\/wp-json\/wp\/v2\/product_brand?post=3462"},{"taxonomy":"product_cat","embeddable":true,"href":"https:\/\/www.dentalxangtech.com\/fr\/wp-json\/wp\/v2\/product_cat?post=3462"},{"taxonomy":"product_tag","embeddable":true,"href":"https:\/\/www.dentalxangtech.com\/fr\/wp-json\/wp\/v2\/product_tag?post=3462"}],"curies":[{"name":"WP","href":"https:\/\/api.w.org\/{rel}","templated":true}]}}