{"id":3472,"date":"2024-12-23T10:44:05","date_gmt":"2024-12-23T02:44:05","guid":{"rendered":"http\/\/www.dentalxangtech.com\/?post_type=product&#038;p=3472"},"modified":"2024-12-23T10:44:05","modified_gmt":"2024-12-23T02:44:05","slug":"cerec-3-milling-bur","status":"publish","type":"product","link":"https:\/\/www.dentalxangtech.com\/fr\/product\/cerec-3-milling-bur\/","title":{"rendered":"CEREC 3 Bur de fraisage"},"content":{"rendered":"<p><span style=\"font-family: arial, helvetica, sans-serif; font-size: 14pt;\">La brosse de fraisage CEREC 3 est simple \u00e0 utiliser et efficace, et est con\u00e7ue pour fournir une solution de restauration imm\u00e9diate au bord de la chaise. Il est sp\u00e9cialement con\u00e7u pour les cliniques dentaires et peut rapidement traiter des mat\u00e9riaux restaurateurs courants tels que la c\u00e9ramique en verre et les r\u00e9sines composites. La borne est facile \u00e0 installer et \u00e0 remplacer, et la trajectoire de fraisage est g\u00e9n\u00e9r\u00e9e automatiquement par le syst\u00e8me sans param\u00e8tres complexes. Il convient particuli\u00e8rement aux besoins de restauration rapide de couronnes simples ou d'incrustations.<\/span><\/p>\n<p><span style=\"font-family: arial, helvetica, sans-serif; font-size: 14pt;\">Le bur&#8217; sa conception est hautement compatible avec le syst\u00e8me CEREC 3, assurant que la forme de la restauration trait\u00e9e est pr\u00e9cise et que le bord est adapt\u00e9 au patient; Conditions orales. Son mat\u00e9riau en carbure durable et ses performances de fraisage efficaces peuvent compl\u00e9ter les \u00e9tapes de fraisage brute et fine de la restauration en peu de temps, am\u00e9liorant la clinique; S efficacit\u00e9 du travail.<\/span><\/p>\n<p><span style=\"font-family: arial, helvetica, sans-serif; font-size: 14pt;\">En termes de co\u00fbt, la borne de fraisage CEREC 3 est relativement \u00e9conomique, facile \u00e0 entretenir et \u00e0 remplacer, offrant une solution de restauration num\u00e9rique \u00e0 faible seuil pour la clinique. Cela en fait un choix id\u00e9al pour les syst\u00e8mes de CAO\/CAM d'entr\u00e9e de gamme dans de nombreuses cliniques dentaires, qui peuvent am\u00e9liorer les niveaux de service avec des budgets limit\u00e9s.<\/span><\/p>","protected":false},"excerpt":{"rendered":"<p>The CEREC 3 milling bur is simple to operate and efficient, and is designed to provide an immediate chairside restoration solution. It is designed specifically for dental clinics and can quickly process common restorative materials such as glass ceramics and composite resins. The bur is easy to install and replace, and the milling path is [&hellip;]<\/p>\n","protected":false},"featured_media":3474,"template":"","meta":{"_acf_changed":false},"product_brand":[],"product_cat":[44],"product_tag":[],"class_list":{"0":"post-3472","1":"product","2":"type-product","3":"status-publish","4":"has-post-thumbnail","6":"product_cat-ceramic-glass","8":"first","9":"instock","10":"shipping-taxable","11":"product-type-simple"},"acf":[],"_links":{"self":[{"href":"https:\/\/www.dentalxangtech.com\/fr\/wp-json\/wp\/v2\/product\/3472","targetHints":{"allow":["GET"]}}],"collection":[{"href":"https:\/\/www.dentalxangtech.com\/fr\/wp-json\/wp\/v2\/product"}],"about":[{"href":"https:\/\/www.dentalxangtech.com\/fr\/wp-json\/wp\/v2\/types\/product"}],"wp:featuredmedia":[{"embeddable":true,"href":"https:\/\/www.dentalxangtech.com\/fr\/wp-json\/wp\/v2\/media\/3474"}],"wp:attachment":[{"href":"https:\/\/www.dentalxangtech.com\/fr\/wp-json\/wp\/v2\/media?parent=3472"}],"wp:term":[{"taxonomy":"product_brand","embeddable":true,"href":"https:\/\/www.dentalxangtech.com\/fr\/wp-json\/wp\/v2\/product_brand?post=3472"},{"taxonomy":"product_cat","embeddable":true,"href":"https:\/\/www.dentalxangtech.com\/fr\/wp-json\/wp\/v2\/product_cat?post=3472"},{"taxonomy":"product_tag","embeddable":true,"href":"https:\/\/www.dentalxangtech.com\/fr\/wp-json\/wp\/v2\/product_tag?post=3472"}],"curies":[{"name":"WP","href":"https:\/\/api.w.org\/{rel}","templated":true}]}}