{"id":3488,"date":"2024-12-23T16:38:55","date_gmt":"2024-12-23T08:38:55","guid":{"rendered":"http\/\/www.dentalxangtech.com\/?post_type=product&#038;p=3488"},"modified":"2024-12-23T16:38:55","modified_gmt":"2024-12-23T08:38:55","slug":"amd-500-milling-bur","status":"publish","type":"product","link":"https:\/\/www.dentalxangtech.com\/fr\/product\/amd-500-milling-bur\/","title":{"rendered":"Bur de fraisage AMD 500"},"content":{"rendered":"<p><span style=\"font-family: arial, helvetica, sans-serif; font-size: 14pt;\">Le broyeur de fraisage AMD 500 couvre l'ensemble du processus de fraisage brut, de fraisage fin et de traitement des d\u00e9tails et convient \u00e0 une vari\u00e9t\u00e9 de mat\u00e9riaux restaurateurs (tels que le zirconium, la c\u00e9ramique en verre, le PMMA et les mat\u00e9riaux de cire). Fabriqu\u00e9 en rev\u00eatement en carbure ou en diamant de haute qualit\u00e9, il peut traiter efficacement des mat\u00e9riaux \u00e0 haute duret\u00e9 tout en assurant la mise en forme pr\u00e9cise de la forme de restauration. Il est sp\u00e9cialement optimis\u00e9 pour la coupe efficace de mat\u00e9riaux \u00e0 haute duret\u00e9 (tels que le zirconium) et convient \u00e9galement au traitement en douceur des mat\u00e9riaux PMMA et cire.<\/span><\/p>\n<p><span style=\"font-family: arial, helvetica, sans-serif; font-size: 14pt;\">Il est compatible avec des syst\u00e8mes CAD\/CAM ouverts tels que Roland, imes-icore, VHF et autres \u00e9quipements, et a une grande polyvalence. Il poss\u00e8de une grande polyvalence et des performances \u00e9quilibr\u00e9es, de la fraisage brute \u00e0 la fraisage fine, ce qui est particuli\u00e8rement adapt\u00e9 au traitement de restaurations complexes. Il est con\u00e7u pour les processus de restauration dentaire num\u00e9rique et convient \u00e0 des \u00e9quipements de fraisage multi-marques dans les cliniques et les laboratoires.<\/span><\/p>\n<p><span style=\"font-family: arial, helvetica, sans-serif; font-size: 14pt;\">La conception haute pr\u00e9cision de la borne assure l'\u00e9tanch\u00e9it\u00e9 marginale et la lisseur de la surface de la restauration, r\u00e9duit le temps de traitement manuel ult\u00e9rieur et am\u00e9liore la qualit\u00e9 et l'efficacit\u00e9 de la restauration.<\/span><\/p>","protected":false},"excerpt":{"rendered":"<p>AMD 500 milling bur covers the entire process of rough milling, fine milling and detail processing, and is suitable for a variety of restorative materials (such as zirconium, glass ceramics, PMMA and wax materials). Made of high-quality carbide or diamond coating, it can efficiently process high-hardness materials while ensuring the precise shaping of the restoration [&hellip;]<\/p>\n","protected":false},"featured_media":3489,"template":"","meta":{"_acf_changed":false},"product_brand":[],"product_cat":[44],"product_tag":[],"class_list":{"0":"post-3488","1":"product","2":"type-product","3":"status-publish","4":"has-post-thumbnail","6":"product_cat-ceramic-glass","8":"first","9":"instock","10":"shipping-taxable","11":"product-type-simple"},"acf":[],"_links":{"self":[{"href":"https:\/\/www.dentalxangtech.com\/fr\/wp-json\/wp\/v2\/product\/3488","targetHints":{"allow":["GET"]}}],"collection":[{"href":"https:\/\/www.dentalxangtech.com\/fr\/wp-json\/wp\/v2\/product"}],"about":[{"href":"https:\/\/www.dentalxangtech.com\/fr\/wp-json\/wp\/v2\/types\/product"}],"wp:featuredmedia":[{"embeddable":true,"href":"https:\/\/www.dentalxangtech.com\/fr\/wp-json\/wp\/v2\/media\/3489"}],"wp:attachment":[{"href":"https:\/\/www.dentalxangtech.com\/fr\/wp-json\/wp\/v2\/media?parent=3488"}],"wp:term":[{"taxonomy":"product_brand","embeddable":true,"href":"https:\/\/www.dentalxangtech.com\/fr\/wp-json\/wp\/v2\/product_brand?post=3488"},{"taxonomy":"product_cat","embeddable":true,"href":"https:\/\/www.dentalxangtech.com\/fr\/wp-json\/wp\/v2\/product_cat?post=3488"},{"taxonomy":"product_tag","embeddable":true,"href":"https:\/\/www.dentalxangtech.com\/fr\/wp-json\/wp\/v2\/product_tag?post=3488"}],"curies":[{"name":"WP","href":"https:\/\/api.w.org\/{rel}","templated":true}]}}