{"id":3499,"date":"2024-12-24T10:03:54","date_gmt":"2024-12-24T02:03:54","guid":{"rendered":"http\/\/www.dentalxangtech.com\/?post_type=product&#038;p=3499"},"modified":"2024-12-24T10:03:54","modified_gmt":"2024-12-24T02:03:54","slug":"s5-milling-bur","status":"publish","type":"product","link":"https:\/\/www.dentalxangtech.com\/fr\/product\/s5-milling-bur\/","title":{"rendered":"S5 Fraisage Bur"},"content":{"rendered":"<p><span style=\"font-family: arial, helvetica, sans-serif; font-size: 14pt;\">Le broyeur de fraisage S5 est adapt\u00e9 \u00e0 la coupe rapide de mat\u00e9riaux de duret\u00e9 moyenne, offrant des effets de broyage et d'enl\u00e8vement fins avec une efficacit\u00e9 \u00e9lev\u00e9e.<\/span><\/p>\n<p><span style=\"font-family: arial, helvetica, sans-serif; font-size: 14pt;\">La broche de fraisage S5 est principalement utilis\u00e9e pour le broyage dentaire, la d\u00e9coupe et la coupe. Il est largement utilis\u00e9 pour \u00e9liminer la carie, former des cavit\u00e9s, couper des restaurations et polir. Ses diff\u00e9rentes formes et conceptions le rendent adapt\u00e9 au traitement des surfaces dentaires et aux op\u00e9rations plus d\u00e9licates. Il est principalement en acier au tungst\u00e8ne ou en mat\u00e9riaux de diamant avec une duret\u00e9 \u00e9lev\u00e9e et une r\u00e9sistance \u00e0 l'usure. Sa conception met l'accent sur l'efficacit\u00e9 et la s\u00e9curit\u00e9 de la coupe, en mettant l'accent sur la coupe rapide et la faible g\u00e9n\u00e9ration de chaleur sur le tissu dentaire et les mat\u00e9riaux restaurateurs. Ses caract\u00e9ristiques de faible g\u00e9n\u00e9ration de chaleur peuvent \u00e9galement prot\u00e9ger efficacement le tissu dentaire et am\u00e9liorer le confort du patient.<\/span><\/p>\n<p><span style=\"font-family: arial, helvetica, sans-serif; font-size: 14pt;\">Il convient g\u00e9n\u00e9ralement aux turbines \u00e0 grande vitesse et aux dispositifs dentaires portatifs, ce qui est pratique pour une utilisation flexible dans la pratique clinique. Ce type de bur a une efficacit\u00e9 de coupe \u00e9lev\u00e9e et peut rapidement enlever le tissu dentaire ou les mat\u00e9riaux r\u00e9parateurs.<\/span><\/p>","protected":false},"excerpt":{"rendered":"<p>The S5 milling bur is suitable for fast cutting of medium-hard materials, providing fine grinding and removal effects with high efficiency. The S5 milling bur is mainly used for dental grinding, trimming and cutting. It is widely used in removing caries, forming cavities, trimming restorations and polishing. Its various shapes and designs make it suitable [&hellip;]<\/p>\n","protected":false},"featured_media":3503,"template":"","meta":{"_acf_changed":false},"product_brand":[],"product_cat":[44],"product_tag":[],"class_list":{"0":"post-3499","1":"product","2":"type-product","3":"status-publish","4":"has-post-thumbnail","6":"product_cat-ceramic-glass","8":"first","9":"instock","10":"shipping-taxable","11":"product-type-simple"},"acf":[],"_links":{"self":[{"href":"https:\/\/www.dentalxangtech.com\/fr\/wp-json\/wp\/v2\/product\/3499","targetHints":{"allow":["GET"]}}],"collection":[{"href":"https:\/\/www.dentalxangtech.com\/fr\/wp-json\/wp\/v2\/product"}],"about":[{"href":"https:\/\/www.dentalxangtech.com\/fr\/wp-json\/wp\/v2\/types\/product"}],"wp:featuredmedia":[{"embeddable":true,"href":"https:\/\/www.dentalxangtech.com\/fr\/wp-json\/wp\/v2\/media\/3503"}],"wp:attachment":[{"href":"https:\/\/www.dentalxangtech.com\/fr\/wp-json\/wp\/v2\/media?parent=3499"}],"wp:term":[{"taxonomy":"product_brand","embeddable":true,"href":"https:\/\/www.dentalxangtech.com\/fr\/wp-json\/wp\/v2\/product_brand?post=3499"},{"taxonomy":"product_cat","embeddable":true,"href":"https:\/\/www.dentalxangtech.com\/fr\/wp-json\/wp\/v2\/product_cat?post=3499"},{"taxonomy":"product_tag","embeddable":true,"href":"https:\/\/www.dentalxangtech.com\/fr\/wp-json\/wp\/v2\/product_tag?post=3499"}],"curies":[{"name":"WP","href":"https:\/\/api.w.org\/{rel}","templated":true}]}}