{"id":3517,"date":"2024-12-25T10:36:19","date_gmt":"2024-12-25T02:36:19","guid":{"rendered":"http\/\/www.dentalxangtech.com\/?post_type=product&#038;p=3517"},"modified":"2024-12-25T10:36:19","modified_gmt":"2024-12-25T02:36:19","slug":"bilayer-pmma-disc","status":"publish","type":"product","link":"https:\/\/www.dentalxangtech.com\/fr\/product\/bilayer-pmma-disc\/","title":{"rendered":"Disque PMMA \u00e0 deux couches"},"content":{"rendered":"<p><span style=\"font-family: arial, helvetica, sans-serif; font-size: 14pt;\">Les blocs de pmma \u00e0 deux couches XANGTECH fournissent une vari\u00e9t\u00e9 d'options d'\u00e9paisseur selon diff\u00e9rentes utilisations, allant de 10 mm \u00e0 25 mm, et peuvent \u00eatre personnalis\u00e9s \u00e0 30 mm. L'\u00e9paisseur de 95mm et 98mm fournie est la sp\u00e9cification standard pour la plupart des \u00e9quipements CAD\/CAM dentaires.<\/span><\/p>\n<p><span style=\"font-family: arial, helvetica, sans-serif; font-size: 14pt;\">Les disques PMMA \u00e0 deux couches sont largement utilis\u00e9s dans les restaurations dentaires en raison de leur conception unique \u00e0 deux couches. Cette structure en couches, combinant g\u00e9n\u00e9ralement un noyau de couleur dentine et une couche ext\u00e9rieure translucide semblable \u00e0 l'\u00e9mail, permet aux restaurations d'imiter \u00e9troitement l'apparence naturelle des dents. La transition de couleur douce am\u00e9liore les r\u00e9sultats esth\u00e9tiques, ce qui les rend id\u00e9aux pour les restaurations ant\u00e9rieures et post\u00e9rieures.<\/span><\/p>\n<p><span style=\"font-family: arial, helvetica, sans-serif; font-size: 14pt;\">L'un des principaux avantages des disques PMMA \u00e0 deux couches est leur excellente usinabilit\u00e9. Ils sont compatibles avec les syst\u00e8mes CAD\/CAM, permettant un fraisage pr\u00e9cis et efficace des proth\u00e8ses dentaires. Le mat\u00e9riau est l\u00e9ger, durable et offre une r\u00e9sistance \u00e0 l'usure sup\u00e9rieure, assurant une long\u00e9vit\u00e9 fonctionnelle et un confort pour les patients. Leur biocompatibilit\u00e9 et leur facilit\u00e9 de polissage assurent une finition s\u00fbre et naturelle, ce qui en fait un choix populaire pour les restaurations dentaires temporaires et \u00e0 long terme.<\/span><\/p>","protected":false},"excerpt":{"rendered":"<p>XANGTECH bilayer pmma blocks provide a variety of thickness options according to different uses, ranging from 10mm to 25mm, and can be customized to 30mm. The thickness of 95mm and 98mm provided is the standard specification for most dental CAD\/CAM equipment. Bilayer PMMA discs are widely used in dental restorations due to their unique two-layer [&hellip;]<\/p>\n","protected":false},"featured_media":3518,"template":"","meta":{"_acf_changed":false},"product_brand":[],"product_cat":[49],"product_tag":[],"class_list":{"0":"post-3517","1":"product","2":"type-product","3":"status-publish","4":"has-post-thumbnail","6":"product_cat-pmma-block","8":"first","9":"instock","10":"shipping-taxable","11":"product-type-simple"},"acf":[],"_links":{"self":[{"href":"https:\/\/www.dentalxangtech.com\/fr\/wp-json\/wp\/v2\/product\/3517","targetHints":{"allow":["GET"]}}],"collection":[{"href":"https:\/\/www.dentalxangtech.com\/fr\/wp-json\/wp\/v2\/product"}],"about":[{"href":"https:\/\/www.dentalxangtech.com\/fr\/wp-json\/wp\/v2\/types\/product"}],"wp:featuredmedia":[{"embeddable":true,"href":"https:\/\/www.dentalxangtech.com\/fr\/wp-json\/wp\/v2\/media\/3518"}],"wp:attachment":[{"href":"https:\/\/www.dentalxangtech.com\/fr\/wp-json\/wp\/v2\/media?parent=3517"}],"wp:term":[{"taxonomy":"product_brand","embeddable":true,"href":"https:\/\/www.dentalxangtech.com\/fr\/wp-json\/wp\/v2\/product_brand?post=3517"},{"taxonomy":"product_cat","embeddable":true,"href":"https:\/\/www.dentalxangtech.com\/fr\/wp-json\/wp\/v2\/product_cat?post=3517"},{"taxonomy":"product_tag","embeddable":true,"href":"https:\/\/www.dentalxangtech.com\/fr\/wp-json\/wp\/v2\/product_tag?post=3517"}],"curies":[{"name":"WP","href":"https:\/\/api.w.org\/{rel}","templated":true}]}}