{"id":3536,"date":"2024-12-26T15:41:42","date_gmt":"2024-12-26T07:41:42","guid":{"rendered":"http\/\/www.dentalxangtech.com\/?post_type=product&#038;p=3536"},"modified":"2024-12-26T15:41:42","modified_gmt":"2024-12-26T07:41:42","slug":"3st-pink-pmma-disc","status":"publish","type":"product","link":"https:\/\/www.dentalxangtech.com\/fr\/product\/3st-pink-pmma-disc\/","title":{"rendered":"3ST disque PMMA rose"},"content":{"rendered":"<p><span style=\"font-family: arial, helvetica, sans-serif; font-size: 14pt;\">XANGTECH 3rd Pink PMMA Disc with Veins est un mat\u00e9riau sp\u00e9cialis\u00e9 en polym\u00e9thyle m\u00e9thacrylate rose (PMMA) con\u00e7u pour les restaurations dentaires. Sa caract\u00e9ristique unique r\u00e9side dans les motifs r\u00e9alistes en forme de veine, qui imitent \u00e9troitement l'apparence naturelle du tissu gingival. Il offre un effet esth\u00e9tique plus r\u00e9aliste dans la restauration et convient \u00e0 la production de couronnes temporaires, de ponts et de bases de proth\u00e8ses dentaires.<\/span><\/p>\n<p><span style=\"font-family: arial, helvetica, sans-serif; font-size: 14pt;\">Il peut \u00eatre coup\u00e9 avec pr\u00e9cision par le syst\u00e8me CAD\/CAM, le motif veineux reste clair et pr\u00e9sente une texture naturelle apr\u00e8s le polissage. En outre, il a une bonne biocompatibilit\u00e9, est s\u00fbr et non toxique et peut \u00eatre utilis\u00e9 dans la bouche pendant une longue p\u00e9riode.<\/span><\/p>\n<p><span style=\"font-family: arial, helvetica, sans-serif; font-size: 14pt;\">3\u00e8me disque PMMA rose avec veines est largement utilis\u00e9 dans les restaurations dentaires haut de gamme et la production de proth\u00e8ses dentaires, en particulier dans les sc\u00e9narios qui n\u00e9cessitent une simulation \u00e9lev\u00e9e. Sa texture vasculaire d\u00e9licate am\u00e9liore non seulement la beaut\u00e9, mais rencontre \u00e9galement les patients&#8217; n\u00e9cessite une apparence personnalis\u00e9e et naturelle, ce qui en fait un mat\u00e9riau pr\u00e9f\u00e9r\u00e9 pour les restaurations dentaires modernes.<\/span><\/p>","protected":false},"excerpt":{"rendered":"<p>XANGTECH 3st Pink PMMA Disc with Veins is a specialized pink polymethyl methacrylate (PMMA) material designed for dental restorations. Its unique feature lies in the realistic vein-like patterns, which closely mimic the natural appearance of gingival tissue. It provides a more realistic aesthetic effect in the restoration and is suitable for the production of temporary [&hellip;]<\/p>\n","protected":false},"featured_media":3537,"template":"","meta":{"_acf_changed":false},"product_brand":[],"product_cat":[49],"product_tag":[],"class_list":{"0":"post-3536","1":"product","2":"type-product","3":"status-publish","4":"has-post-thumbnail","6":"product_cat-pmma-block","8":"first","9":"instock","10":"shipping-taxable","11":"product-type-simple"},"acf":[],"_links":{"self":[{"href":"https:\/\/www.dentalxangtech.com\/fr\/wp-json\/wp\/v2\/product\/3536","targetHints":{"allow":["GET"]}}],"collection":[{"href":"https:\/\/www.dentalxangtech.com\/fr\/wp-json\/wp\/v2\/product"}],"about":[{"href":"https:\/\/www.dentalxangtech.com\/fr\/wp-json\/wp\/v2\/types\/product"}],"wp:featuredmedia":[{"embeddable":true,"href":"https:\/\/www.dentalxangtech.com\/fr\/wp-json\/wp\/v2\/media\/3537"}],"wp:attachment":[{"href":"https:\/\/www.dentalxangtech.com\/fr\/wp-json\/wp\/v2\/media?parent=3536"}],"wp:term":[{"taxonomy":"product_brand","embeddable":true,"href":"https:\/\/www.dentalxangtech.com\/fr\/wp-json\/wp\/v2\/product_brand?post=3536"},{"taxonomy":"product_cat","embeddable":true,"href":"https:\/\/www.dentalxangtech.com\/fr\/wp-json\/wp\/v2\/product_cat?post=3536"},{"taxonomy":"product_tag","embeddable":true,"href":"https:\/\/www.dentalxangtech.com\/fr\/wp-json\/wp\/v2\/product_tag?post=3536"}],"curies":[{"name":"WP","href":"https:\/\/api.w.org\/{rel}","templated":true}]}}