{"id":3543,"date":"2024-12-26T16:39:47","date_gmt":"2024-12-26T08:39:47","guid":{"rendered":"http\/\/www.dentalxangtech.com\/?post_type=product&#038;p=3543"},"modified":"2024-12-26T16:39:47","modified_gmt":"2024-12-26T08:39:47","slug":"super-hard-pmma-block","status":"publish","type":"product","link":"https:\/\/www.dentalxangtech.com\/fr\/product\/super-hard-pmma-block\/","title":{"rendered":"Bloc PMMA super dur"},"content":{"rendered":"<p>XANGTECH Super Hard PMMA Block repr\u00e9sente le sommet de l'innovation dans les mat\u00e9riaux de restauration dentaire, offrant une r\u00e9sistance, une fiabilit\u00e9 et une polyvalence in\u00e9gal\u00e9es. Sp\u00e9cialement con\u00e7u pour les proc\u00e9dures dentaires exigeantes, il est con\u00e7u pour r\u00e9sister aux rigueurs de l'utilisation quotidienne tout en maintenant son int\u00e9grit\u00e9 et sa qualit\u00e9 esth\u00e9tique. Gr\u00e2ce \u00e0 sa r\u00e9sistance exceptionnelle aux d\u00e9coupages, fissures et usures, ce bloc PMMA assure une durabilit\u00e9 \u00e0 long terme, ce qui en fait un choix id\u00e9al pour cr\u00e9er des restaurations en lesquelles les patients peuvent faire confiance pendant des ann\u00e9es \u00e0 venir. L'une des caract\u00e9ristiques remarquables du bloc PMMA XANGTECH Super Hard est sa capacit\u00e9 \u00e0 rationaliser les flux de travail dans les laboratoires et les cliniques dentaires. En r\u00e9duisant consid\u00e9rablement le temps d\u2019usinage, il permet aux professionnels dentaires d\u2019accomplir leurs t\u00e2ches plus efficacement tout en maintenant les normes les plus \u00e9lev\u00e9es de pr\u00e9cision. Cette efficacit\u00e9 ne vient pas au d\u00e9triment de la qualit\u00e9 - sa composition avanc\u00e9e assure que chaque coupe, contour et finition sont ex\u00e9cut\u00e9s avec une pr\u00e9cision remarquable. Cela en fait un atout pr\u00e9cieux pour les techniciens dentaires qui cherchent \u00e0 augmenter la productivit\u00e9 sans compromettre la qualit\u00e9 de leur travail.<\/p>\n<p>La polyvalence de XANGTECH Super Hard PMMA Block le distingue des autres mat\u00e9riaux. Il convient \u00e0 un large \u00e9ventail de conceptions de restauration, des couronnes et ponts \u00e0 unit\u00e9 unique aux proth\u00e8ses dentaires plus complexes. Sa capacit\u00e9 d\u2019adaptation lui permet de r\u00e9pondre aux besoins sp\u00e9cifiques de chaque patient, assurant que les restaurations s\u2019adaptent parfaitement et se d\u00e9roulent sans faille. Qu'il soit utilis\u00e9 dans des cas simples ou des conceptions complexes, ce bloc PMMA fournit des r\u00e9sultats coh\u00e9rents qui r\u00e9pondent et d\u00e9passent les attentes. Au-del\u00e0 de ses avantages fonctionnels, le bloc XANGTECH Super Hard PMMA est con\u00e7u pour aider les professionnels dentaires \u00e0 atteindre l'excellence esth\u00e9tique. Son mat\u00e9riau haute performance constitue une base fiable pour des restaurations qui sont non seulement durables mais aussi visuellement attrayantes. Les patients b\u00e9n\u00e9ficient de restaurations qui se m\u00e9langent parfaitement avec leurs dents naturelles, offrant un \u00e9quilibre harmonieux de force et de beaut\u00e9. Choisir le bloc XANGTECH Super Hard PMMA signifie investir dans un mat\u00e9riau qui \u00e9l\u00e8ve le niveau des soins dentaires. Il permet aux techniciens dentaires et aux cliniciens de travailler avec confiance, sachant qu'ils ont un produit qui soutient \u00e0 la fois l'efficacit\u00e9 et l'excellence. Avec sa durabilit\u00e9, sa fiabilit\u00e9 et son adaptabilit\u00e9, le bloc XANGTECH Super Hard PMMA est la solution ultime pour cr\u00e9er des restaurations de haute qualit\u00e9 et de longue dur\u00e9e qui am\u00e9liorent la satisfaction des patients et \u00e9tablissent une nouvelle r\u00e9f\u00e9rence dans l'industrie dentaire.<\/p>\n<p>Dans le monde des restaurations dentaires, le mat\u00e9riau choisi peut faire toute la diff\u00e9rence pour atteindre l\u2019excellence fonctionnelle et esth\u00e9tique. Parmi la grande vari\u00e9t\u00e9 de mat\u00e9riaux disponibles, XANGTECH Super Hard PMMA Block se distingue comme un choix privil\u00e9gi\u00e9 pour les professionnels dentaires qui recherchent la durabilit\u00e9, l'efficacit\u00e9 et la polyvalence dans leur travail.<br \/>\nCe qui distingue ce bloc PMMA est sa capacit\u00e9 \u00e0 offrir une r\u00e9sistance exceptionnelle aux \u00e9clats, fissures et usure, ce qui en fait un choix id\u00e9al pour les restaurations dentaires de longue dur\u00e9e. Les patients peuvent compter sur la force et la stabilit\u00e9 de ces restaurations, m\u00eame sous un stress important, s'assurant qu'ils maintiennent leur int\u00e9grit\u00e9 au fil du temps. Cette durabilit\u00e9 est particuli\u00e8rement pr\u00e9cieuse dans un domaine o\u00f9 la long\u00e9vit\u00e9 et la performance d\u2019une restauration sont essentielles \u00e0 la satisfaction du patient. Au-del\u00e0 de sa durabilit\u00e9 impressionnante, XANGTECH Super Hard PMMA Block am\u00e9liore consid\u00e9rablement l'efficacit\u00e9 du flux de travail. Con\u00e7u pour r\u00e9duire le temps d'usinage sans compromettre la pr\u00e9cision, il permet aux techniciens dentaires de terminer les restaurations plus rapidement, ce qui r\u00e9duit \u00e0 son tour les temps de traitement pour les patients. Cette fonctionnalit\u00e9 qui permet de gagner du temps est particuli\u00e8rement cruciale dans les laboratoires et cliniques dentaires fr\u00e9quent\u00e9s, o\u00f9 une production plus rapide est essentielle pour r\u00e9pondre aux demandes des patients tout en maintenant des normes de qualit\u00e9 \u00e9lev\u00e9es.<\/p>","protected":false},"excerpt":{"rendered":"<p>XANGTECH Super Hard PMMA Block represents the pinnacle of innovation in dental restorative materials, offering unmatched strength, reliability, and versatility. Specifically designed for demanding dental procedures, it is engineered to withstand the rigors of daily use while maintaining its integrity and aesthetic quality. With its exceptional resistance to chipping, cracking, and wear, this PMMA block [&hellip;]<\/p>\n","protected":false},"featured_media":3545,"template":"","meta":{"_acf_changed":false},"product_brand":[],"product_cat":[49],"product_tag":[],"class_list":{"0":"post-3543","1":"product","2":"type-product","3":"status-publish","4":"has-post-thumbnail","6":"product_cat-pmma-block","8":"first","9":"instock","10":"shipping-taxable","11":"product-type-simple"},"acf":[],"_links":{"self":[{"href":"https:\/\/www.dentalxangtech.com\/fr\/wp-json\/wp\/v2\/product\/3543","targetHints":{"allow":["GET"]}}],"collection":[{"href":"https:\/\/www.dentalxangtech.com\/fr\/wp-json\/wp\/v2\/product"}],"about":[{"href":"https:\/\/www.dentalxangtech.com\/fr\/wp-json\/wp\/v2\/types\/product"}],"wp:featuredmedia":[{"embeddable":true,"href":"https:\/\/www.dentalxangtech.com\/fr\/wp-json\/wp\/v2\/media\/3545"}],"wp:attachment":[{"href":"https:\/\/www.dentalxangtech.com\/fr\/wp-json\/wp\/v2\/media?parent=3543"}],"wp:term":[{"taxonomy":"product_brand","embeddable":true,"href":"https:\/\/www.dentalxangtech.com\/fr\/wp-json\/wp\/v2\/product_brand?post=3543"},{"taxonomy":"product_cat","embeddable":true,"href":"https:\/\/www.dentalxangtech.com\/fr\/wp-json\/wp\/v2\/product_cat?post=3543"},{"taxonomy":"product_tag","embeddable":true,"href":"https:\/\/www.dentalxangtech.com\/fr\/wp-json\/wp\/v2\/product_tag?post=3543"}],"curies":[{"name":"WP","href":"https:\/\/api.w.org\/{rel}","templated":true}]}}