{"id":3549,"date":"2024-12-27T15:39:52","date_gmt":"2024-12-27T07:39:52","guid":{"rendered":"http\/\/www.dentalxangtech.com\/?post_type=product&#038;p=3549"},"modified":"2025-05-13T19:47:44","modified_gmt":"2025-05-13T11:47:44","slug":"amann-girrbach-monolayer-pmma-disc","status":"publish","type":"product","link":"https:\/\/www.dentalxangtech.com\/fr\/product\/amann-girrbach-monolayer-pmma-disc\/","title":{"rendered":"Disque PMMA monocouche Amann Girrbach"},"content":{"rendered":"<p><span style=\"font-family: arial, helvetica, sans-serif; font-size: 14pt;\">XANGTECH Amann Girrbach Monolayer PMMA Disc est une solution innovante dans le domaine des mat\u00e9riaux dentaires, con\u00e7ue pour r\u00e9pondre \u00e0 la demande croissante de pr\u00e9cision, de durabilit\u00e9 et d'excellence esth\u00e9tique dans la dentisterie restauratrice moderne. Fabriqu\u00e9 \u00e0 l'aide de polym\u00e9thyle m\u00e9thacrylate de haute qualit\u00e9 (PMMA), ce disque est con\u00e7u pour \u00eatre utilis\u00e9 dans les syst\u00e8mes de fraisage CAO \/ CAM, permettant la production d'une large gamme de restaurations dentaires, y compris des couronnes, des ponts, des placages et des structures support\u00e9es par des implants. Disponible en vita 16 couleurs et nuances roses, le disque est id\u00e9al pour reproduire l'apparence naturelle des dents, ce qui en fait un choix privil\u00e9gi\u00e9 pour les restaurations temporaires et permanentes. En outre, sa biocompatibilit\u00e9 garantit qu'il peut \u00eatre utilis\u00e9 en toute s\u00e9curit\u00e9 pour des applications intraorales sans provoquer d'irritation ou de r\u00e9actions allergiques, en conformit\u00e9 avec les exigences strictes des soins dentaires contemporains.<\/span><\/p>\n<p><span style=\"font-family: arial, helvetica, sans-serif; font-size: 14pt;\">Le disque PMMA monocouche XANGTECH Amann Girrbach poss\u00e8de une usinabilit\u00e9 et des propri\u00e9t\u00e9s physiques sup\u00e9rieures. La composition du mat\u00e9riau est optimis\u00e9e pour minimiser l'usure des outils lors de la fraise, ce qui non seulement prolonge la dur\u00e9e de vie des outils de coupe, mais r\u00e9duit \u00e9galement les co\u00fbts op\u00e9rationnels et les d\u00e9chets. Sa haute r\u00e9sistance aux fractures et sa stabilit\u00e9 structurelle lui permettent de r\u00e9sister aux contraintes m\u00e9caniques de la cavit\u00e9 buccale, assurant des restaurations durables qui maintiennent leur forme et leur fonction au fil du temps. De plus, le disque PMMA pr\u00e9sente une excellente polibilit\u00e9, permettant la cr\u00e9ation de surfaces lisses et brillantes qui am\u00e9liorent \u00e0 la fois les qualit\u00e9s visuelles et tactiles de la restauration. Cette caract\u00e9ristique est particuli\u00e8rement b\u00e9n\u00e9fique pour la satisfaction du patient, car elle reproduit le lustre naturel de l'\u00e9mail tout en offrant un ajustement confortable. La faible absorption d\u2019eau et la r\u00e9sistance \u00e0 la teinture du disque contribuent encore \u00e0 sa long\u00e9vit\u00e9, assurant que les restaurations conservent leur attrait esth\u00e9tique tout au long de la dur\u00e9e d\u2019utilisation.<\/span><\/p>\n<p><span style=\"font-family: arial, helvetica, sans-serif; font-size: 14pt;\">Il est adaptable et facile \u00e0 int\u00e9grer dans le flux de travail dentaire. Compatible avec la plupart des syst\u00e8mes de fraisage CAO\/CAM, il prend en charge des processus de fabrication rationalis\u00e9s, r\u00e9duisant le temps de production tout en maintenant une haute pr\u00e9cision. Sa polyvalence le rend adapt\u00e9 pour les restaurations temporaires qui prot\u00e8gent les dents pr\u00e9par\u00e9es pendant les phases de traitement ainsi que les proth\u00e8ses d\u00e9finitives con\u00e7ues pour une utilisation \u00e0 long terme. De plus, son processus de production respectueux de l\u2019environnement s\u2019aligne sur l\u2019accent croissant mis sur la durabilit\u00e9 dans l\u2019industrie dentaire. En combinant la science des mat\u00e9riaux avanc\u00e9e avec un design convivial, le disque PMMA monocouche Amann Girrbach souligne sa position en tant que choix fiable pour les laboratoires et cliniques dentaires qui visent \u00e0 obtenir des r\u00e9sultats restauratifs sup\u00e9rieurs avec efficacit\u00e9 et coh\u00e9rence.<\/span><\/p>","protected":false},"excerpt":{"rendered":"<p>XANGTECH Amann Girrbach Monolayer PMMA Disc is an innovative solution in the realm of dental materials, designed to meet the growing demand for precision, durability, and aesthetic excellence in modern restorative dentistry. Manufactured using high-grade polymethyl methacrylate (PMMA), this disc is engineered for use in CAD\/CAM milling systems, enabling the production of a wide range [&hellip;]<\/p>\n","protected":false},"featured_media":3551,"template":"","meta":{"_acf_changed":false},"product_brand":[],"product_cat":[49],"product_tag":[],"class_list":{"0":"post-3549","1":"product","2":"type-product","3":"status-publish","4":"has-post-thumbnail","6":"product_cat-pmma-block","8":"first","9":"instock","10":"shipping-taxable","11":"product-type-simple"},"acf":[],"_links":{"self":[{"href":"https:\/\/www.dentalxangtech.com\/fr\/wp-json\/wp\/v2\/product\/3549","targetHints":{"allow":["GET"]}}],"collection":[{"href":"https:\/\/www.dentalxangtech.com\/fr\/wp-json\/wp\/v2\/product"}],"about":[{"href":"https:\/\/www.dentalxangtech.com\/fr\/wp-json\/wp\/v2\/types\/product"}],"wp:featuredmedia":[{"embeddable":true,"href":"https:\/\/www.dentalxangtech.com\/fr\/wp-json\/wp\/v2\/media\/3551"}],"wp:attachment":[{"href":"https:\/\/www.dentalxangtech.com\/fr\/wp-json\/wp\/v2\/media?parent=3549"}],"wp:term":[{"taxonomy":"product_brand","embeddable":true,"href":"https:\/\/www.dentalxangtech.com\/fr\/wp-json\/wp\/v2\/product_brand?post=3549"},{"taxonomy":"product_cat","embeddable":true,"href":"https:\/\/www.dentalxangtech.com\/fr\/wp-json\/wp\/v2\/product_cat?post=3549"},{"taxonomy":"product_tag","embeddable":true,"href":"https:\/\/www.dentalxangtech.com\/fr\/wp-json\/wp\/v2\/product_tag?post=3549"}],"curies":[{"name":"WP","href":"https:\/\/api.w.org\/{rel}","templated":true}]}}