{"id":3957,"date":"2025-07-04T11:28:24","date_gmt":"2025-07-04T03:28:24","guid":{"rendered":"http\/\/www.dentalxangtech.com\/?post_type=product&#038;p=3957"},"modified":"2025-07-04T11:28:25","modified_gmt":"2025-07-04T03:28:25","slug":"4d-pro-aesthetics-multilayer-zirconia-block","status":"publish","type":"product","link":"https:\/\/www.dentalxangtech.com\/fr\/product\/4d-pro-aesthetics-multilayer-zirconia-block\/","title":{"rendered":"Bloc de zirconie multicouche 4D Pro esth\u00e9tique"},"content":{"rendered":"<p>XANGTECH 4D Pro est un mat\u00e9riau innovant d\u00e9velopp\u00e9 sp\u00e9cifiquement pour les besoins de restauration esth\u00e9tique haut de gamme. Il int\u00e8gre des r\u00e9alisations de recherche scientifique avanc\u00e9e et des processus d'ing\u00e9nierie de pr\u00e9cision, rompant compl\u00e8tement les limites esth\u00e9tiques et de performance des mat\u00e9riaux traditionnels de zirconie. Il adopte une conception unique d'empilage \u00e0 5 couches, qui reproduit avec pr\u00e9cision les caract\u00e9ristiques optiques des dents naturelles de l'extr\u00e9mit\u00e9 de coupe au cou \u00e0 travers un gradient de transmission de la lumi\u00e8re de 49% \u00e0 59% du cou, obtenant un effet de gradient plus naturel et tridimensionnel. Cela permet \u00e0 la restauration de pr\u00e9senter un sens vivant de hi\u00e9rarchie et de lustre transparent semblable \u00e0 de vraies dents sous diff\u00e9rentes conditions d'\u00e9clairage et d'environnements oraux. Dans le m\u00eame temps, sa structure innovante de gradient de 9 couches optimise encore la richesse et la profondeur des couleurs internes, apportant une haute transparence et une sensation de lumi\u00e8re douce similaire au gla\u00e7ure en porcelaine, permettant \u00e0 la restauration d'atteindre un niveau plus \u00e9lev\u00e9 d'esth\u00e9tique, de fusion et de dissimulation, parfaitement adapt\u00e9 au patient &#8217; s couleur dentaire individuelle, donnant \u00e0 la restauration un effet hautement biomim\u00e9tique, presque indistinguissible de la fronti\u00e8re entre les dents naturelles. Contrairement aux mat\u00e9riaux traditionnels qui n\u00e9cessitent de multiples teintures ou de coloration de surface, il peut pr\u00e9senter directement une expression de couleur stable et naturelle sans teinture suppl\u00e9mentaire. Cela r\u00e9duit non seulement consid\u00e9rablement le risque de diff\u00e9rence de couleur et d'incertitude caus\u00e9s par le processus de teinture, mais am\u00e9liore \u00e9galement efficacement la simplicit\u00e9 et l'efficacit\u00e9 clinique de l'op\u00e9ration technique, aidant les m\u00e9decins \u00e0 atteindre l'effet esth\u00e9tique attendu plus facilement et avec plus de pr\u00e9cision, assurant la stabilit\u00e9 de couleur \u00e0 long terme et la durabilit\u00e9 de la restauration.<br \/>\nIl convient de mentionner que tout en mettant l'accent sur les performances esth\u00e9tiques, ce mat\u00e9riau maintient toujours une excellente r\u00e9sistance m\u00e9canique, qui peut facilement faire face \u00e0 des besoins fonctionnels oraux complexes et \u00e0 des charges de morsure \u00e0 long terme. Que ce soit des placages dentaires avant, des restaurations de couronne compl\u00e8te ou des restaurations de dents post\u00e9rieures partielles qui n\u00e9cessitent une r\u00e9sistance et une durabilit\u00e9 plus \u00e9lev\u00e9es, il peut fournir aux patients une exp\u00e9rience utilisateur s\u00fbre, fiable et confortable. Avec ses excellentes performances optiques, son avantage de proc\u00e9d\u00e9 de non-teinture, ses performances m\u00e9caniques exceptionnelles et sa recherche ultime des d\u00e9tails, il n'est pas seulement un mat\u00e9riau, mais repr\u00e9sente \u00e9galement un respect et une reproduction de l'esth\u00e9tique naturelle, une protection et un engagement envers les patients. sourires confiants. Il aide les m\u00e9decins \u00e0 r\u00e9aliser des plans de restauration complexes de mani\u00e8re plus efficace et pr\u00e9cise, r\u00e9duisant la pression op\u00e9rationnelle, tout en dotant les patients d'une beaut\u00e9 dentaire naturelle et d'une garantie fonctionnelle durable, faisant de chaque restauration un t\u00e9moin de la combinaison parfaite de beaut\u00e9 naturelle et de puissance scientifique.<\/p>\n<div style=\"width: 800px;\" class=\"wp-video\"><video class=\"wp-video-shortcode\" id=\"video-3957-1\" width=\"800\" height=\"450\" preload=\"metadata\" controls=\"controls\"><source type=\"video\/mp4\" src=\"http:\/\/http\/\/www.dentalxangtech.com\/wp-content\/uploads\/2025\/07\/4D-Pro\u7f8e\u5b66\u9506\u5feb2025V1.mp4?_=1\" \/><a href=\"http:\/\/http\/\/www.dentalxangtech.com\/wp-content\/uploads\/2025\/07\/4D-Pro\u7f8e\u5b66\u9506\u5feb2025V1.mp4\">http:\/\/http\/\/www.dentalxangtech.com\/wp-content\/uploads\/2025\/07\/4D-Pro\u7f8e\u5b66\u9506\u5feb2025V1.mp4<\/a><\/video><\/div>","protected":false},"excerpt":{"rendered":"<p>XANGTECH 4D Pro aesthetic multilayer zirconia block is an innovative material developed specifically for high-end aesthetic restoration needs. It integrates advanced scientific research achievements and precision engineering processes, comprehensively breaking through the aesthetic and performance limitations of traditional zirconia materials. It adopts a unique 5-layer stacking design, which accurately reproduces the optical characteristics of natural [&hellip;]<\/p>\n","protected":false},"featured_media":3962,"template":"","meta":{"_acf_changed":false},"product_brand":[],"product_cat":[51],"product_tag":[],"class_list":{"0":"post-3957","1":"product","2":"type-product","3":"status-publish","4":"has-post-thumbnail","6":"product_cat-multilayer-zirconia-blcok","8":"first","9":"instock","10":"shipping-taxable","11":"product-type-simple"},"acf":[],"_links":{"self":[{"href":"https:\/\/www.dentalxangtech.com\/fr\/wp-json\/wp\/v2\/product\/3957","targetHints":{"allow":["GET"]}}],"collection":[{"href":"https:\/\/www.dentalxangtech.com\/fr\/wp-json\/wp\/v2\/product"}],"about":[{"href":"https:\/\/www.dentalxangtech.com\/fr\/wp-json\/wp\/v2\/types\/product"}],"wp:featuredmedia":[{"embeddable":true,"href":"https:\/\/www.dentalxangtech.com\/fr\/wp-json\/wp\/v2\/media\/3962"}],"wp:attachment":[{"href":"https:\/\/www.dentalxangtech.com\/fr\/wp-json\/wp\/v2\/media?parent=3957"}],"wp:term":[{"taxonomy":"product_brand","embeddable":true,"href":"https:\/\/www.dentalxangtech.com\/fr\/wp-json\/wp\/v2\/product_brand?post=3957"},{"taxonomy":"product_cat","embeddable":true,"href":"https:\/\/www.dentalxangtech.com\/fr\/wp-json\/wp\/v2\/product_cat?post=3957"},{"taxonomy":"product_tag","embeddable":true,"href":"https:\/\/www.dentalxangtech.com\/fr\/wp-json\/wp\/v2\/product_tag?post=3957"}],"curies":[{"name":"WP","href":"https:\/\/api.w.org\/{rel}","templated":true}]}}