{"id":3981,"date":"2025-07-10T17:41:01","date_gmt":"2025-07-10T09:41:01","guid":{"rendered":"http\/\/www.dentalxangtech.com\/?post_type=product&#038;p=3981"},"modified":"2025-07-10T17:41:01","modified_gmt":"2025-07-10T09:41:01","slug":"super-high-translucent-3d-multilayer-zirconia-block","status":"publish","type":"product","link":"https:\/\/www.dentalxangtech.com\/fr\/product\/super-high-translucent-3d-multilayer-zirconia-block\/","title":{"rendered":"Bloc de zirconie multicouche 3D translucide super haute"},"content":{"rendered":"<p>Le bloc de zirconie multicouche XANGTECH SHT 3D est un mat\u00e9riau dentaire innovant pour la restauration esth\u00e9tique haut de gamme, con\u00e7u pour les besoins cliniques qui recherchent la beaut\u00e9 naturelle ultime et d'excellentes performances. Il adopte la technologie avanc\u00e9e de gradient de pr\u00e9-teinture \u00e0 sept couches et le processus de superposition \u00e0 quatre couches pour contr\u00f4ler avec pr\u00e9cision la distribution de couleur et la transmission, pr\u00e9sentant une transition de couleur naturelle de 47% \u00e0 l'extr\u00e9mit\u00e9 incisale \u00e0 44% au cou, restaurant la couleur physiologique et les couches riches de dents naturelles dans la plus grande mesure possible et r\u00e9alisant un effet esth\u00e9tique hautement transparent et r\u00e9aliste. Le produit ne n\u00e9cessite pas de teinture suppl\u00e9mentaire et peut \u00eatre r\u00e9par\u00e9 en une seule \u00e9tape, ce qui simplifie consid\u00e9rablement le technicien&#8217; processus d'exploitation s et am\u00e9liore l'efficacit\u00e9 du travail. En m\u00eame temps, il r\u00e9duit le risque de diff\u00e9rence de couleur caus\u00e9e par la teinture artificielle, rendant le processus de r\u00e9paration plus efficace et plus s\u00fbr.<\/p>\n<p>En termes de propri\u00e9t\u00e9s m\u00e9caniques, il pr\u00e9sente une r\u00e9sistance \u00e0 la flexion allant jusqu'\u00e0 800MPa et une excellente r\u00e9sistance, r\u00e9pondant aux exigences strictes de diverses restaurations complexes en mati\u00e8re de r\u00e9sistance et de soutien, et tenant compte de la durabilit\u00e9 et de la s\u00e9curit\u00e9. Son excellente r\u00e9sistance aux fissures et sa stabilit\u00e9 \u00e0 long terme le rendent largement applicable \u00e0 une vari\u00e9t\u00e9 de solutions de restauration clinique telles que des couronnes simples, des placages, des incrustations, des couronnes compl\u00e8tes et des ponts multi-dents, garantissant pleinement l'exp\u00e9rience d'utilisation \u00e0 long terme de la restauration. Le mat\u00e9riel&#8217; sa conception de duret\u00e9 optimis\u00e9e r\u00e9duit efficacement l'usure et le stress occlusal des dents contralat\u00e9rales, prot\u00e8ge la structure dentaire naturelle et am\u00e9liore encore le confort et la fonctionnalit\u00e9 de l'usure.<\/p>\n<p>En outre, il a une excellente biocompatibilit\u00e9, peut bien s'adapter \u00e0 l'environnement buccale, r\u00e9duire la stimulation et la r\u00e9ponse inflammatoire aux tissus mous, prot\u00e9ger compl\u00e8tement le patient&#8217; sant\u00e9 buccale, et am\u00e9liorer l'exp\u00e9rience globale de restauration et la satisfaction. Sa surface est dense et lisse, avec une excellente r\u00e9sistance \u00e0 la pollution et \u00e0 la corrosion chimique, emp\u00eachant efficacement le d\u00e9p\u00f4t de pigments et la stimulation externe, maintenant la couleur naturelle et la brillance pendant une longue p\u00e9riode et r\u00e9duisant la difficult\u00e9 du nettoyage et de l'entretien quotidiens. L'excellente adaptabilit\u00e9 des bords et l'\u00e9tanch\u00e9it\u00e9 pr\u00e9cise des bords assurent que la restauration s'adapte parfaitement \u00e0 la dent, r\u00e9duisant le risque de caries secondaire et de fuites de bords, et am\u00e9liorant globalement la qualit\u00e9 de la restauration et la s\u00e9curit\u00e9 buccale.<\/p>\n<div style=\"width: 800px;\" class=\"wp-video\"><video class=\"wp-video-shortcode\" id=\"video-3981-1\" width=\"800\" height=\"450\" preload=\"metadata\" controls=\"controls\"><source type=\"video\/mp4\" src=\"http:\/\/http\/\/www.dentalxangtech.com\/wp-content\/uploads\/2025\/07\/SHT-3D-ML.mp4?_=1\" \/><a href=\"http:\/\/http\/\/www.dentalxangtech.com\/wp-content\/uploads\/2025\/07\/SHT-3D-ML.mp4\">http:\/\/http\/\/www.dentalxangtech.com\/wp-content\/uploads\/2025\/07\/SHT-3D-ML.mp4<\/a><\/video><\/div>","protected":false},"excerpt":{"rendered":"<p>XANGTECH SHT 3D multilayer zirconia block is an innovative dental material for high-end aesthetic restoration, designed for clinical needs that pursue the ultimate natural beauty and excellent performance. It adopts advanced seven-layer pre-dyeing gradient technology and four-layer superposition process to accurately control color distribution and transmittance, presenting a natural color transition from 47% at the [&hellip;]<\/p>\n","protected":false},"featured_media":3983,"template":"","meta":{"_acf_changed":false},"product_brand":[],"product_cat":[43],"product_tag":[],"class_list":{"0":"post-3981","1":"product","2":"type-product","3":"status-publish","4":"has-post-thumbnail","6":"product_cat-zirconia-block","8":"first","9":"instock","10":"shipping-taxable","11":"product-type-simple"},"acf":[],"_links":{"self":[{"href":"https:\/\/www.dentalxangtech.com\/fr\/wp-json\/wp\/v2\/product\/3981","targetHints":{"allow":["GET"]}}],"collection":[{"href":"https:\/\/www.dentalxangtech.com\/fr\/wp-json\/wp\/v2\/product"}],"about":[{"href":"https:\/\/www.dentalxangtech.com\/fr\/wp-json\/wp\/v2\/types\/product"}],"wp:featuredmedia":[{"embeddable":true,"href":"https:\/\/www.dentalxangtech.com\/fr\/wp-json\/wp\/v2\/media\/3983"}],"wp:attachment":[{"href":"https:\/\/www.dentalxangtech.com\/fr\/wp-json\/wp\/v2\/media?parent=3981"}],"wp:term":[{"taxonomy":"product_brand","embeddable":true,"href":"https:\/\/www.dentalxangtech.com\/fr\/wp-json\/wp\/v2\/product_brand?post=3981"},{"taxonomy":"product_cat","embeddable":true,"href":"https:\/\/www.dentalxangtech.com\/fr\/wp-json\/wp\/v2\/product_cat?post=3981"},{"taxonomy":"product_tag","embeddable":true,"href":"https:\/\/www.dentalxangtech.com\/fr\/wp-json\/wp\/v2\/product_tag?post=3981"}],"curies":[{"name":"WP","href":"https:\/\/api.w.org\/{rel}","templated":true}]}}