{"id":4008,"date":"2025-07-17T17:40:06","date_gmt":"2025-07-17T09:40:06","guid":{"rendered":"https:\/\/www.dentalxangtech.com\/?post_type=product&#038;p=4008"},"modified":"2025-09-11T11:25:05","modified_gmt":"2025-09-11T03:25:05","slug":"rx-8h-metal-milling-machine","status":"publish","type":"product","link":"https:\/\/www.dentalxangtech.com\/fr\/product\/rx-8h-metal-milling-machine\/","title":{"rendered":"Fraiseuse de m\u00e9tal RX-8H"},"content":{"rendered":"<p><span style=\"font-size: 14pt;\">La fraise de m\u00e9taux XANGTECH RX-8H est une solution dentaire intelligente sp\u00e9cialement con\u00e7ue pour l'usinage dentaire de pr\u00e9cision. Non seulement elle pr\u00e9sente une conception verticale, confortable et int\u00e9gr\u00e9e, mais pour garantir la pr\u00e9cision et la stabilit\u00e9 \u00e0 long terme d\u00e8s le d\u00e9part, notre fraise RX-8H utilise des composants internationaux de haut niveau dans sa structure m\u00e9canique de base et ses composants de commande. Au sein de la fraise, nous&#8217; nous l'avons \u00e9quip\u00e9 d'un syst\u00e8me de contr\u00f4le intelligent personnalis\u00e9 et informatique. Combin\u00e9 avec son traitement de donn\u00e9es \u00e0 grande vitesse, son contr\u00f4le de pr\u00e9cision au niveau du micron et ses capacit\u00e9s de prise de d\u00e9cision adaptatives, il peut r\u00e9pondre aux exigences d'usinage personnalis\u00e9es en fonction des caract\u00e9ristiques de mat\u00e9riaux dentaires tels que le titane. En outre, il g\u00e9n\u00e8re automatiquement des param\u00e8tres d'usinage optimaux et int\u00e8gre un syst\u00e8me de protection intelligent \u00e0 plusieurs couches (y compris la protection contre la surcharge, la surveillance de la temp\u00e9rature en temps r\u00e9el et les avertissements d'usinage anormal) pour prot\u00e9ger compl\u00e8tement le fonctionnement de la machine et la s\u00e9curit\u00e9 d'usinage.<\/span><\/p>\n<p><span style=\"font-size: 14pt;\">En r\u00e9duisant la complexit\u00e9 op\u00e9rationnelle et en augmentant le niveau d'automatisation du processus d'usinage, la fraise dentaire RX-8H peut r\u00e9aliser un fonctionnement enti\u00e8rement sans pilote. La fraise dentaire XANGTECH RX-8H est non seulement \u00e9quip\u00e9e d'un magasin intelligent \u00e0 21 outils de grande capacit\u00e9, mais permet \u00e9galement le d\u00e9marrage d'un seul bouton pour d\u00e9clencher l'ensemble du processus d'usinage. La fraise de m\u00e9tal RX-8H effectue m\u00eame automatiquement des changements d'outils, une d\u00e9tection pr\u00e9cise de la longueur de l'outil et une correction dynamique de la posture de l'outil, minimisant le temps de travail auxiliaire et am\u00e9liorant l'efficacit\u00e9 du traitement par lots. Notre machine de fraisage de m\u00e9tal&#8217; s broche de pr\u00e9cision ultra-haute vitesse, avec une vitesse maximale de 60 000 tr\/min, combine une puissance de coupe puissante avec une stabilit\u00e9 op\u00e9rationnelle au niveau du micron. Cela lui permet de couper facilement et efficacement des mat\u00e9riaux dentaires \u00e0 haute duret\u00e9 comme les disques en titane tout en maintenant la finition de surface et la pr\u00e9cision dimensionnelle de produits tels que les couronnes et les but\u00e9es. Pour r\u00e9pondre aux besoins divers des sc\u00e9narios de traitement dentaire, la fraise dentaire m\u00e9tallique RX-8H a une adaptabilit\u00e9 hautement flexible: elle peut personnaliser et associer des strat\u00e9gies de traitement exclusives en fonction des caract\u00e9ristiques de diff\u00e9rents mat\u00e9riaux dentaires, tels que le titane pur, l'alliage de titane, le lingot de diamant, la r\u00e9sine <span style=\"color: #00ccff;\"><a style=\"color: #00ccff;\" href=\"https:\/\/www.dentalxangtech.com\/fr\/product-category\/dental-material\/dental-wax-block\/\">blocs de cire<\/a><\/span>, <span style=\"color: #00ccff;\"><a style=\"color: #00ccff;\" href=\"https:\/\/www.dentalxangtech.com\/fr\/product-category\/dental-material\/lithium-disilicate\/\">verre c\u00e9ramique<\/a><\/span>des but\u00e9es pr\u00e9fabriqu\u00e9es et des but\u00e9es personnalis\u00e9es. La fraise de m\u00e9tal XANGTECH detnal RX-8H peut \u00e9galement couvrir pleinement les besoins de production personnalis\u00e9s de diff\u00e9rents utilisateurs tels que les cliniques dentaires et les usines de traitement de proth\u00e8ses dentaires selon diff\u00e9rents types de couronne tels que les couronnes compl\u00e8tes, les ponts et les but\u00e9es d'implants, fournissant un support d'\u00e9quipement dentaire de base qui combine pr\u00e9cision, efficacit\u00e9 et flexibilit\u00e9 pour la fabrication dentaire haut de gamme.<\/span><\/p>\n<p><strong><span style=\"font-size: 18pt;\">1. \u00c9quipement de coupe de m\u00e9tal efficace et stable.<\/span><\/strong><\/p>\n<p><strong><span style=\"font-size: 18pt;\">2. magazine d'outils de 21 pouces avec changeur d'outils automatique.<\/span><\/strong><\/p>\n<p><strong><span style=\"font-size: 18pt;\">3. Angles d'axe B jusqu'\u00e0 35\u00b0 et -91\u00b0.<\/span><\/strong><\/p>\n<p><strong><span style=\"font-size: 18pt;\">4. D\u00e9tection automatique de la dur\u00e9e de vie et de l'usure de l'outil.<\/span><\/strong><\/p>\n<p><strong><span style=\"font-size: 18pt;\">5. \u00e9talonnage automatique \u00e0 une seule touche.<\/span><\/strong><\/p>\n<p><strong><span style=\"font-size: 18pt;\">6. Abutment, barre d'implant et solutions de traitement du pont d'implant.<\/span><\/strong><\/p>\n<p>&nbsp;<\/p>\n<p><img fetchpriority=\"high\" decoding=\"async\" class=\"alignnone wp-image-4248\" src=\"https:\/\/www.dentalxangtech.com\/wp-content\/uploads\/2025\/07\/RX-8H-300x264.png\" alt=\"Fraiseuse de m\u00e9tal RX-8H \" width=\"550\" height=\"485\" srcset=\"https:\/\/www.dentalxangtech.com\/wp-content\/uploads\/2025\/07\/RX-8H-300x264.png 300w, https:\/\/www.dentalxangtech.com\/wp-content\/uploads\/2025\/07\/RX-8H-14x12.png 14w, https:\/\/www.dentalxangtech.com\/wp-content\/uploads\/2025\/07\/RX-8H-600x529.png 600w, https:\/\/www.dentalxangtech.com\/wp-content\/uploads\/2025\/07\/RX-8H.png 692w\" sizes=\"(max-width: 550px) 100vw, 550px\" \/>\u00a0 \u00a0 \u00a0 \u00a0 \u00a0 \u00a0 \u00a0 \u00a0 \u00a0 \u00a0 \u00a0 \u00a0 <img decoding=\"async\" class=\"alignnone wp-image-4249\" src=\"https:\/\/www.dentalxangtech.com\/wp-content\/uploads\/2025\/07\/RX-8H-1-300x266.png\" alt=\"Fraiseuse de m\u00e9tal RX-8H \" width=\"550\" height=\"488\" srcset=\"https:\/\/www.dentalxangtech.com\/wp-content\/uploads\/2025\/07\/RX-8H-1-300x266.png 300w, https:\/\/www.dentalxangtech.com\/wp-content\/uploads\/2025\/07\/RX-8H-1-14x12.png 14w, https:\/\/www.dentalxangtech.com\/wp-content\/uploads\/2025\/07\/RX-8H-1.png 531w\" sizes=\"(max-width: 550px) 100vw, 550px\" \/><\/p>\n<p>&nbsp;<\/p>","protected":false},"excerpt":{"rendered":"<p>XANGTECH RX-8H metal milling machine is an intelligent dental solution specifically designed for precision dental machining. Not only does it feature a vertical, comfortable, integrated design, but to guarantee precision and long-term stability from the ground up, our RX-8H milling machine utilizes top-tier international components in its core mechanical structure and control components. Within the [&hellip;]<\/p>\n","protected":false},"featured_media":4009,"template":"","meta":{"_acf_changed":false},"product_brand":[],"product_cat":[40],"product_tag":[],"class_list":{"0":"post-4008","1":"product","2":"type-product","3":"status-publish","4":"has-post-thumbnail","6":"product_cat-digital-equipments","8":"first","9":"instock","10":"shipping-taxable","11":"product-type-simple"},"acf":[],"_links":{"self":[{"href":"https:\/\/www.dentalxangtech.com\/fr\/wp-json\/wp\/v2\/product\/4008","targetHints":{"allow":["GET"]}}],"collection":[{"href":"https:\/\/www.dentalxangtech.com\/fr\/wp-json\/wp\/v2\/product"}],"about":[{"href":"https:\/\/www.dentalxangtech.com\/fr\/wp-json\/wp\/v2\/types\/product"}],"wp:featuredmedia":[{"embeddable":true,"href":"https:\/\/www.dentalxangtech.com\/fr\/wp-json\/wp\/v2\/media\/4009"}],"wp:attachment":[{"href":"https:\/\/www.dentalxangtech.com\/fr\/wp-json\/wp\/v2\/media?parent=4008"}],"wp:term":[{"taxonomy":"product_brand","embeddable":true,"href":"https:\/\/www.dentalxangtech.com\/fr\/wp-json\/wp\/v2\/product_brand?post=4008"},{"taxonomy":"product_cat","embeddable":true,"href":"https:\/\/www.dentalxangtech.com\/fr\/wp-json\/wp\/v2\/product_cat?post=4008"},{"taxonomy":"product_tag","embeddable":true,"href":"https:\/\/www.dentalxangtech.com\/fr\/wp-json\/wp\/v2\/product_tag?post=4008"}],"curies":[{"name":"WP","href":"https:\/\/api.w.org\/{rel}","templated":true}]}}