{"id":4157,"date":"2025-08-28T15:34:41","date_gmt":"2025-08-28T07:34:41","guid":{"rendered":"http\/\/www.dentalxangtech.com\/?post_type=product&#038;p=4157"},"modified":"2025-08-28T15:34:41","modified_gmt":"2025-08-28T07:34:41","slug":"pf1200d-porcelain-furnace","status":"publish","type":"product","link":"https:\/\/www.dentalxangtech.com\/fr\/product\/pf1200d-porcelain-furnace\/","title":{"rendered":"PF1200D Four \u00e0 porcelaine"},"content":{"rendered":"<p>Le four en porcelaine XANGTECH PF1200D est polyvalent. Mode bicourbe, pr\u00e9sentation compl\u00e8te du processus de cristallisation. Les utilisateurs peuvent \u00e9galement choisir le mode simple ou double courbe en fonction de leurs propres besoins dentaires. Deuxi\u00e8mement, l'excellente fonction de r\u00e9gulation automatique de la temp\u00e9rature de notre four en porcelaine dentaire peut contr\u00f4ler la fluctuation de temp\u00e9rature \u00e0 l'int\u00e9rieur de 1 \u2103. Pour la commodit\u00e9 d'exploitation du four en porcelaine, le four en porcelaine XANGTECH dispose d'une fonction d'\u00e9talonnage automatique de la temp\u00e9rature, qui peut \u00e9talonner la temp\u00e9rature avant chaque utilisation. Ces contr\u00f4les de temp\u00e9rature assurent un environnement de vide stable pour le four en c\u00e9ramique. Pendant le fonctionnement, le four en porcelaine affichera sa fonction d'annonce vocale pour la confirmation en temps r\u00e9el du processus de fonctionnement.<br \/>\nNotre four en porcelaine peut stocker jusqu'\u00e0 50 programmes, faciles \u00e0 comprendre et parfaitement adapt\u00e9s \u00e0 un large \u00e9ventail de besoins dentaires. En outre, aucune formation dentaire compliqu\u00e9e n'est n\u00e9cessaire, ce qui r\u00e9duit la difficult\u00e9 d'op\u00e9ration, \u00e9conomise le temps d'op\u00e9ration et am\u00e9liore l'efficacit\u00e9 du travail. Dans le vrai \u00e9cran tactile couleur que nous l'avons \u00e9quip\u00e9, l'interface d'exploitation est tr\u00e8s simple et intuitive. La chose la plus remarquable est que ce four en porcelaine est tr\u00e8s petit de taille, ce qui permet de le placer et d'\u00eatre utilis\u00e9 m\u00eame dans de petits espaces tels que les laboratoires dentaires, les petits studios, les cliniques dentaires, etc. De plus, nous l'avons \u00e9quip\u00e9 d'une petite pompe \u00e0 vide qui peut fonctionner efficacement avec lui.<\/p>\n<div style=\"width: 800px;\" class=\"wp-video\"><video class=\"wp-video-shortcode\" id=\"video-4157-1\" width=\"800\" height=\"450\" preload=\"metadata\" controls=\"controls\"><source type=\"video\/mp4\" src=\"http:\/\/http\/\/www.dentalxangtech.com\/wp-content\/uploads\/2025\/08\/47.3MB.mp4?_=1\" \/><a href=\"http:\/\/http\/\/www.dentalxangtech.com\/wp-content\/uploads\/2025\/08\/47.3MB.mp4\">http:\/\/http\/\/www.dentalxangtech.com\/wp-content\/uploads\/2025\/08\/47.3MB.mp4<\/a><\/video><\/div>","protected":false},"excerpt":{"rendered":"<p>XANGTECH PF1200D porcelain furnace is versatile. Bicurve mode, complete presentation of the crystallization process. Users can also choose single curve or double curve mode according to their own dental needs. Secondly, the excellent auto-temperature regulation function of our dental porcelain furnace can control the temperature fluctuation within 1\u2103. For the convenience of operating the porcelain [&hellip;]<\/p>\n","protected":false},"featured_media":4165,"template":"","meta":{"_acf_changed":false},"product_brand":[],"product_cat":[66],"product_tag":[],"class_list":{"0":"post-4157","1":"product","2":"type-product","3":"status-publish","4":"has-post-thumbnail","6":"product_cat-glaze-paste","8":"first","9":"instock","10":"shipping-taxable","11":"product-type-simple"},"acf":[],"_links":{"self":[{"href":"https:\/\/www.dentalxangtech.com\/fr\/wp-json\/wp\/v2\/product\/4157","targetHints":{"allow":["GET"]}}],"collection":[{"href":"https:\/\/www.dentalxangtech.com\/fr\/wp-json\/wp\/v2\/product"}],"about":[{"href":"https:\/\/www.dentalxangtech.com\/fr\/wp-json\/wp\/v2\/types\/product"}],"wp:featuredmedia":[{"embeddable":true,"href":"https:\/\/www.dentalxangtech.com\/fr\/wp-json\/wp\/v2\/media\/4165"}],"wp:attachment":[{"href":"https:\/\/www.dentalxangtech.com\/fr\/wp-json\/wp\/v2\/media?parent=4157"}],"wp:term":[{"taxonomy":"product_brand","embeddable":true,"href":"https:\/\/www.dentalxangtech.com\/fr\/wp-json\/wp\/v2\/product_brand?post=4157"},{"taxonomy":"product_cat","embeddable":true,"href":"https:\/\/www.dentalxangtech.com\/fr\/wp-json\/wp\/v2\/product_cat?post=4157"},{"taxonomy":"product_tag","embeddable":true,"href":"https:\/\/www.dentalxangtech.com\/fr\/wp-json\/wp\/v2\/product_tag?post=4157"}],"curies":[{"name":"WP","href":"https:\/\/api.w.org\/{rel}","templated":true}]}}