{"id":4610,"date":"2026-01-16T16:09:16","date_gmt":"2026-01-16T08:09:16","guid":{"rendered":"https:\/\/www.dentalxangtech.com\/?post_type=product&#038;p=4610"},"modified":"2026-01-16T16:09:17","modified_gmt":"2026-01-16T08:09:17","slug":"xangtech-xt-60-dry%ef%bc%86wet-milling-machine","status":"publish","type":"product","link":"https:\/\/www.dentalxangtech.com\/fr\/product\/xangtech-xt-60-dry%ef%bc%86wet-milling-machine\/","title":{"rendered":"XANGTECH XT-60 machine \u00e0 fraiser s\u00e8che et humide"},"content":{"rendered":"<p><span style=\"font-size: 14pt;\">XANGTECH XT-60 dentaire sec &amp; machine de fraise humide est un haut de gamme num\u00e9rique humide et sec instrument dentaire int\u00e9gr\u00e9 con\u00e7u pour le traitement de restauration dentaire moderne. Son syst\u00e8me double mode intelligent permet une commutation rapide et stable entre fraisage sec et humide sur la m\u00eame plate-forme, s'adaptant de mani\u00e8re flexible aux diff\u00e9rents mat\u00e9riaux et exigences de traitement. La machine peut traiter efficacement divers mat\u00e9riaux restaurateurs couramment utilis\u00e9s tels que la zirconie, la c\u00e9ramique en verre, le PMMA et les disques en titane, et est largement utilis\u00e9e dans la fabrication de diverses restaurations, y compris les couronnes, les ponts, les incrustations et les placages, r\u00e9duisant efficacement les co\u00fbts de configuration de l'\u00e9quipement tout en am\u00e9liorant la couverture de traitement. Notre fraise dentaire XT-60 dispose d'un axe de haute puissance de 2,5 kW, combin\u00e9 \u00e0 une structure de corps de machine \u00e0 haute rigidit\u00e9 et \u00e0 un syst\u00e8me de contr\u00f4le de mouvement de haute pr\u00e9cision, qui maintient des performances de traitement stables et fiables m\u00eame sous coupe \u00e0 grande vitesse et fonctionnement continu \u00e0 long terme, rendant avec pr\u00e9cision des structures complexes et des bords fins. En m\u00eame temps, il est \u00e9quip\u00e9 d'un syst\u00e8me de changeur d'outils automatique avec un magazine de 21 outils, qui peut commuter automatiquement entre plusieurs outils en fonction du flux de traitement, r\u00e9duisant consid\u00e9rablement l'intervention manuelle, raccour\u00e7ant les cycles de traitement et am\u00e9liorant consid\u00e9rablement l'efficacit\u00e9 globale de la production. Sa pr\u00e9cision de r\u00e9p\u00e9tibilit\u00e9 de \u00b13 \u03bcm r\u00e9pond aux exigences strictes des restaurations haut de gamme pour la pr\u00e9cision et la coh\u00e9rence, assurant une qualit\u00e9 stable et contr\u00f4lable du produit fini. Avec sa conception int\u00e9gr\u00e9e d'usinage humide et sec, sa configuration hautement automatis\u00e9e et sa pr\u00e9cision et sa stabilit\u00e9 exceptionnelles, la fraise XANGTECH Dental Lab XT-60 offre aux laboratoires et cliniques dentaires une solution d'usinage num\u00e9rique efficace, flexible et fiable.<\/span><\/p>\n<div style=\"width: 800px;\" class=\"wp-video\"><video class=\"wp-video-shortcode\" id=\"video-4610-1\" width=\"800\" height=\"450\" preload=\"metadata\" controls=\"controls\"><source type=\"video\/mp4\" src=\"https:\/\/www.dentalxangtech.com\/wp-content\/uploads\/2026\/01\/xt-60-milling-machine.mp4?_=1\" \/><a href=\"https:\/\/www.dentalxangtech.com\/wp-content\/uploads\/2026\/01\/xt-60-milling-machine.mp4\">https:\/\/www.dentalxangtech.com\/wp-content\/uploads\/2026\/01\/xt-60-milling-machine.mp4<\/a><\/video><\/div>","protected":false},"excerpt":{"rendered":"<p>XANGTECH XT-60 dental dry &amp; wet milling machine is a high-end digital wet and dry integrated dental instrument designed for modern dental restoration processing. Its intelligent dual-mode system enables rapid and stable switching between dry and wet milling on the same platform, flexibly adapting to different materials and processing requirements. The machine can efficiently process [&hellip;]<\/p>\n","protected":false},"featured_media":4612,"template":"","meta":{"_acf_changed":false},"product_brand":[],"product_cat":[76],"product_tag":[],"class_list":{"0":"post-4610","1":"product","2":"type-product","3":"status-publish","4":"has-post-thumbnail","6":"product_cat-dental-milling-machine","8":"first","9":"instock","10":"shipping-taxable","11":"product-type-simple"},"acf":[],"_links":{"self":[{"href":"https:\/\/www.dentalxangtech.com\/fr\/wp-json\/wp\/v2\/product\/4610","targetHints":{"allow":["GET"]}}],"collection":[{"href":"https:\/\/www.dentalxangtech.com\/fr\/wp-json\/wp\/v2\/product"}],"about":[{"href":"https:\/\/www.dentalxangtech.com\/fr\/wp-json\/wp\/v2\/types\/product"}],"wp:featuredmedia":[{"embeddable":true,"href":"https:\/\/www.dentalxangtech.com\/fr\/wp-json\/wp\/v2\/media\/4612"}],"wp:attachment":[{"href":"https:\/\/www.dentalxangtech.com\/fr\/wp-json\/wp\/v2\/media?parent=4610"}],"wp:term":[{"taxonomy":"product_brand","embeddable":true,"href":"https:\/\/www.dentalxangtech.com\/fr\/wp-json\/wp\/v2\/product_brand?post=4610"},{"taxonomy":"product_cat","embeddable":true,"href":"https:\/\/www.dentalxangtech.com\/fr\/wp-json\/wp\/v2\/product_cat?post=4610"},{"taxonomy":"product_tag","embeddable":true,"href":"https:\/\/www.dentalxangtech.com\/fr\/wp-json\/wp\/v2\/product_tag?post=4610"}],"curies":[{"name":"WP","href":"https:\/\/api.w.org\/{rel}","templated":true}]}}