{"id":1496,"date":"2024-06-21T19:11:37","date_gmt":"2024-06-21T11:11:37","guid":{"rendered":"https:\/\/www.dentalxangtech.com\/?post_type=product&#038;p=1496"},"modified":"2025-09-30T11:27:11","modified_gmt":"2025-09-30T03:27:11","slug":"3d-pro-multilayer-zirconia-block","status":"publish","type":"product","link":"https:\/\/www.dentalxangtech.com\/it\/product\/3d-pro-multilayer-zirconia-block\/","title":{"rendered":"Blocco di zirconia multistrato 3D Pro"},"content":{"rendered":"<p><span style=\"font-family: arial, helvetica, sans-serif; font-size: 14pt;\">Il blocco di zirconia multistrato XANGTECH 3D pro \u00e8 basato sul materiale di zirconia di recente sviluppo con gradiente. Imita le propriet\u00e0 dei denti naturali in termini di estetica e dimensioni fisiche, con una transizione naturale e qualit\u00e0 superiore. Dispone di una gamma completa di indicazioni per la fabbricazione di ponti e impianti a grande span.<\/span><br \/>\n<span style=\"font-family: arial, helvetica, sans-serif; font-size: 14pt;\">I nostri blocchi di zirconia multistrato 3D pro sono utilizzati in una vasta gamma di applicazioni e sono particolarmente adatti per creare corone e ponti che si adattano perfettamente al paziente&#8217; i denti. Inoltre, l\u2019alta resistenza e la biocompatibilit\u00e0 della zirconia la rendono un materiale ideale per impianti e ripristini dentali. Negli ultimi anni, \u00e8 stato sempre pi\u00f9 utilizzato anche per impiallacciature e intarsi dentali, poich\u00e9 l'estetica del materiale dentale \u00e8 migliorata. \u00c8 anche il miglior materiale per il ripristino della bocca completa per i pazienti con denti gravemente mancanti o la maggior parte dei loro denti. Inoltre, i pazienti che hanno subito un trattamento del canale radicolare possono anche usarlo per creare colonne di polpa che vengono utilizzate per sostenere il dente e prevenire ulteriori fratture dopo il trattamento.<\/span><\/p>\n<p><span style=\"font-family: arial, helvetica, sans-serif; font-size: 14pt;\"><strong>1.Ultima tecnologia e progettazione<\/strong><\/span><br \/>\n<span style=\"font-family: arial, helvetica, sans-serif; font-size: 14pt;\"><strong>2.Solving una vasta gamma di problemi dentali<\/strong><\/span><br \/>\n<span style=\"font-family: arial, helvetica, sans-serif; font-size: 14pt;\"><strong>Transizioni 3.Multilayer per ridurre la colorazione innaturale<\/strong><\/span><br \/>\n<span style=\"font-family: arial, helvetica, sans-serif; font-size: 14pt;\"><strong>4.Riduzione dei danni orali<\/strong><\/span><\/p>\n<p><iframe title=\"Blocco di zirconia multistrato XANGTECH 3D Pro\" width=\"800\" height=\"450\" src=\"https:\/\/www.youtube.com\/embed\/eZJJL2YFzaM?feature=oembed\" frameborder=\"0\" allow=\"accelerometer; autoplay; clipboard-write; encrypted-media; gyroscope; picture-in-picture; web-share\" referrerpolicy=\"strict-origin-when-cross-origin\" allowfullscreen><\/iframe><\/p>","protected":false},"excerpt":{"rendered":"<p>The XANGTECH 3D pro multilayer zirconia\u00a0block\u00a0is based on the newly developed zirconia material with gradient. It mimics the properties of natural teeth in terms of aesthetics and physical dimensions, with a natural transition and superior quality. It has a comprehensive range of indications for the fabrication of large span bridges and implants. Our 3D pro [&hellip;]<\/p>\n","protected":false},"featured_media":3710,"template":"","meta":{"_acf_changed":false},"product_brand":[],"product_cat":[51],"product_tag":[],"class_list":{"0":"post-1496","1":"product","2":"type-product","3":"status-publish","4":"has-post-thumbnail","6":"product_cat-multilayer-zirconia-blcok","8":"first","9":"instock","10":"shipping-taxable","11":"product-type-simple"},"acf":[],"_links":{"self":[{"href":"https:\/\/www.dentalxangtech.com\/it\/wp-json\/wp\/v2\/product\/1496","targetHints":{"allow":["GET"]}}],"collection":[{"href":"https:\/\/www.dentalxangtech.com\/it\/wp-json\/wp\/v2\/product"}],"about":[{"href":"https:\/\/www.dentalxangtech.com\/it\/wp-json\/wp\/v2\/types\/product"}],"wp:featuredmedia":[{"embeddable":true,"href":"https:\/\/www.dentalxangtech.com\/it\/wp-json\/wp\/v2\/media\/3710"}],"wp:attachment":[{"href":"https:\/\/www.dentalxangtech.com\/it\/wp-json\/wp\/v2\/media?parent=1496"}],"wp:term":[{"taxonomy":"product_brand","embeddable":true,"href":"https:\/\/www.dentalxangtech.com\/it\/wp-json\/wp\/v2\/product_brand?post=1496"},{"taxonomy":"product_cat","embeddable":true,"href":"https:\/\/www.dentalxangtech.com\/it\/wp-json\/wp\/v2\/product_cat?post=1496"},{"taxonomy":"product_tag","embeddable":true,"href":"https:\/\/www.dentalxangtech.com\/it\/wp-json\/wp\/v2\/product_tag?post=1496"}],"curies":[{"name":"WP","href":"https:\/\/api.w.org\/{rel}","templated":true}]}}