{"id":1502,"date":"2024-06-21T19:23:40","date_gmt":"2024-06-21T11:23:40","guid":{"rendered":"https:\/\/www.dentalxangtech.com\/?post_type=product&#038;p=1502"},"modified":"2024-11-26T15:28:20","modified_gmt":"2024-11-26T07:28:20","slug":"high-translucent-plus-white-zirconia-block","status":"publish","type":"product","link":"https:\/\/www.dentalxangtech.com\/it\/product\/high-translucent-plus-white-zirconia-block\/","title":{"rendered":"Blocco di zirconia alta traslucida pi\u00f9 bianca"},"content":{"rendered":"<p><span style=\"font-family: arial, helvetica, sans-serif;\">Il blocco di zirconia alta traslucida pi\u00f9 bianca XANGTECH \u00e8 un progresso rivoluzionario nei materiali di ripristino dentale, offrendo un perfetto equilibrio tra durabilit\u00e0, qualit\u00e0 estetica e accessibilit\u00e0. Realizzato per migliorare la qualit\u00e0 e la longevit\u00e0 dei ripristini dentali, questo blocco di zirconia \u00e8 noto per la sua durezza superiore, eccellenti propriet\u00e0 chimiche e notevole biocompatibilit\u00e0. Questi attributi lo rendono una scelta ideale per una vasta gamma di applicazioni dentali, dalle corone singole ai pi\u00f9 complessi restauri multi-unit\u00e0, garantendo il successo sia funzionale che estetico. Ci\u00f2 che distingue questo blocco di zirconia \u00e8 la sua capacit\u00e0 di combinare alta traslucenza con resistenza, permettendogli di assomigliare molto al colore naturale e all'aspetto dei denti mantenendo la robustezza richiesta per i restauri di lunga durata. Fabbricato utilizzando un avanzato processo di pressatura isostatica a freddo, il blocco garantisce densit\u00e0 uniforme e qualit\u00e0 costante, rendendolo una scelta affidabile per i professionisti dentali che richiedono risultati prevedibili ogni volta. La tecnologia di pressatura isostatica a freddo migliora anche il blocco&#8217; durata di servizio, garantendo che i restauri realizzati con questo materiale possano resistere alla prova del tempo fornendo prestazioni eccellenti.<\/span><\/p>\n<p><span style=\"font-family: arial, helvetica, sans-serif;\">Oltre alla sua impressionante durata, offre un'eccezionale resistenza alle macchie, garantendo che i restauri mantengano il loro aspetto incontaminato nel corso degli anni. La sua elevata resistenza chimica significa che resister\u00e0 all'usura dell'uso quotidiano, mantenendo i restauri dentali freschi e naturali per periodi pi\u00f9 lunghi. Nonostante le sue elevate prestazioni, questo blocco di zirconia rimane un'opzione conveniente, consentendo ai dentisti di offrire ai propri pazienti soluzioni di ripristino di alta qualit\u00e0 ed economiche senza compromettere gli standard estetici o funzionali. In ultima analisi, \u00e8 una vera testimonianza della continua innovazione nei materiali dentali, fornendo ai professionisti dentali una soluzione affidabile, di alta qualit\u00e0 e conveniente per creare restaurazioni belle e durevoli. Che tu stia lavorando con una corona singola o un restauro a arco completo, questo blocco di zirconia garantisce che i tuoi restauri non solo soddisfino ma superino le aspettative del paziente.<\/span><\/p>\n<p><span style=\"font-family: arial, helvetica, sans-serif; font-size: 14pt;\"><strong>1.High resistenza alle macchie<\/strong><\/span><br \/>\n<span style=\"font-family: arial, helvetica, sans-serif; font-size: 14pt;\"><strong>2.Cold pressatura isostatica per estendere la vita<\/strong><\/span><br \/>\n<span style=\"font-family: arial, helvetica, sans-serif; font-size: 14pt;\"><strong>Capacit\u00e0 di fresatura di precisione 3.High<\/strong><\/span><br \/>\n<span style=\"font-family: arial, helvetica, sans-serif; font-size: 14pt;\"><strong>4. funzione orale migliorata<\/strong><\/span><\/p>\n<div style=\"width: 800px;\" class=\"wp-video\"><video class=\"wp-video-shortcode\" id=\"video-1502-1\" width=\"800\" height=\"450\" preload=\"metadata\" controls=\"controls\"><source type=\"video\/mp4\" src=\"https:\/\/www.dentalxangtech.com\/wp-content\/uploads\/2024\/06\/High-translucent-plus-white-zirconia-block-2.mp4?_=1\" \/><a href=\"https:\/\/www.dentalxangtech.com\/wp-content\/uploads\/2024\/06\/High-translucent-plus-white-zirconia-block-2.mp4\">https:\/\/www.dentalxangtech.com\/wp-content\/uploads\/2024\/06\/High-translucent-plus-white-zirconia-block-2.mp4<\/a><\/video><\/div>","protected":false},"excerpt":{"rendered":"<p>XANGTECH high translucent plus white zirconia block is a revolutionary advancement in dental restoration materials, offering a perfect balance of durability, aesthetic quality, and affordability. Crafted to improve the quality and longevity of tooth restorations, this zirconia block is known for its superior hardness, excellent chemical properties, and remarkable biocompatibility. These attributes make it an [&hellip;]<\/p>\n","protected":false},"featured_media":2987,"template":"","meta":{"_acf_changed":false},"product_brand":[],"product_cat":[15,53,43],"product_tag":[],"class_list":{"0":"post-1502","1":"product","2":"type-product","3":"status-publish","4":"has-post-thumbnail","6":"product_cat-restoration-materials","7":"product_cat-white-zirconia-block","8":"product_cat-zirconia-block","10":"first","11":"instock","12":"shipping-taxable","13":"product-type-simple"},"acf":[],"_links":{"self":[{"href":"https:\/\/www.dentalxangtech.com\/it\/wp-json\/wp\/v2\/product\/1502","targetHints":{"allow":["GET"]}}],"collection":[{"href":"https:\/\/www.dentalxangtech.com\/it\/wp-json\/wp\/v2\/product"}],"about":[{"href":"https:\/\/www.dentalxangtech.com\/it\/wp-json\/wp\/v2\/types\/product"}],"wp:featuredmedia":[{"embeddable":true,"href":"https:\/\/www.dentalxangtech.com\/it\/wp-json\/wp\/v2\/media\/2987"}],"wp:attachment":[{"href":"https:\/\/www.dentalxangtech.com\/it\/wp-json\/wp\/v2\/media?parent=1502"}],"wp:term":[{"taxonomy":"product_brand","embeddable":true,"href":"https:\/\/www.dentalxangtech.com\/it\/wp-json\/wp\/v2\/product_brand?post=1502"},{"taxonomy":"product_cat","embeddable":true,"href":"https:\/\/www.dentalxangtech.com\/it\/wp-json\/wp\/v2\/product_cat?post=1502"},{"taxonomy":"product_tag","embeddable":true,"href":"https:\/\/www.dentalxangtech.com\/it\/wp-json\/wp\/v2\/product_tag?post=1502"}],"curies":[{"name":"WP","href":"https:\/\/api.w.org\/{rel}","templated":true}]}}