{"id":1503,"date":"2024-06-21T19:00:51","date_gmt":"2024-06-21T11:00:51","guid":{"rendered":"https:\/\/www.dentalxangtech.com\/?post_type=product&#038;p=1503"},"modified":"2024-11-26T16:13:29","modified_gmt":"2024-11-26T08:13:29","slug":"high-translucent-pre-shaded-zirconia-block","status":"publish","type":"product","link":"https:\/\/www.dentalxangtech.com\/it\/product\/high-translucent-pre-shaded-zirconia-block\/","title":{"rendered":"Blocco di zirconia pre-ombreggiato ad alta traslucenza"},"content":{"rendered":"<p><span style=\"font-family: arial, helvetica, sans-serif; font-size: 14pt;\">XANGTECH High Translucent Pre-Shaded Zirconia Block \u00e8 riconosciuto come una soluzione leader nei restauri dentali, celebre per la sua eccezionale durata e le sue capacit\u00e0 di abbinamento dei colori precisi. Questo prodotto specializzato \u00e8 meticolosamente progettato per le esigenze esigenti delle applicazioni dentali, caratterizzato da una durezza senza pari che garantisce prestazioni durature durante varie procedure ripristinative. I dentisti apprezzano la sua versatilit\u00e0, che accoglie senza sforzo la creazione di corone singole, ponti intricati e soluzioni protetiche complete. La sua robusta costruzione non solo garantisce affidabilit\u00e0, ma contribuisce anche alla sua reputazione di qualit\u00e0 costante su scala globale.<\/span><br \/>\n<span style=\"font-family: arial, helvetica, sans-serif; font-size: 14pt;\">Conosciuto per la sua capacit\u00e0 di replicare il colore naturale dei denti con notevole precisione, XANGTECH High Translucent Pre-Shaded Zirconia Block si integra perfettamente con i pazienti&#8217; dentizione esistente, che fornisce risultati esteticamente piacevoli che ispirano fiducia e soddisfazione. Dentisti e tecnici si affidano a questo materiale avanzato per ottenere risultati superiori senza compromessi, stabilindo nuovi standard nel restauro dentale sia per la funzione che per l'aspetto.<\/span><\/p>\n<p>&nbsp;<\/p>\n<p><span style=\"font-family: arial, helvetica, sans-serif; font-size: 14pt;\"><strong>1.Easy da usare processo di fresatura<\/strong><\/span><br \/>\n<span style=\"font-family: arial, helvetica, sans-serif; font-size: 14pt;\"><strong>Colore e traslucidit\u00e0 2.Consistent<\/strong><\/span><br \/>\n<span style=\"font-family: arial, helvetica, sans-serif; font-size: 14pt;\"><strong>3.Adaptabilit\u00e0 per varie applicazioni<\/strong><\/span><\/p>\n<div style=\"width: 800px;\" class=\"wp-video\"><video class=\"wp-video-shortcode\" id=\"video-1503-1\" width=\"800\" height=\"450\" preload=\"metadata\" controls=\"controls\"><source type=\"video\/mp4\" src=\"https:\/\/www.dentalxangtech.com\/wp-content\/uploads\/2024\/06\/High-translucent-color-zirconia-block.mp4?_=1\" \/><a href=\"https:\/\/www.dentalxangtech.com\/wp-content\/uploads\/2024\/06\/High-translucent-color-zirconia-block.mp4\">https:\/\/www.dentalxangtech.com\/wp-content\/uploads\/2024\/06\/High-translucent-color-zirconia-block.mp4<\/a><\/video><\/div>\n<p>&nbsp;<\/p>\n<p>&nbsp;<\/p>","protected":false},"excerpt":{"rendered":"<p>XANGTECH High Translucent Pre-Shaded Zirconia Block is recognized as a leading solution in dental restorations, celebrated for its exceptional durability and precise color matching capabilities. This specialized product is meticulously engineered for the demanding requirements of dental applications, featuring unparalleled hardness that ensures enduring performance throughout various restorative procedures. Dental professionals appreciate the versatility of [&hellip;]<\/p>\n","protected":false},"featured_media":2999,"template":"","meta":{"_acf_changed":false},"product_brand":[],"product_cat":[52],"product_tag":[],"class_list":{"0":"post-1503","1":"product","2":"type-product","3":"status-publish","4":"has-post-thumbnail","6":"product_cat-pre-shaded-zirconia-block","8":"first","9":"instock","10":"shipping-taxable","11":"product-type-simple"},"acf":[],"_links":{"self":[{"href":"https:\/\/www.dentalxangtech.com\/it\/wp-json\/wp\/v2\/product\/1503","targetHints":{"allow":["GET"]}}],"collection":[{"href":"https:\/\/www.dentalxangtech.com\/it\/wp-json\/wp\/v2\/product"}],"about":[{"href":"https:\/\/www.dentalxangtech.com\/it\/wp-json\/wp\/v2\/types\/product"}],"wp:featuredmedia":[{"embeddable":true,"href":"https:\/\/www.dentalxangtech.com\/it\/wp-json\/wp\/v2\/media\/2999"}],"wp:attachment":[{"href":"https:\/\/www.dentalxangtech.com\/it\/wp-json\/wp\/v2\/media?parent=1503"}],"wp:term":[{"taxonomy":"product_brand","embeddable":true,"href":"https:\/\/www.dentalxangtech.com\/it\/wp-json\/wp\/v2\/product_brand?post=1503"},{"taxonomy":"product_cat","embeddable":true,"href":"https:\/\/www.dentalxangtech.com\/it\/wp-json\/wp\/v2\/product_cat?post=1503"},{"taxonomy":"product_tag","embeddable":true,"href":"https:\/\/www.dentalxangtech.com\/it\/wp-json\/wp\/v2\/product_tag?post=1503"}],"curies":[{"name":"WP","href":"https:\/\/api.w.org\/{rel}","templated":true}]}}