{"id":1504,"date":"2024-06-21T19:00:49","date_gmt":"2024-06-21T11:00:49","guid":{"rendered":"https:\/\/www.dentalxangtech.com\/?post_type=product&#038;p=1504"},"modified":"2024-11-26T17:23:09","modified_gmt":"2024-11-26T09:23:09","slug":"super-translucent-pre-shaded-zirconia-block","status":"publish","type":"product","link":"https:\/\/www.dentalxangtech.com\/it\/product\/super-translucent-pre-shaded-zirconia-block\/","title":{"rendered":"Blocco di zirconia pre-ombreggiato super traslucido"},"content":{"rendered":"<p>Il blocco di zirconia super traslucido pre-ombreggiato XANGTECH rappresenta un salto in avanti significativo nei materiali di ripristino dentale, offrendo prestazioni superiori e efficienza migliorata rispetto ai tradizionali blocchi di zirconia bianca. Specificamente progettato per soddisfare le crescenti esigenze della odontoiatria moderna, questo materiale avanzato combina un'estetica eccellente con una durata duratura, rendendolo una scelta ideale per un'ampia gamma di applicazioni dentali. A differenza della zirconia convenzionale, che spesso richiede ombreggiatura o colorazione aggiuntive, il design pre-ombreggiato di questo blocco di zirconia semplifica il processo di ripristino eliminando la necessit\u00e0 di applicazione di colore post-lavorazione. Questo non solo riduce il tempo complessivo della procedura, ma aiuta anche i professionisti dentali a semplificare il loro flusso di lavoro, aumentando in ultima analisi la produttivit\u00e0 nel laboratorio dentale. Con una consistenza dura che garantisce resistenza e affidabilit\u00e0 prolungate, \u00e8 costruito per resistere all'usura dell'uso quotidiano, rendendolo adatto per applicazioni dentali a lungo termine come corone, ponti e altre protesi fisse. La tecnologia di produzione avanzata dietro questo blocco garantisce che ogni pezzo offra una qualit\u00e0 costante, raggiungendo un alto livello di precisione e dettaglio nel restauro finale. L\u2019alta traslucenza del materiale consente un\u2019estetica realistica che si fonde perfettamente con i denti naturali, rendendolo una scelta eccellente sia per i restauri anteriori che posteriori dove l\u2019aspetto \u00e8 cruciale.<\/p>\n<p>Oltre alla sua eccezionale durata e qualit\u00e0 estetiche, migliora il comfort del paziente con le sue propriet\u00e0 non irritanti e non invasive. Ci\u00f2 lo rende un materiale sicuro e affidabile per una vasta gamma di pazienti dentali, in particolare quelli con tessuti orali sensibili. I restauri finiti soddisfano le elevate esigenze estetiche della moderna odontoiatria mantenendo al contempo un\u2019eccellente funzionalit\u00e0, garantendo che sia i dentisti che i pazienti beneficino di risultati superiori. Grazie alla sua facilit\u00e0 d'uso, al flusso di lavoro semplificato e alle prestazioni costanti, questo blocco di zirconia \u00e8 una soluzione affidabile per ottenere ripristini dentali di alta qualit\u00e0, duraturi ed esteticamente piacevoli.<\/p>\n<p><strong><span style=\"font-family: arial, helvetica, sans-serif; font-size: 14pt;\">1. tecnologia avanzata per la produttivit\u00e0<\/span><\/strong><br \/>\n<strong><span style=\"font-family: arial, helvetica, sans-serif; font-size: 14pt;\">2.Hard texture per la durata<\/span><\/strong><br \/>\n<strong><span style=\"font-family: arial, helvetica, sans-serif; font-size: 14pt;\">Tempo di colorazione 3.Reduced per l'efficienza<\/span><\/strong><br \/>\n<strong><span style=\"font-family: arial, helvetica, sans-serif; font-size: 14pt;\">Prodotti finiti 4.Perfect per l'estetica<\/span><\/strong><\/p>\n<div style=\"width: 800px;\" class=\"wp-video\"><video class=\"wp-video-shortcode\" id=\"video-1504-1\" width=\"800\" height=\"450\" preload=\"metadata\" controls=\"controls\"><source type=\"video\/mp4\" src=\"https:\/\/www.dentalxangtech.com\/wp-content\/uploads\/2024\/06\/STC-zirconia-video.mp4?_=1\" \/><a href=\"https:\/\/www.dentalxangtech.com\/wp-content\/uploads\/2024\/06\/STC-zirconia-video.mp4\">https:\/\/www.dentalxangtech.com\/wp-content\/uploads\/2024\/06\/STC-zirconia-video.mp4<\/a><\/video><\/div>","protected":false},"excerpt":{"rendered":"<p>XANGTECH super translucent pre-Shaded zirconia block represents a significant leap forward in dental restoration materials, offering superior performance and enhanced efficiency compared to traditional white zirconia blocks. Specifically designed to meet the growing demands of modern dentistry, this advanced material combines excellent aesthetics with long-lasting durability, making it an ideal choice for a wide range [&hellip;]<\/p>\n","protected":false},"featured_media":3005,"template":"","meta":{"_acf_changed":false},"product_brand":[],"product_cat":[52,15,43],"product_tag":[],"class_list":{"0":"post-1504","1":"product","2":"type-product","3":"status-publish","4":"has-post-thumbnail","6":"product_cat-pre-shaded-zirconia-block","7":"product_cat-restoration-materials","8":"product_cat-zirconia-block","10":"first","11":"instock","12":"shipping-taxable","13":"product-type-simple"},"acf":[],"_links":{"self":[{"href":"https:\/\/www.dentalxangtech.com\/it\/wp-json\/wp\/v2\/product\/1504","targetHints":{"allow":["GET"]}}],"collection":[{"href":"https:\/\/www.dentalxangtech.com\/it\/wp-json\/wp\/v2\/product"}],"about":[{"href":"https:\/\/www.dentalxangtech.com\/it\/wp-json\/wp\/v2\/types\/product"}],"wp:featuredmedia":[{"embeddable":true,"href":"https:\/\/www.dentalxangtech.com\/it\/wp-json\/wp\/v2\/media\/3005"}],"wp:attachment":[{"href":"https:\/\/www.dentalxangtech.com\/it\/wp-json\/wp\/v2\/media?parent=1504"}],"wp:term":[{"taxonomy":"product_brand","embeddable":true,"href":"https:\/\/www.dentalxangtech.com\/it\/wp-json\/wp\/v2\/product_brand?post=1504"},{"taxonomy":"product_cat","embeddable":true,"href":"https:\/\/www.dentalxangtech.com\/it\/wp-json\/wp\/v2\/product_cat?post=1504"},{"taxonomy":"product_tag","embeddable":true,"href":"https:\/\/www.dentalxangtech.com\/it\/wp-json\/wp\/v2\/product_tag?post=1504"}],"curies":[{"name":"WP","href":"https:\/\/api.w.org\/{rel}","templated":true}]}}