{"id":1506,"date":"2024-06-21T19:00:00","date_gmt":"2024-06-21T11:00:00","guid":{"rendered":"https:\/\/www.dentalxangtech.com\/?post_type=product&#038;p=1506"},"modified":"2024-11-27T11:20:02","modified_gmt":"2024-11-27T03:20:02","slug":"super-high-translucent-pre-shaded-zirconia-block","status":"publish","type":"product","link":"https:\/\/www.dentalxangtech.com\/it\/product\/super-high-translucent-pre-shaded-zirconia-block\/","title":{"rendered":"Blocco di zirconia pre-ombreggiato traslucido super alto"},"content":{"rendered":"<p><span style=\"font-family: arial, helvetica, sans-serif; font-size: 14pt;\">Il blocco di zirconia pre-ombreggiato super traslucido XANGTECH \u00e8 meticolosamente realizzato per elevare i restauri dentali con un perfetto equilibrio tra appeal estetico e durabilit\u00e0 funzionale. Renovato per le sue eccellenti propriet\u00e0 anti-invecchiamento, questo avanzato materiale in zirconia offre eccezionale resistenza alla decolorazione e al degrado nel tempo, garantendo risultati duraturi che mantengono la loro brillantezza originale. Con una trasmissione luminosa superiore ai materiali tradizionali, la zirconia XANGTECH ottiene un aspetto naturale trasmettendo efficacemente la luce, replicando la traslucenza dei denti naturali. Questa caratteristica \u00e8 fondamentale per creare restauri che si fondono perfettamente con la dentizione circostante, migliorando l'estetica generale del sorriso.<\/span><br \/>\n<span style=\"font-family: arial, helvetica, sans-serif; font-size: 14pt;\">Accuratamente selezionata per le sue caratteristiche estetiche superiori, la zirconia XANGTECH \u00e8 ideale per soddisfare le esigenti esigenze estetiche della moderna odontoiatria. La sua stabilit\u00e0 del colore e la capacit\u00e0 di imitare le tonalit\u00e0 dentali naturali lo rendono una scelta preferita tra i professionisti dentali che cercano di fornire restaurazioni belle e realistiche. Inoltre, la zirconia XANGTECH offre una buona stabilit\u00e0, garantendo prestazioni affidabili in varie applicazioni dentali. Che sia utilizzato per corone singole, ponti o soluzioni protetiche complesse, i professionisti dentali possono fidarsi della zirconia XANGTECH per fornire risultati coerenti e duraturi che soddisfano sia le aspettative estetiche che le esigenze funzionali.<\/span><\/p>\n<p>&nbsp;<\/p>\n<p><strong><span style=\"font-family: arial, helvetica, sans-serif; font-size: 14pt;\">1.Excellent propriet\u00e0 anti-invecchiamento<\/span><\/strong><br \/>\n<strong><span style=\"font-family: arial, helvetica, sans-serif; font-size: 14pt;\">2.Higher trasmissione della luce<\/span><\/strong><br \/>\n<strong><span style=\"font-family: arial, helvetica, sans-serif; font-size: 14pt;\">3.Material selezionato per l'estetica<\/span><\/strong><br \/>\n<strong><span style=\"font-family: arial, helvetica, sans-serif; font-size: 14pt;\">4. buona stabilit\u00e0<\/span><\/strong><\/p>\n<p>&nbsp;<\/p>","protected":false},"excerpt":{"rendered":"<p>XANGTECH super translucent pre-shaded zirconia block is meticulously crafted to elevate dental restorations with a perfect balance of aesthetic appeal and functional durability. Renowned for its excellent anti-aging properties, this advanced zirconia material offers exceptional resistance to discoloration and degradation over time, ensuring long-lasting results that maintain their original brilliance. With higher light transmittance than [&hellip;]<\/p>\n","protected":false},"featured_media":2620,"template":"","meta":{"_acf_changed":false},"product_brand":[],"product_cat":[52,15,43],"product_tag":[],"class_list":{"0":"post-1506","1":"product","2":"type-product","3":"status-publish","4":"has-post-thumbnail","6":"product_cat-pre-shaded-zirconia-block","7":"product_cat-restoration-materials","8":"product_cat-zirconia-block","10":"first","11":"instock","12":"shipping-taxable","13":"product-type-simple"},"acf":[],"_links":{"self":[{"href":"https:\/\/www.dentalxangtech.com\/it\/wp-json\/wp\/v2\/product\/1506","targetHints":{"allow":["GET"]}}],"collection":[{"href":"https:\/\/www.dentalxangtech.com\/it\/wp-json\/wp\/v2\/product"}],"about":[{"href":"https:\/\/www.dentalxangtech.com\/it\/wp-json\/wp\/v2\/types\/product"}],"wp:featuredmedia":[{"embeddable":true,"href":"https:\/\/www.dentalxangtech.com\/it\/wp-json\/wp\/v2\/media\/2620"}],"wp:attachment":[{"href":"https:\/\/www.dentalxangtech.com\/it\/wp-json\/wp\/v2\/media?parent=1506"}],"wp:term":[{"taxonomy":"product_brand","embeddable":true,"href":"https:\/\/www.dentalxangtech.com\/it\/wp-json\/wp\/v2\/product_brand?post=1506"},{"taxonomy":"product_cat","embeddable":true,"href":"https:\/\/www.dentalxangtech.com\/it\/wp-json\/wp\/v2\/product_cat?post=1506"},{"taxonomy":"product_tag","embeddable":true,"href":"https:\/\/www.dentalxangtech.com\/it\/wp-json\/wp\/v2\/product_tag?post=1506"}],"curies":[{"name":"WP","href":"https:\/\/api.w.org\/{rel}","templated":true}]}}