{"id":1574,"date":"2024-07-03T18:03:58","date_gmt":"2024-07-03T10:03:58","guid":{"rendered":"https:\/\/www.dentalxangtech.com\/index.php\/product\/%e8%b6%85%e9%ab%98%e9%80%8f%e6%98%8e%e9%a2%84%e7%9d%80%e8%89%b2%e6%b0%a7%e5%8c%96%e9%94%86%e5%9d%97-2\/"},"modified":"2024-11-26T15:07:52","modified_gmt":"2024-11-26T07:07:52","slug":"super-translucent-multilayer-zirconia-block","status":"publish","type":"product","link":"https:\/\/www.dentalxangtech.com\/it\/product\/super-translucent-multilayer-zirconia-block\/","title":{"rendered":"Blocco di zirconia multistrato super traslucido"},"content":{"rendered":"<p><span style=\"font-family: arial, helvetica, sans-serif; font-size: 14pt;\">XANGTECH Super Translucent Multilayer Zirconia Block \u00e8 un materiale dentale all'avanguardia progettato per affrontare le sfide comuni nelle procedure di ripristino interamente in ceramica, in particolare l'ombreggiatura irregolare e le transizioni di colore innaturali. Eliminando la necessit\u00e0 di ombreggiatura interna, si ottiene un aspetto coerente e naturale che replica il gradiente di colore dall'area cervicale al bordo incisile. Ci\u00f2 lo rende particolarmente adatto per i restauri anteriori, dove le considerazioni estetiche sono fondamentali.<\/span><\/p>\n<p><span style=\"font-family: arial, helvetica, sans-serif; font-size: 14pt;\">Le sue propriet\u00e0 avanzate garantiscono che il materiale imiti la traslucenza e il comportamento ottico dei denti naturali, rendendolo una scelta ideale per corone, ponti e impiallacciate. Gli specialisti odontoiatrici troveranno XANGTECH Super Translucent Multilayer Zirconia Block altamente versatile, consentendo una personalizzazione precisa e risultati superiori sia in ripristini a singolo dente che in casi pi\u00f9 complessi. Inoltre, la sua resistenza e biocompatibilit\u00e0 garantiscono prestazioni a lungo termine, riducendo la necessit\u00e0 di sostituzioni frequenti e aumentando la soddisfazione del paziente. Questo materiale supporta una vasta gamma di applicazioni cliniche, fornendo ai professionisti dentali un'opzione affidabile ed esteticamente piacevole per l'odontoiatria ripristinativa.<\/span><\/p>\n<p>&nbsp;<\/p>\n<p><strong><span style=\"font-family: arial, helvetica, sans-serif; font-size: 14pt;\">1. Forte adattabilit\u00e0<br \/>\n2. Pu\u00f2 essere utilizzato per fare grandi ponti dentali di span<br \/>\n3. Gradazione del colore del dente a basso costo<br \/>\n4. Funzionamento pi\u00f9 semplice nelle fasi successive<br \/>\n<\/span><\/strong><\/p>\n<div style=\"width: 800px;\" class=\"wp-video\"><video class=\"wp-video-shortcode\" id=\"video-1574-1\" width=\"800\" height=\"450\" preload=\"metadata\" controls=\"controls\"><source type=\"video\/mp4\" src=\"https:\/\/www.dentalxangtech.com\/wp-content\/uploads\/2024\/07\/STML-video.mp4?_=1\" \/><a href=\"https:\/\/www.dentalxangtech.com\/wp-content\/uploads\/2024\/07\/STML-video.mp4\">https:\/\/www.dentalxangtech.com\/wp-content\/uploads\/2024\/07\/STML-video.mp4<\/a><\/video><\/div>","protected":false},"excerpt":{"rendered":"<p><span style=\"font-family: arial, helvetica, sans-serif;\">\u00a0<\/span><\/p>","protected":false},"featured_media":2993,"template":"","meta":{"_acf_changed":false},"product_brand":[],"product_cat":[51],"product_tag":[],"class_list":{"0":"post-1574","1":"product","2":"type-product","3":"status-publish","4":"has-post-thumbnail","6":"product_cat-multilayer-zirconia-blcok","8":"first","9":"instock","10":"shipping-taxable","11":"product-type-simple"},"acf":[],"_links":{"self":[{"href":"https:\/\/www.dentalxangtech.com\/it\/wp-json\/wp\/v2\/product\/1574","targetHints":{"allow":["GET"]}}],"collection":[{"href":"https:\/\/www.dentalxangtech.com\/it\/wp-json\/wp\/v2\/product"}],"about":[{"href":"https:\/\/www.dentalxangtech.com\/it\/wp-json\/wp\/v2\/types\/product"}],"wp:featuredmedia":[{"embeddable":true,"href":"https:\/\/www.dentalxangtech.com\/it\/wp-json\/wp\/v2\/media\/2993"}],"wp:attachment":[{"href":"https:\/\/www.dentalxangtech.com\/it\/wp-json\/wp\/v2\/media?parent=1574"}],"wp:term":[{"taxonomy":"product_brand","embeddable":true,"href":"https:\/\/www.dentalxangtech.com\/it\/wp-json\/wp\/v2\/product_brand?post=1574"},{"taxonomy":"product_cat","embeddable":true,"href":"https:\/\/www.dentalxangtech.com\/it\/wp-json\/wp\/v2\/product_cat?post=1574"},{"taxonomy":"product_tag","embeddable":true,"href":"https:\/\/www.dentalxangtech.com\/it\/wp-json\/wp\/v2\/product_tag?post=1574"}],"curies":[{"name":"WP","href":"https:\/\/api.w.org\/{rel}","templated":true}]}}