{"id":1576,"date":"2024-07-03T18:13:07","date_gmt":"2024-07-03T10:13:07","guid":{"rendered":"https:\/\/www.dentalxangtech.com\/index.php\/product\/%e8%b6%85%e9%ab%98%e9%80%8f%e6%98%8e%e9%a2%84%e7%9d%80%e8%89%b2%e6%b0%a7%e5%8c%96%e9%94%86%e5%9d%97-2-2\/"},"modified":"2024-11-26T15:48:19","modified_gmt":"2024-11-26T07:48:19","slug":"3d-multilayer-zirconia-block","status":"publish","type":"product","link":"https:\/\/www.dentalxangtech.com\/it\/product\/3d-multilayer-zirconia-block\/","title":{"rendered":"Blocco di zirconia multistrato 3D"},"content":{"rendered":"<p><span style=\"font-family: arial, helvetica, sans-serif; font-size: 14pt;\">XANGTECH 3D Multilayer Zirconia Block \u00e8 un materiale dentale all'avanguardia altamente apprezzato per le sue propriet\u00e0 chimiche stabili e adattabilit\u00e0 a vari sistemi CAD CAM dentali aperti. Questo avanzato blocco di zirconia \u00e8 progettato per una resistenza elevata e una durezza eccezionale, riducendo significativamente la probabilit\u00e0 di fratture durante il processo di produzione di protesi dentali. Oltre alla sua eccellenza meccanica, il blocco di zirconia multistrato 3D XANGTECH si distingue per la sua notevole efficienza economica, fornendo qualit\u00e0 premium ad un prezzo competitivo. La sua resistenza ultra alta garantisce una durata duratura, rendendolo una scelta ideale per i professionisti dentali che cercano prestazioni affidabili ed efficienti. Inoltre, il design innovativo del blocco di zirconia multistrato XANGTECH 3D elimina la necessit\u00e0 di colorare liquidi, evitando cos\u00ec potenziali errori di colorazione e garantendo risultati coerenti e accurati. Questa funzione non solo semplifica il flusso di lavoro, ma migliora anche la qualit\u00e0 generale e l'estetica dei restauri dentali finali.<\/span><\/p>\n<p><span style=\"font-family: arial, helvetica, sans-serif; font-size: 14pt;\">Il blocco di zirconia multistrato XANGTECH 3D presenta eccellenti caratteristiche di biocompatibilit\u00e0, essendo non irritante, privo di odori e non presenta impatti biologici avversi o potenziali pericoli per la cavit\u00e0 orale umana, garantendo cos\u00ec la sicurezza e l'integrit\u00e0 dell'ambiente orale.<\/span><\/p>\n<p><span style=\"font-family: arial, helvetica, sans-serif; font-size: 14pt;\">Il blocco di zirconia multistrato XANGTECH 3D \u00e8 estremamente resistente e non \u00e8 propenso alla frattura e non richiede liquido colorante, che riduce la difficolt\u00e0 di funzionamento. La cosa pi\u00f9 importante \u00e8 che sono economici e hanno prestazioni di costo molto elevate.<\/span><\/p>\n<p>&nbsp;<\/p>\n<p><span style=\"font-family: arial, helvetica, sans-serif; font-size: 14pt;\"><strong>1. Compatibile con sistemi CAD CAM aperti<br \/>\n2. Rischio ridotto di rottura della produzione<br \/>\n3. Durabile e di lunga durata<br \/>\n4. Nessuna necessit\u00e0 di soluzioni di colorazione<\/strong><\/span><\/p>\n<div style=\"width: 800px;\" class=\"wp-video\"><video class=\"wp-video-shortcode\" id=\"video-1576-1\" width=\"800\" height=\"450\" preload=\"metadata\" controls=\"controls\"><source type=\"video\/mp4\" src=\"https:\/\/www.dentalxangtech.com\/wp-content\/uploads\/2024\/07\/3D-multilayer-zirconia-video.mp4?_=1\" \/><a href=\"https:\/\/www.dentalxangtech.com\/wp-content\/uploads\/2024\/07\/3D-multilayer-zirconia-video.mp4\">https:\/\/www.dentalxangtech.com\/wp-content\/uploads\/2024\/07\/3D-multilayer-zirconia-video.mp4<\/a><\/video><\/div>\n<p>&nbsp;<\/p>","protected":false},"excerpt":{"rendered":"<p>XANGTECH 3D Multilayer Zirconia Block is a state-of-the-art dental material highly regarded for its stable chemical properties and adaptability to various open dental CAD CAM systems. This advanced zirconia block is engineered for high strength and exceptional hardness, significantly reducing the likelihood of fractures during the production process of dental prosthetics. In addition to its [&hellip;]<\/p>\n","protected":false},"featured_media":2618,"template":"","meta":{"_acf_changed":false},"product_brand":[],"product_cat":[51],"product_tag":[],"class_list":{"0":"post-1576","1":"product","2":"type-product","3":"status-publish","4":"has-post-thumbnail","6":"product_cat-multilayer-zirconia-blcok","8":"first","9":"instock","10":"shipping-taxable","11":"product-type-simple"},"acf":[],"_links":{"self":[{"href":"https:\/\/www.dentalxangtech.com\/it\/wp-json\/wp\/v2\/product\/1576","targetHints":{"allow":["GET"]}}],"collection":[{"href":"https:\/\/www.dentalxangtech.com\/it\/wp-json\/wp\/v2\/product"}],"about":[{"href":"https:\/\/www.dentalxangtech.com\/it\/wp-json\/wp\/v2\/types\/product"}],"wp:featuredmedia":[{"embeddable":true,"href":"https:\/\/www.dentalxangtech.com\/it\/wp-json\/wp\/v2\/media\/2618"}],"wp:attachment":[{"href":"https:\/\/www.dentalxangtech.com\/it\/wp-json\/wp\/v2\/media?parent=1576"}],"wp:term":[{"taxonomy":"product_brand","embeddable":true,"href":"https:\/\/www.dentalxangtech.com\/it\/wp-json\/wp\/v2\/product_brand?post=1576"},{"taxonomy":"product_cat","embeddable":true,"href":"https:\/\/www.dentalxangtech.com\/it\/wp-json\/wp\/v2\/product_cat?post=1576"},{"taxonomy":"product_tag","embeddable":true,"href":"https:\/\/www.dentalxangtech.com\/it\/wp-json\/wp\/v2\/product_tag?post=1576"}],"curies":[{"name":"WP","href":"https:\/\/api.w.org\/{rel}","templated":true}]}}