{"id":1577,"date":"2024-07-03T18:14:11","date_gmt":"2024-07-03T10:14:11","guid":{"rendered":"https:\/\/www.dentalxangtech.com\/index.php\/product\/%e8%b6%85%e9%ab%98%e9%80%8f%e6%98%8e%e9%a2%84%e7%9d%80%e8%89%b2%e6%b0%a7%e5%8c%96%e9%94%86%e5%9d%97-2-3\/"},"modified":"2024-11-26T16:25:21","modified_gmt":"2024-11-26T08:25:21","slug":"super-high-translucent-multilayer-zirconia-block","status":"publish","type":"product","link":"https:\/\/www.dentalxangtech.com\/it\/product\/super-high-translucent-multilayer-zirconia-block\/","title":{"rendered":"Blocco di zirconia multistrato traslucido super alto"},"content":{"rendered":"<p><span style=\"font-family: arial, helvetica, sans-serif; font-size: 14pt;\">XANGTECH Super High Translucent Multilayer Zirconia Block \u00e8 progettato per soddisfare i pi\u00f9 alti standard di ripristino dentale. La sua alta traslucenza garantisce ai restauri un aspetto naturale e realistico, rendendolo ideale per corone e impiallacciature anteriori. Utilizzando tecnologia di produzione all'avanguardia, questo blocco di zirconia fornisce risultati precisi e coerenti, garantendo precisione in un'ampia gamma di applicazioni restaurative.<\/span><\/p>\n<p><span style=\"font-family: arial, helvetica, sans-serif; font-size: 14pt;\">Questo&#8217; Il design s permette un gradiente liscio di colore e traslucenza, imitando da vicino la naturale transizione dalla dentina allo smalto. Questa caratteristica \u00e8 particolarmente utile per creare ripristini che si fondono perfettamente con i denti esistenti del paziente. Inoltre, la formulazione avanzata del materiale offre un'eccellente resistenza all'invecchiamento, garantendo una durata duratura e mantenendo la qualit\u00e0 estetica nel tempo. La qualit\u00e0 stabile e affidabile nonch\u00e9 l'eccellente lavorabilit\u00e0 contribuiscono alla riduzione delle durate di lavorazione, che consente un ciclo di completamento pi\u00f9 rapido e una maggiore produttivit\u00e0. Il materiale&#8217; L'alta adattabilit\u00e0 e l'interfacciabilit\u00e0 senza problemi con diversi sistemi CAD\/CAM garantiscono un'integrazione fluida nelle disposizioni operative preesistenti, ottimizzando e accelerando ulteriormente le procedure di restauro. <\/span><\/p>\n<p><span style=\"font-family: arial, helvetica, sans-serif; font-size: 14pt;\">I professionisti odontoiatrici possono contare sul blocco di zirconia multistrato traslucido XANGTECH per le sue prestazioni robuste e l'estetica eccezionale, fornendo ai pazienti ripristini duraturi e di aspetto naturale che migliorano la salute orale generale e la soddisfazione.<\/span><\/p>\n<p>&nbsp;<\/p>\n<p><span style=\"font-family: arial, helvetica, sans-serif; font-size: 14pt;\"><strong>1.Alta traslucidit\u00e0<br \/>\n2.Leading tecnologia di produzione<br \/>\n3. Buona resistenza all'invecchiamento<br \/>\n4. colore traslucido dei prodotti finiti<br \/>\n<\/strong><\/span><\/p>\n<div style=\"width: 800px;\" class=\"wp-video\"><video class=\"wp-video-shortcode\" id=\"video-1577-1\" width=\"800\" height=\"450\" preload=\"metadata\" controls=\"controls\"><source type=\"video\/mp4\" src=\"https:\/\/www.dentalxangtech.com\/wp-content\/uploads\/2024\/07\/11\u670821\u65e51.mp4?_=1\" \/><a href=\"https:\/\/www.dentalxangtech.com\/wp-content\/uploads\/2024\/07\/11\u670821\u65e51.mp4\">https:\/\/www.dentalxangtech.com\/wp-content\/uploads\/2024\/07\/11\u670821\u65e51.mp4<\/a><\/video><\/div>","protected":false},"excerpt":{"rendered":"<p>XANGTECH Super High Translucent Multilayer Zirconia Block is designed to meet the highest standards of dental restorations. Its high translucency ensures that restorations have a natural, lifelike appearance, making it ideal for anterior crowns and veneers. Utilizing leading-edge production technology, this zirconia block delivers precise, consistent results, ensuring accuracy in a wide range of restorative [&hellip;]<\/p>\n","protected":false},"featured_media":2974,"template":"","meta":{"_acf_changed":false},"product_brand":[],"product_cat":[51],"product_tag":[],"class_list":{"0":"post-1577","1":"product","2":"type-product","3":"status-publish","4":"has-post-thumbnail","6":"product_cat-multilayer-zirconia-blcok","8":"first","9":"instock","10":"shipping-taxable","11":"product-type-simple"},"acf":[],"_links":{"self":[{"href":"https:\/\/www.dentalxangtech.com\/it\/wp-json\/wp\/v2\/product\/1577","targetHints":{"allow":["GET"]}}],"collection":[{"href":"https:\/\/www.dentalxangtech.com\/it\/wp-json\/wp\/v2\/product"}],"about":[{"href":"https:\/\/www.dentalxangtech.com\/it\/wp-json\/wp\/v2\/types\/product"}],"wp:featuredmedia":[{"embeddable":true,"href":"https:\/\/www.dentalxangtech.com\/it\/wp-json\/wp\/v2\/media\/2974"}],"wp:attachment":[{"href":"https:\/\/www.dentalxangtech.com\/it\/wp-json\/wp\/v2\/media?parent=1577"}],"wp:term":[{"taxonomy":"product_brand","embeddable":true,"href":"https:\/\/www.dentalxangtech.com\/it\/wp-json\/wp\/v2\/product_brand?post=1577"},{"taxonomy":"product_cat","embeddable":true,"href":"https:\/\/www.dentalxangtech.com\/it\/wp-json\/wp\/v2\/product_cat?post=1577"},{"taxonomy":"product_tag","embeddable":true,"href":"https:\/\/www.dentalxangtech.com\/it\/wp-json\/wp\/v2\/product_tag?post=1577"}],"curies":[{"name":"WP","href":"https:\/\/api.w.org\/{rel}","templated":true}]}}