{"id":1580,"date":"2024-07-03T18:27:57","date_gmt":"2024-07-03T10:27:57","guid":{"rendered":"https:\/\/www.dentalxangtech.com\/index.php\/product\/super-high-translucent-multilayer-zirconia-block-2\/"},"modified":"2024-11-28T16:32:08","modified_gmt":"2024-11-28T08:32:08","slug":"3d-plus-multilayer-zirconia-block","status":"publish","type":"product","link":"https:\/\/www.dentalxangtech.com\/it\/product\/3d-plus-multilayer-zirconia-block\/","title":{"rendered":"Blocco di zirconia multistrato 3D Plus"},"content":{"rendered":"<p><span style=\"font-family: arial, helvetica, sans-serif; font-size: 14pt;\">XANGTECH 3D Plus Multilayer Zirconia Block \u00e8 una svolta nel campo dei materiali dentali, combinando i vantaggi di vari blocchi di zirconia con prestazioni superiori e efficienza dei costi. Il prodotto \u00e8 stato studiato meticolosamente per espandere i tipi di blocchi di zirconia esistenti, colmando un vuoto critico dell'industria e guidando i progressi tecnologici nel campo.<\/span><br \/>\n<span style=\"font-family: arial, helvetica, sans-serif; font-size: 14pt;\">Migliora la resistenza alla flessione, migliora l'utilizzo del prodotto e supera gli standard del settore, semplificando il processo di produzione e riducendo i costi operativi. Progettato per promuovere il tessuto gingivale sano, il prodotto garantisce alta qualit\u00e0 ad un prezzo competitivo ed \u00e8 adatto per l'uso in tutta la cavit\u00e0 orale. Inoltre, \u00e8 biocompatibile e non tossico per la cavit\u00e0 orale.<\/span><br \/>\n<span style=\"font-family: arial, helvetica, sans-serif; font-size: 14pt;\">La sua trasparenza cambia dal bordo incisale al bordo cervicale in un gradiente del 43%-57%. Ha una trasparenza superiore al bordo incisale, che pu\u00f2 ben simulare la trasparenza dello smalto naturale, mentre ha una trasparenza inferiore al bordo cervicale, che pu\u00f2 coprire efficacemente il colore sottostante, rendendo l'effetto colore complessivo pi\u00f9 realistico e naturale. <\/span><br \/>\n<span style=\"font-family: arial, helvetica, sans-serif; font-size: 14pt;\">La resistenza alla piegatura \u00e8 tra 700MPa-1100MPa. Ha alta resistenza e resistenza, pu\u00f2 resistere a grandi forze di masticazione ed \u00e8 adatto per la produzione di una variet\u00e0 di restauri orali, come corone singole, ponti, impiallacciate, ecc.<\/span><\/p>\n<p>&nbsp;<\/p>\n<p><span style=\"font-family: arial, helvetica, sans-serif; font-size: 14pt;\"><strong>1.Promotes tessuto gengivale sano<br \/>\nQualit\u00e0 2.Better rispetto ai pari<br \/>\n3. pu\u00f2 essere utilizzato in tutta la bocca<br \/>\nTecnologia 4.Unique e pi\u00f9 recente per produrre blocchi di zirconia a pi\u00f9 strati<br \/>\n<\/strong><\/span><\/p>\n<div style=\"width: 800px;\" class=\"wp-video\"><video class=\"wp-video-shortcode\" id=\"video-1580-1\" width=\"800\" height=\"450\" preload=\"metadata\" controls=\"controls\"><source type=\"video\/mp4\" src=\"https:\/\/www.dentalxangtech.com\/wp-content\/uploads\/2024\/07\/\u89c6\u9891.mp4?_=1\" \/><a href=\"https:\/\/www.dentalxangtech.com\/wp-content\/uploads\/2024\/07\/\u89c6\u9891.mp4\">https:\/\/www.dentalxangtech.com\/wp-content\/uploads\/2024\/07\/\u89c6\u9891.mp4<\/a><\/video><\/div>","protected":false},"excerpt":{"rendered":"<p>XANGTECH 3D Plus Multilayer Zirconia Block is a breakthrough in the field of dental materials, combining the advantages of various zirconia blocks with superior performance and cost-effectiveness. The product has been meticulously researched to expand on existing zirconia block types, filling a critical industry gap and leading technological advancements in the field. It enhances flexural [&hellip;]<\/p>\n","protected":false},"featured_media":2129,"template":"","meta":{"_acf_changed":false},"product_brand":[],"product_cat":[51],"product_tag":[],"class_list":{"0":"post-1580","1":"product","2":"type-product","3":"status-publish","4":"has-post-thumbnail","6":"product_cat-multilayer-zirconia-blcok","8":"first","9":"instock","10":"shipping-taxable","11":"product-type-simple"},"acf":[],"_links":{"self":[{"href":"https:\/\/www.dentalxangtech.com\/it\/wp-json\/wp\/v2\/product\/1580","targetHints":{"allow":["GET"]}}],"collection":[{"href":"https:\/\/www.dentalxangtech.com\/it\/wp-json\/wp\/v2\/product"}],"about":[{"href":"https:\/\/www.dentalxangtech.com\/it\/wp-json\/wp\/v2\/types\/product"}],"wp:featuredmedia":[{"embeddable":true,"href":"https:\/\/www.dentalxangtech.com\/it\/wp-json\/wp\/v2\/media\/2129"}],"wp:attachment":[{"href":"https:\/\/www.dentalxangtech.com\/it\/wp-json\/wp\/v2\/media?parent=1580"}],"wp:term":[{"taxonomy":"product_brand","embeddable":true,"href":"https:\/\/www.dentalxangtech.com\/it\/wp-json\/wp\/v2\/product_brand?post=1580"},{"taxonomy":"product_cat","embeddable":true,"href":"https:\/\/www.dentalxangtech.com\/it\/wp-json\/wp\/v2\/product_cat?post=1580"},{"taxonomy":"product_tag","embeddable":true,"href":"https:\/\/www.dentalxangtech.com\/it\/wp-json\/wp\/v2\/product_tag?post=1580"}],"curies":[{"name":"WP","href":"https:\/\/api.w.org\/{rel}","templated":true}]}}