{"id":1582,"date":"2024-07-03T18:32:02","date_gmt":"2024-07-03T10:32:02","guid":{"rendered":"https:\/\/www.dentalxangtech.com\/index.php\/product\/super-high-translucent-multilayer-zirconia-block-2\/"},"modified":"2024-12-03T17:18:24","modified_gmt":"2024-12-03T09:18:24","slug":"fast-burning-sintering-3d-pro-multilayer-zirconia-block","status":"publish","type":"product","link":"https:\/\/www.dentalxangtech.com\/it\/product\/fast-burning-sintering-3d-pro-multilayer-zirconia-block\/","title":{"rendered":"Blocco di zirconia multistrato di sinterizzazione 3D Pro a bruciatura rapida"},"content":{"rendered":"<p><span style=\"font-family: arial, helvetica, sans-serif; font-size: 14pt;\">XANGTECH 3DPRO Fast Burning Zirconia Block, un progresso innovativo nella tecnologia dei materiali dentali. Questo blocco di zirconia \u00e8 progettato per accelerare il processo di sinterizzazione delle corone di zirconia, completandolo in 40-60 minuti. Questo miglioramento migliora significativamente l'efficienza della sinterizzazione, fornendo un notevole risparmio di tempo e costi per laboratori e cliniche dentali. Il processo di sinterizzazione accelerato non compromette la qualit\u00e0 e la durata delle corone in zirconia. Al contrario, garantisce che i professionisti dentali possano mantenere elevati standard di cura e beneficiare di un aumento della produttivit\u00e0. Il blocco di zirconia 3D PRO Fast Burning \u00e8 progettato per integrarsi senza problemi nei flussi di lavoro esistenti, offrendo una soluzione affidabile per semplificare la produzione senza sacrificare precisione o prestazioni.<\/span><\/p>\n<p><span style=\"font-family: arial, helvetica, sans-serif; font-size: 14pt;\">Riducendo il tempo di sinterizzazione, il blocco 3D PRO Fast Burning consente una pianificazione pi\u00f9 efficiente e tempi di turnaround pi\u00f9 rapidi, migliorando in ultima analisi la soddisfazione del paziente. Il materiale presenta una notevole stabilit\u00e0 ed eccezionale resistenza alle fratture, rendendolo altamente adatto sia per i restauri dentali anteriori che posteriori. Ci\u00f2 offre ai dentisti una scelta flessibile e affidabile quando si tratta di scenari clinici complessi. La sua microstruttura a grano fine e il gradiente colore naturale garantiscono che ogni corona dentale raggiunga un aspetto straordinariamente naturale e vivido, soddisfacendo cos\u00ec i pazienti; esigenze estetiche, fornendo allo stesso tempo la durata necessaria per risultati sostenibili a lungo termine. <\/span><\/p>\n<p><span style=\"font-family: arial, helvetica, sans-serif; font-size: 14pt;\">Questo materiale avanzato rappresenta un significativo passo avanti nella tecnologia dentale, fornendo uno strumento pratico ed efficace per migliorare l'efficienza e la qualit\u00e0 della produzione di corone di zirconia.<\/span><\/p>\n<p>&nbsp;<\/p>\n<p><span style=\"font-family: arial, helvetica, sans-serif; font-size: 14pt;\"><strong>1. processo di sinterizzazione veloce<br \/>\n2. Migliorata efficienza del lavoro<br \/>\n3. Alta efficienza dei costi<br \/>\n4.High qualit\u00e0 dei prodotti finiti<br \/>\n<\/strong><\/span><\/p>\n<div style=\"width: 800px;\" class=\"wp-video\"><video class=\"wp-video-shortcode\" id=\"video-1582-1\" width=\"800\" height=\"450\" preload=\"metadata\" controls=\"controls\"><source type=\"video\/mp4\" src=\"https:\/\/www.dentalxangtech.com\/wp-content\/uploads\/2024\/07\/fast-3d-pro-multilayer-zirconia-block.mp4?_=1\" \/><a href=\"https:\/\/www.dentalxangtech.com\/wp-content\/uploads\/2024\/07\/fast-3d-pro-multilayer-zirconia-block.mp4\">https:\/\/www.dentalxangtech.com\/wp-content\/uploads\/2024\/07\/fast-3d-pro-multilayer-zirconia-block.mp4<\/a><\/video><\/div>","protected":false},"excerpt":{"rendered":"<p>XANGTECH 3DPRO Fast Burning Zirconia Block, an innovative advancement in dental material technology. This zirconia block is engineered to expedite the sintering process of zirconia crowns, completing it within a rapid 40-60 minutes. This enhancement significantly improves sintering efficiency, providing substantial time and cost savings for dental laboratories and clinics.The accelerated sintering process does not [&hellip;]<\/p>\n","protected":false},"featured_media":2114,"template":"","meta":{"_acf_changed":false},"product_brand":[],"product_cat":[51],"product_tag":[],"class_list":{"0":"post-1582","1":"product","2":"type-product","3":"status-publish","4":"has-post-thumbnail","6":"product_cat-multilayer-zirconia-blcok","8":"first","9":"instock","10":"shipping-taxable","11":"product-type-simple"},"acf":[],"_links":{"self":[{"href":"https:\/\/www.dentalxangtech.com\/it\/wp-json\/wp\/v2\/product\/1582","targetHints":{"allow":["GET"]}}],"collection":[{"href":"https:\/\/www.dentalxangtech.com\/it\/wp-json\/wp\/v2\/product"}],"about":[{"href":"https:\/\/www.dentalxangtech.com\/it\/wp-json\/wp\/v2\/types\/product"}],"wp:featuredmedia":[{"embeddable":true,"href":"https:\/\/www.dentalxangtech.com\/it\/wp-json\/wp\/v2\/media\/2114"}],"wp:attachment":[{"href":"https:\/\/www.dentalxangtech.com\/it\/wp-json\/wp\/v2\/media?parent=1582"}],"wp:term":[{"taxonomy":"product_brand","embeddable":true,"href":"https:\/\/www.dentalxangtech.com\/it\/wp-json\/wp\/v2\/product_brand?post=1582"},{"taxonomy":"product_cat","embeddable":true,"href":"https:\/\/www.dentalxangtech.com\/it\/wp-json\/wp\/v2\/product_cat?post=1582"},{"taxonomy":"product_tag","embeddable":true,"href":"https:\/\/www.dentalxangtech.com\/it\/wp-json\/wp\/v2\/product_tag?post=1582"}],"curies":[{"name":"WP","href":"https:\/\/api.w.org\/{rel}","templated":true}]}}