{"id":1585,"date":"2024-07-03T18:37:15","date_gmt":"2024-07-03T10:37:15","guid":{"rendered":"https:\/\/www.dentalxangtech.com\/index.php\/product\/3d-plus-multilayer-zirconia-block-3\/"},"modified":"2024-11-23T15:58:16","modified_gmt":"2024-11-23T07:58:16","slug":"5d-multilayer-zirconia-block","status":"publish","type":"product","link":"https:\/\/www.dentalxangtech.com\/it\/product\/5d-multilayer-zirconia-block\/","title":{"rendered":"Blocco di zirconia multistrato 5D"},"content":{"rendered":"<p><span style=\"font-family: arial, helvetica, sans-serif; font-size: 14pt;\">XANGTECH 5D Multilayer Zirconia Block, un materiale dentale avanzato che stabilisce un nuovo punto di riferimento nel settore. Utilizzando la tecnologia di produzione proprietaria, abbiamo superato le barriere tecniche per raggiungere la pi\u00f9 alta traslucenza disponibile. I nostri blocchi di zirconia presentano un design sofisticato a pi\u00f9 strati, garantendo una gradazione senza soluzioni di continuit\u00e0 che imita da vicino i denti naturali.<\/span><\/p>\n<p><span style=\"font-family: arial, helvetica, sans-serif; font-size: 14pt;\">L'alta trasparenza della nostra zirconia consente un prodotto finale pi\u00f9 bianco ed esteticamente pi\u00f9 piacevole. Progettati per una resistenza eccezionale, questi blocchi prolungano significativamente la durata dei restauri dentali, fornendo una durata di lunga durata. Fabbricati per soddisfare rigorosi standard del settore, i blocchi di zirconia multistrato 5D di XANGTECH garantiscono sicurezza e affidabilit\u00e0 sia per i professionisti dentali che per i pazienti. Migliora la tua pratica dentale con l'innovativa tecnologia in zirconia di XANGTECH, progettata per prestazioni e qualit\u00e0 superiori nei restauri dentali.<\/span><\/p>\n<p>&nbsp;<\/p>\n<p><span style=\"font-family: arial, helvetica, sans-serif; font-size: 14pt;\"><strong>1.Exclusive per l'industria&#8217; s ultima tecnologia<br \/>\n2.Various colori disponibili<br \/>\n3.Wide gamma di applicazioni<br \/>\n4.No inquinamento per l'ambiente orale<br \/>\n<\/strong><\/span><\/p>\n<div style=\"width: 800px;\" class=\"wp-video\"><video class=\"wp-video-shortcode\" id=\"video-1585-1\" width=\"800\" height=\"450\" preload=\"metadata\" controls=\"controls\"><source type=\"video\/mp4\" src=\"https:\/\/www.dentalxangtech.com\/wp-content\/uploads\/2024\/07\/5d\u9506\u5757.mp4?_=1\" \/><a href=\"https:\/\/www.dentalxangtech.com\/wp-content\/uploads\/2024\/07\/5d\u9506\u5757.mp4\">https:\/\/www.dentalxangtech.com\/wp-content\/uploads\/2024\/07\/5d\u9506\u5757.mp4<\/a><\/video><\/div>\n<p>&nbsp;<\/p>","protected":false},"excerpt":{"rendered":"<p>XANGTECH 5D Multilayer Zirconia Block, an advanced dental material that sets a new benchmark in the industry. Utilizing proprietary production technology, we have overcome technical barriers to achieve the highest translucency available. Our zirconia blocks feature a sophisticated multilayer design, ensuring a seamless gradation that closely mimics natural teeth. The high transparency of our zirconia [&hellip;]<\/p>\n","protected":false},"featured_media":3096,"template":"","meta":{"_acf_changed":false},"product_brand":[],"product_cat":[51],"product_tag":[],"class_list":{"0":"post-1585","1":"product","2":"type-product","3":"status-publish","4":"has-post-thumbnail","6":"product_cat-multilayer-zirconia-blcok","8":"first","9":"instock","10":"shipping-taxable","11":"product-type-simple"},"acf":[],"_links":{"self":[{"href":"https:\/\/www.dentalxangtech.com\/it\/wp-json\/wp\/v2\/product\/1585","targetHints":{"allow":["GET"]}}],"collection":[{"href":"https:\/\/www.dentalxangtech.com\/it\/wp-json\/wp\/v2\/product"}],"about":[{"href":"https:\/\/www.dentalxangtech.com\/it\/wp-json\/wp\/v2\/types\/product"}],"wp:featuredmedia":[{"embeddable":true,"href":"https:\/\/www.dentalxangtech.com\/it\/wp-json\/wp\/v2\/media\/3096"}],"wp:attachment":[{"href":"https:\/\/www.dentalxangtech.com\/it\/wp-json\/wp\/v2\/media?parent=1585"}],"wp:term":[{"taxonomy":"product_brand","embeddable":true,"href":"https:\/\/www.dentalxangtech.com\/it\/wp-json\/wp\/v2\/product_brand?post=1585"},{"taxonomy":"product_cat","embeddable":true,"href":"https:\/\/www.dentalxangtech.com\/it\/wp-json\/wp\/v2\/product_cat?post=1585"},{"taxonomy":"product_tag","embeddable":true,"href":"https:\/\/www.dentalxangtech.com\/it\/wp-json\/wp\/v2\/product_tag?post=1585"}],"curies":[{"name":"WP","href":"https:\/\/api.w.org\/{rel}","templated":true}]}}