{"id":1833,"date":"2024-07-10T10:53:08","date_gmt":"2024-07-10T02:53:08","guid":{"rendered":"https:\/\/www.dentalxangtech.com\/?post_type=product&#038;p=1833"},"modified":"2024-08-09T15:49:48","modified_gmt":"2024-08-09T07:49:48","slug":"lithium-disilicate-block","status":"publish","type":"product","link":"https:\/\/www.dentalxangtech.com\/it\/product\/lithium-disilicate-block\/","title":{"rendered":"Blocco di disilicato di litio"},"content":{"rendered":"<p><span style=\"font-size: 14pt;\">Il disilicato di litio XANGTECH offre vantaggi significativi per i restauri dentali, caratterizzati dalla sua elevata stabilit\u00e0 chimica e dall'impressionante resistenza alla piegatura, che contribuiscono alla longevit\u00e0 e all'affidabilit\u00e0 della protezione finale. Questo materiale \u00e8 altamente favorevole alla fresatura, riducendo l'usura delle borse e estendendo la loro durata di vita, ottimizzando cos\u00ec l'efficienza operativa. Il processo di cristallizzazione del disilicato di litio \u00e8 semplice e rapido, riducendo al minimo il tempo di procedura richiesto e migliorando l'efficienza del flusso di lavoro all'interno del laboratorio.<\/span><br \/>\n<span style=\"font-size: 14pt;\">Dal punto di vista estetico, il disilicato di litio eccelle nella realizzazione di restauri con traslucenza superiore e abbinamento dei colori, essenziali per ottenere una finitura di alta qualit\u00e0 e naturale. Le sue propriet\u00e0 meccaniche garantiscono che i restauri possano resistere alle sollecitazioni funzionali, rendendolo una scelta preferita per un'ampia gamma di applicazioni dentali, tra cui corone, ponti, intarsi, onlays e impiallacciature.<\/span><\/p>\n<p><span style=\"font-size: 14pt;\"><strong>1.High stabilit\u00e0 chimica e resistenza alla piegatura<\/strong><\/span><br \/>\n<span style=\"font-size: 14pt;\"><strong>2.Easy per la fresatura, prolungare la vita d'uso dei burs<\/strong><\/span><br \/>\n<span style=\"font-size: 14pt;\"><strong>3. processo di cristallizzazione semplice e veloce, meno tempo di funzionamento<\/strong><\/span><br \/>\n<span style=\"font-size: 14pt;\"><strong>Effetto di riparazione estetica 4.High<\/strong><\/span><\/p>","protected":false},"excerpt":{"rendered":"<p>XANGTECH lithium disilicate offers significant advantages for dental restorations, characterized by its high chemical stability and impressive bending strength, which contribute to the longevity and reliability of the final prosthesis. This material is highly conducive to milling, reducing wear on burs and extending their lifespan, thus optimizing operational efficiency. The crystallization process of lithium disilicate [&hellip;]<\/p>\n","protected":false},"featured_media":2135,"template":"","meta":{"_acf_changed":false},"product_brand":[],"product_cat":[15],"product_tag":[],"class_list":{"0":"post-1833","1":"product","2":"type-product","3":"status-publish","4":"has-post-thumbnail","6":"product_cat-restoration-materials","8":"first","9":"instock","10":"shipping-taxable","11":"product-type-simple"},"acf":[],"_links":{"self":[{"href":"https:\/\/www.dentalxangtech.com\/it\/wp-json\/wp\/v2\/product\/1833","targetHints":{"allow":["GET"]}}],"collection":[{"href":"https:\/\/www.dentalxangtech.com\/it\/wp-json\/wp\/v2\/product"}],"about":[{"href":"https:\/\/www.dentalxangtech.com\/it\/wp-json\/wp\/v2\/types\/product"}],"wp:featuredmedia":[{"embeddable":true,"href":"https:\/\/www.dentalxangtech.com\/it\/wp-json\/wp\/v2\/media\/2135"}],"wp:attachment":[{"href":"https:\/\/www.dentalxangtech.com\/it\/wp-json\/wp\/v2\/media?parent=1833"}],"wp:term":[{"taxonomy":"product_brand","embeddable":true,"href":"https:\/\/www.dentalxangtech.com\/it\/wp-json\/wp\/v2\/product_brand?post=1833"},{"taxonomy":"product_cat","embeddable":true,"href":"https:\/\/www.dentalxangtech.com\/it\/wp-json\/wp\/v2\/product_cat?post=1833"},{"taxonomy":"product_tag","embeddable":true,"href":"https:\/\/www.dentalxangtech.com\/it\/wp-json\/wp\/v2\/product_tag?post=1833"}],"curies":[{"name":"WP","href":"https:\/\/api.w.org\/{rel}","templated":true}]}}