{"id":1834,"date":"2024-07-10T10:56:45","date_gmt":"2024-07-10T02:56:45","guid":{"rendered":"https:\/\/www.dentalxangtech.com\/?post_type=product&#038;p=1834"},"modified":"2026-01-27T10:43:16","modified_gmt":"2026-01-27T02:43:16","slug":"xt50-milling-machine","status":"publish","type":"product","link":"https:\/\/www.dentalxangtech.com\/it\/product\/xt50-milling-machine\/","title":{"rendered":"Fresatrice a secco XT-50"},"content":{"rendered":"<p><span style=\"font-size: 14pt;\">La fresatrice a secco XANGTECH XT-50 ha numerose caratteristiche intelligenti, fornendo la migliore soluzione dentale. La nostra fresatrice di zirconia XT-50 \u00e8 dotata di una funzione di recupero di spegnimento. In caso di emergenza dentale o interruzione durante la lavorazione, pu\u00f2 riprendere automaticamente la lavorazione, evitando efficacemente lavori ripetitivi che aumentano i tempi di lavorazione e riducono l'efficienza. XANGTECH XT-50 dentale zirconia fresatrice&#8217; La sonda di alta precisione integrata consente la calibrazione automatica dell'asse ABXYZ con un solo clic e rileva automaticamente la vita e l'usura della borsa di fresatura, risparmiando tempo e semplificando il funzionamento. Basta collegarsi e iniziare a lavorare. Inoltre, pu\u00f2 tagliare i materiali dentali verticalmente a 90 gradi. Ci\u00f2 consente una lavorazione pi\u00f9 precisa del modello dentale durante la fresatura degli incisivi, contribuendo a fornire ai clienti protesi pi\u00f9 realistiche. Inoltre, i suoi ampi angoli dell'asse B, che raggiungono 35\u00b0 e -91\u00b0, adattano perfettamente gli impianti a grande angolo. Per conservare i materiali dentali ed evitare sprechi inutili, la nostra fresatrice dentale a 5 assi in zirconia XT-50 utilizza una pinza di tipo C, migliorando significativamente l'utilizzo del materiale del 20%. La fresatrice di laboratorio dentale in zirconia XT-50 non \u00e8 solo altamente efficiente e stabile, ma ha anche velocit\u00e0 di lavorazione leader del settore, tra cui il cambio automatico di utensili in un magazzino da 10 utensili e la lavorazione a corona singola in non pi\u00f9 di 13 minuti. La fresatrice in zirconia secca XANGTECH XT-50 adotta una struttura in silicone antipolvere integrata che pu\u00f2 adattarsi strettamente alle interruzioni dell'attrezzatura. Non solo impedisce efficacemente la polvere generata durante il taglio di materiali dentali, come ad esempio: <span style=\"color: #00ccff;\"><a style=\"color: #00ccff;\" href=\"https:\/\/www.dentalxangtech.com\/it\/categoria-prodotto\/dental-material\/dental-zirconia-block\/\">blocco di zirconia<\/a>,<\/span> da invadere l'interno della fresatrice, ma riduce anche l'usura dei componenti principali, prolunga la loro vita utile e riduce i successivi costi di manutenzione. Le sue molte caratteristiche intelligenti, unite al nostro affidabile servizio post-vendita online 24 ore su 24, 7 giorni su 7, che fornisce feedback immediato entro 1 ora di qualsiasi domanda, risolvono tutti i problemi dentali per voi.<\/span><\/p>\n<p><span style=\"font-size: 18pt;\"><strong>1. riprende automaticamente l'elaborazione dopo l'interruzione.\u00a0<\/strong><\/span><\/p>\n<p><span style=\"font-size: 14pt;\"><strong> <img fetchpriority=\"high\" decoding=\"async\" class=\"alignnone size-medium wp-image-4653\" src=\"https:\/\/www.dentalxangtech.com\/wp-content\/uploads\/2024\/07\/1-9-300x172.jpg\" alt=\"Fresatrice XT50\" width=\"300\" height=\"172\" srcset=\"https:\/\/www.dentalxangtech.com\/wp-content\/uploads\/2024\/07\/1-9-300x172.jpg 300w, https:\/\/www.dentalxangtech.com\/wp-content\/uploads\/2024\/07\/1-9-18x10.jpg 18w, https:\/\/www.dentalxangtech.com\/wp-content\/uploads\/2024\/07\/1-9-600x344.jpg 600w, https:\/\/www.dentalxangtech.com\/wp-content\/uploads\/2024\/07\/1-9.jpg 750w\" sizes=\"(max-width: 300px) 100vw, 300px\" \/><\/strong><\/span><\/p>\n<p><span style=\"font-size: 18pt;\"><strong>Taglio verticale a 2,90 gradi per texture dentali anteriori.<\/strong><\/span><\/p>\n<p><img decoding=\"async\" class=\"alignnone size-medium wp-image-4654\" src=\"https:\/\/www.dentalxangtech.com\/wp-content\/uploads\/2024\/07\/2-10-300x172.jpg\" alt=\"Fresatrice XT50\" width=\"300\" height=\"172\" srcset=\"https:\/\/www.dentalxangtech.com\/wp-content\/uploads\/2024\/07\/2-10-300x172.jpg 300w, https:\/\/www.dentalxangtech.com\/wp-content\/uploads\/2024\/07\/2-10-18x10.jpg 18w, https:\/\/www.dentalxangtech.com\/wp-content\/uploads\/2024\/07\/2-10-600x344.jpg 600w, https:\/\/www.dentalxangtech.com\/wp-content\/uploads\/2024\/07\/2-10.jpg 750w\" sizes=\"(max-width: 300px) 100vw, 300px\" \/><\/p>\n<p><span style=\"font-size: 18pt;\"><strong>3.Large-angolo B-assesof 35 \u00b0 e -91 \u00b0 per impianti a grande angolo.<\/strong><\/span><\/p>\n<p><img decoding=\"async\" class=\"alignnone size-medium wp-image-4655\" src=\"https:\/\/www.dentalxangtech.com\/wp-content\/uploads\/2024\/07\/3-12-300x172.jpg\" alt=\"Fresatrice XT50\" width=\"300\" height=\"172\" srcset=\"https:\/\/www.dentalxangtech.com\/wp-content\/uploads\/2024\/07\/3-12-300x172.jpg 300w, https:\/\/www.dentalxangtech.com\/wp-content\/uploads\/2024\/07\/3-12-18x10.jpg 18w, https:\/\/www.dentalxangtech.com\/wp-content\/uploads\/2024\/07\/3-12-600x344.jpg 600w, https:\/\/www.dentalxangtech.com\/wp-content\/uploads\/2024\/07\/3-12.jpg 750w\" sizes=\"(max-width: 300px) 100vw, 300px\" \/><br \/>\n<span style=\"font-size: 18pt;\"><strong>L'impianto di tipo 4.C migliora l'utilizzo del materiale del 20%.<\/strong><\/span><\/p>\n<p><img loading=\"lazy\" decoding=\"async\" class=\"alignnone size-medium wp-image-4656\" src=\"https:\/\/www.dentalxangtech.com\/wp-content\/uploads\/2024\/07\/4-7-300x172.jpg\" alt=\"Fresatrice XT50\" width=\"300\" height=\"172\" srcset=\"https:\/\/www.dentalxangtech.com\/wp-content\/uploads\/2024\/07\/4-7-300x172.jpg 300w, https:\/\/www.dentalxangtech.com\/wp-content\/uploads\/2024\/07\/4-7-18x10.jpg 18w, https:\/\/www.dentalxangtech.com\/wp-content\/uploads\/2024\/07\/4-7-600x344.jpg 600w, https:\/\/www.dentalxangtech.com\/wp-content\/uploads\/2024\/07\/4-7.jpg 750w\" sizes=\"(max-width: 300px) 100vw, 300px\" \/><\/p>\n<p><span style=\"font-size: 18pt;\"><strong>5. rilevamento automatico utensili e taratura dell'asse.<\/strong><\/span><\/p>\n<p><img loading=\"lazy\" decoding=\"async\" class=\"alignnone size-medium wp-image-4657\" src=\"https:\/\/www.dentalxangtech.com\/wp-content\/uploads\/2024\/07\/5-6-300x172.jpg\" alt=\"Fresatrice XT50\" width=\"300\" height=\"172\" srcset=\"https:\/\/www.dentalxangtech.com\/wp-content\/uploads\/2024\/07\/5-6-300x172.jpg 300w, https:\/\/www.dentalxangtech.com\/wp-content\/uploads\/2024\/07\/5-6-18x10.jpg 18w, https:\/\/www.dentalxangtech.com\/wp-content\/uploads\/2024\/07\/5-6-600x344.jpg 600w, https:\/\/www.dentalxangtech.com\/wp-content\/uploads\/2024\/07\/5-6.jpg 750w\" sizes=\"(max-width: 300px) 100vw, 300px\" \/><\/p>\n<p><span style=\"font-size: 18pt;\"><strong>Cambio automatico 6.10-strumento, elaborazione della corona singola \u226413 minuti.<\/strong><\/span><\/p>\n<p><img loading=\"lazy\" decoding=\"async\" class=\"alignnone size-medium wp-image-4658\" src=\"https:\/\/www.dentalxangtech.com\/wp-content\/uploads\/2024\/07\/6-8-300x172.jpg\" alt=\"Fresatrice XT50\" width=\"300\" height=\"172\" srcset=\"https:\/\/www.dentalxangtech.com\/wp-content\/uploads\/2024\/07\/6-8-300x172.jpg 300w, https:\/\/www.dentalxangtech.com\/wp-content\/uploads\/2024\/07\/6-8-18x10.jpg 18w, https:\/\/www.dentalxangtech.com\/wp-content\/uploads\/2024\/07\/6-8-600x344.jpg 600w, https:\/\/www.dentalxangtech.com\/wp-content\/uploads\/2024\/07\/6-8.jpg 750w\" sizes=\"(max-width: 300px) 100vw, 300px\" \/><\/p>\n<p><strong><span style=\"font-size: 18pt;\">7.Struttura in silicone antipolvere integrata impedisce che la polvere invada l'interno del corpo.<\/span><\/strong><\/p>\n<p><img loading=\"lazy\" decoding=\"async\" class=\"alignnone size-medium wp-image-4659\" src=\"https:\/\/www.dentalxangtech.com\/wp-content\/uploads\/2024\/07\/7-300x172.jpg\" alt=\"Fresatrice XT50\" width=\"300\" height=\"172\" srcset=\"https:\/\/www.dentalxangtech.com\/wp-content\/uploads\/2024\/07\/7-300x172.jpg 300w, https:\/\/www.dentalxangtech.com\/wp-content\/uploads\/2024\/07\/7-18x10.jpg 18w, https:\/\/www.dentalxangtech.com\/wp-content\/uploads\/2024\/07\/7-600x344.jpg 600w, https:\/\/www.dentalxangtech.com\/wp-content\/uploads\/2024\/07\/7.jpg 750w\" sizes=\"(max-width: 300px) 100vw, 300px\" \/><\/p>\n<p><strong><span style=\"font-size: 18pt;\">8.La macchina con la versione ottimizzata di Hyperdent.<\/span><\/strong><\/p>\n<p><img loading=\"lazy\" decoding=\"async\" class=\"alignnone size-medium wp-image-4660\" src=\"https:\/\/www.dentalxangtech.com\/wp-content\/uploads\/2024\/07\/8-300x172.jpg\" alt=\"Fresatrice XT50\" width=\"300\" height=\"172\" srcset=\"https:\/\/www.dentalxangtech.com\/wp-content\/uploads\/2024\/07\/8-300x172.jpg 300w, https:\/\/www.dentalxangtech.com\/wp-content\/uploads\/2024\/07\/8-18x10.jpg 18w, https:\/\/www.dentalxangtech.com\/wp-content\/uploads\/2024\/07\/8-600x344.jpg 600w, https:\/\/www.dentalxangtech.com\/wp-content\/uploads\/2024\/07\/8.jpg 750w\" sizes=\"(max-width: 300px) 100vw, 300px\" \/><\/p>\n<p style=\"text-align: center;\"><span style=\"font-size: 24pt;\"><strong>Dimostrazione di lavoro<\/strong><\/span><\/p>\n<p><iframe title=\"Fresatrice dentale XANGTECH XT-50\" width=\"800\" height=\"450\" src=\"https:\/\/www.youtube.com\/embed\/wWUbFP1t8sk?feature=oembed\" frameborder=\"0\" allow=\"accelerometer; autoplay; clipboard-write; encrypted-media; gyroscope; picture-in-picture; web-share\" referrerpolicy=\"strict-origin-when-cross-origin\" allowfullscreen><\/iframe><\/p>","protected":false},"excerpt":{"rendered":"<p>XANGTECH XT-50 dry milling machine has numerous intelligent features, providing you with the best dental solution. Our XT-50 zirconia milling machine is equipped with a power-off recovery function. In the event of a dental emergency or interruption during machining, it can automatically resume processing, effectively avoiding repetitive work that increases processing time and reduces efficiency.XANGTECH [&hellip;]<\/p>\n","protected":false},"featured_media":4640,"template":"","meta":{"_acf_changed":false},"product_brand":[],"product_cat":[76],"product_tag":[],"class_list":{"0":"post-1834","1":"product","2":"type-product","3":"status-publish","4":"has-post-thumbnail","6":"product_cat-dental-milling-machine","8":"first","9":"instock","10":"shipping-taxable","11":"product-type-simple"},"acf":[],"_links":{"self":[{"href":"https:\/\/www.dentalxangtech.com\/it\/wp-json\/wp\/v2\/product\/1834","targetHints":{"allow":["GET"]}}],"collection":[{"href":"https:\/\/www.dentalxangtech.com\/it\/wp-json\/wp\/v2\/product"}],"about":[{"href":"https:\/\/www.dentalxangtech.com\/it\/wp-json\/wp\/v2\/types\/product"}],"wp:featuredmedia":[{"embeddable":true,"href":"https:\/\/www.dentalxangtech.com\/it\/wp-json\/wp\/v2\/media\/4640"}],"wp:attachment":[{"href":"https:\/\/www.dentalxangtech.com\/it\/wp-json\/wp\/v2\/media?parent=1834"}],"wp:term":[{"taxonomy":"product_brand","embeddable":true,"href":"https:\/\/www.dentalxangtech.com\/it\/wp-json\/wp\/v2\/product_brand?post=1834"},{"taxonomy":"product_cat","embeddable":true,"href":"https:\/\/www.dentalxangtech.com\/it\/wp-json\/wp\/v2\/product_cat?post=1834"},{"taxonomy":"product_tag","embeddable":true,"href":"https:\/\/www.dentalxangtech.com\/it\/wp-json\/wp\/v2\/product_tag?post=1834"}],"curies":[{"name":"WP","href":"https:\/\/api.w.org\/{rel}","templated":true}]}}