{"id":1835,"date":"2024-07-10T10:58:13","date_gmt":"2024-07-10T02:58:13","guid":{"rendered":"https:\/\/www.dentalxangtech.com\/?post_type=product&#038;p=1835"},"modified":"2025-12-30T15:11:29","modified_gmt":"2025-12-30T07:11:29","slug":"11s-zirconia-sintering-furnace","status":"publish","type":"product","link":"https:\/\/www.dentalxangtech.com\/it\/product\/11s-zirconia-sintering-furnace\/","title":{"rendered":"Forno di sinterizzazione di zirconia 11S"},"content":{"rendered":"<p><span style=\"font-size: 14pt;\">Il forno di sinterizzazione in zirconia XANGTECH 11s \u00e8 la scelta ottimale per la sinterizzazione di protesi dentali. Il nostro forno di sinterizzazione in zirconia vanta una spaziosa camera di diametro di 100 mm, sinterizzando facilmente 3 strati impilati di denture in zirconia. Ci\u00f2 aumenta significativamente la potenza di lavorazione a colpo singolo, riduce i cicli di sinterizzazione, migliora l'efficienza della produzione dentale e riduce i costi energetici. 4 elementi di riscaldamento in silicio-molibdeno ad alta purezza con eccellente resistenza all'ossidazione forniscono riscaldamento circostante. Ci\u00f2 non solo garantisce un funzionamento stabile a lungo termine, riducendo la manutenzione e i costi, ma garantisce anche una distribuzione pi\u00f9 uniforme della temperatura all'interno del forno di sinterizzazione, garantendo un riscaldamento uniforme in tutte le parti del forno. <span style=\"color: #00ccff;\"><a style=\"color: #00ccff;\" href=\"https:\/\/www.dentalxangtech.com\/it\/categoria-prodotto\/dental-material\/dental-zirconia-block\/\">zirconia<\/a><\/span> protesi durante la sinterizzazione. Questo impedisce efficacemente crepe, deformazione e densit\u00e0 irregolare, migliorando significativamente la qualit\u00e0 e la resa del prodotto finito. Il forno di sinterizzazione dentale 11s pu\u00f2 raggiungere una temperatura massima di 1650 \u00b0 C e una velocit\u00e0 di riscaldamento fino a 100 \u00b0 C \/ minuto, consentendo una sinterizzazione rapida e precisa. In situazioni di emergenza, la modalit\u00e0 di sinterizzazione rapida pu\u00f2 soddisfare le esigenze urgenti del cliente. Per le protesi con esigenze elevate, materiali speciali o strutture complesse, la modalit\u00e0 a fuoco lento consente di sinterizzare il materiale in un gradiente di temperatura stabile, con conseguente una struttura di cristallo pi\u00f9 densa e pi\u00f9 uniforme all'interno della protesi, migliorando le propriet\u00e0 fisiche come resistenza e tenacit\u00e0 e estendendo la durata della protesi.<\/span><\/p>\n<p><span style=\"font-size: 14pt;\">Il nostro forno di sinterizzazione di zirconia&#8217; Il display intuitivo consente agli utenti di impostare facilmente vari parametri di sinterizzazione e la funzione di annuncio vocale integrata semplifica significativamente il funzionamento. La potente piattaforma Linux a 32 bit supporta potenti funzionalit\u00e0 software e futuri aggiornamenti. L'unico <span style=\"color: #00ccff;\"><a style=\"color: #00ccff;\" href=\"https:\/\/www.dentalxangtech.com\/it\/categoria-prodotto\/dental-material\/dental-zirconia-block\/\">blocco di zirconia<\/a><\/span> La funzione di pre-essiccazione non solo riduce il rischio di crepe della protesi, ma garantisce anche durabilit\u00e0 ed estetica. Durante il funzionamento, il nostro forno di sinterizzazione di zirconia dentale non solo indica il numero di particelle sinterizzate, ma dispone anche di funzioni di stoccaggio e analisi per garantire un controllo di qualit\u00e0 completo durante l'intero processo.<\/span><\/p>\n<p><span style=\"font-size: 18pt;\"><b>1. camera del forno di diametro di 100mm consente la sinterizzazione di 3 strati di protesi.<\/b><\/span><\/p>\n<p><span style=\"font-size: 18pt;\"><b>2. 4 elementi di riscaldamento in silicio-molibdeno di alta purezza circondano la camera per un riscaldamento uniforme.<\/b><\/span><\/p>\n<p><span style=\"font-size: 18pt;\"><b>3. Supporta sia la sinterizzazione rapida che lenta.<\/b><\/span><\/p>\n<p><span style=\"font-size: 18pt;\"><b>4. La funzione di pre-asciugatura del blocco di zirconia impedisce la crepa della protezione dentale.<\/b><\/span><\/p>\n<p><span style=\"font-size: 18pt;\"><b>5. Indicatore del conteggio delle particelle sinterizzate, funzioni di stoccaggio e analisi.<\/b><\/span><\/p>\n<p style=\"text-align: center;\"><span style=\"font-size: 24pt;\"><strong>Dimostrazione di lavoro<\/strong><\/span><\/p>\n<p><iframe title=\"Forno di sinterizzazione di zirconia dentale XANGTECH\" width=\"800\" height=\"450\" src=\"https:\/\/www.youtube.com\/embed\/NSWjRCcyGPQ?feature=oembed\" frameborder=\"0\" allow=\"accelerometer; autoplay; clipboard-write; encrypted-media; gyroscope; picture-in-picture; web-share\" referrerpolicy=\"strict-origin-when-cross-origin\" allowfullscreen><\/iframe><\/p>\n<p>&nbsp;<\/p>","protected":false},"excerpt":{"rendered":"<p>XANGTECH 11s zirconia sintering furnace is the optimal choice for sintering dental dentures. Our zirconia sintering furnace boasts a spacious 100mm diameter chamber, easily sintering 3 layers stacked zirconia dentures. This significantly increases single-shot processing output, reduces sintering cycles, improves dental production efficiency, and reduces energy costs. 4 high-purity silicon-molybdenum heating elements with excellent oxidation [&hellip;]<\/p>\n","protected":false},"featured_media":2175,"template":"","meta":{"_acf_changed":false},"product_brand":[],"product_cat":[77],"product_tag":[],"class_list":{"0":"post-1835","1":"product","2":"type-product","3":"status-publish","4":"has-post-thumbnail","6":"product_cat-zirconia-sintering-furnace","8":"first","9":"instock","10":"shipping-taxable","11":"product-type-simple"},"acf":[],"_links":{"self":[{"href":"https:\/\/www.dentalxangtech.com\/it\/wp-json\/wp\/v2\/product\/1835","targetHints":{"allow":["GET"]}}],"collection":[{"href":"https:\/\/www.dentalxangtech.com\/it\/wp-json\/wp\/v2\/product"}],"about":[{"href":"https:\/\/www.dentalxangtech.com\/it\/wp-json\/wp\/v2\/types\/product"}],"wp:featuredmedia":[{"embeddable":true,"href":"https:\/\/www.dentalxangtech.com\/it\/wp-json\/wp\/v2\/media\/2175"}],"wp:attachment":[{"href":"https:\/\/www.dentalxangtech.com\/it\/wp-json\/wp\/v2\/media?parent=1835"}],"wp:term":[{"taxonomy":"product_brand","embeddable":true,"href":"https:\/\/www.dentalxangtech.com\/it\/wp-json\/wp\/v2\/product_brand?post=1835"},{"taxonomy":"product_cat","embeddable":true,"href":"https:\/\/www.dentalxangtech.com\/it\/wp-json\/wp\/v2\/product_cat?post=1835"},{"taxonomy":"product_tag","embeddable":true,"href":"https:\/\/www.dentalxangtech.com\/it\/wp-json\/wp\/v2\/product_tag?post=1835"}],"curies":[{"name":"WP","href":"https:\/\/api.w.org\/{rel}","templated":true}]}}