{"id":1838,"date":"2024-07-10T11:30:43","date_gmt":"2024-07-10T03:30:43","guid":{"rendered":"https:\/\/www.dentalxangtech.com\/?post_type=product&#038;p=1838"},"modified":"2024-08-09T15:50:20","modified_gmt":"2024-08-09T07:50:20","slug":"press-ingots","status":"publish","type":"product","link":"https:\/\/www.dentalxangtech.com\/it\/product\/press-ingots\/","title":{"rendered":"Ingotti per stampa"},"content":{"rendered":"<p><span style=\"font-size: 14pt;\">I lingotti da stampa XANGTECH offrono numerosi vantaggi per i ripristini dentali, fornendo alta stabilit\u00e0 chimica e resistenza alla compressione. Ci\u00f2 garantisce che le protesi finali siano durevoli e affidabili, in grado di resistere alle tensioni funzionali nel tempo. I lingotti per stampa sono semplici da usare e facili da lavorare, riducendo significativamente i danni alla fresatura e prolungando cos\u00ec la durata della vostra attrezzatura. <\/span><br \/>\n<span style=\"font-size: 14pt;\">La lavorazione dei lingotti di stampa \u00e8 semplice e veloce, richiedendo meno passaggi dentali. Questo processo semplificato migliora l'efficienza del flusso di lavoro, consentendo tempi di svolta pi\u00f9 rapidi e una maggiore produttivit\u00e0 nel laboratorio dentale. Il design leggero e compatto dei lingotti di stampa contribuisce ulteriormente alla facilit\u00e0 di manipolazione, rendendoli una scelta pratica per i professionisti dentali. Dal punto di vista estetico, i lingotti a stampa forniscono risultati superiori, con eccellenti traslucidit\u00e0 e capacit\u00e0 di abbinamento dei colori che sono cruciali per creare restauri di aspetto naturale. Sono adatti per un'ampia gamma di applicazioni dentali, tra cui corone, ponti, intarsi, onlays e impiallacciature, rendendoli un'opzione versatile in odontoiatria ristorativa.<\/span><\/p>\n<p>&nbsp;<\/p>\n<p><span style=\"font-size: 14pt;\"><strong>1.High stabilit\u00e0 chimica e resistenza alla compressione<\/strong><\/span><br \/>\n<span style=\"font-size: 14pt;\"><strong>2.Easy da lavorare con, ridotto danno bur fresatura<\/strong><\/span><br \/>\n<span style=\"font-size: 14pt;\"><strong>Elaborazione 3.Simple e veloce con meno passaggi dentali<\/strong><\/span><br \/>\n<span style=\"font-size: 14pt;\"><strong>4.Lightweight, compatto e facile da usare<\/strong><\/span><\/p>","protected":false},"excerpt":{"rendered":"<p>XANGTECH press ingots offer numerous advantages for dental restorations, providing high chemical stability and compressive strength. This ensures that the final prosthetics are durable and reliable, capable of withstanding functional stresses over time.Press ingots are user-friendly and easy to work with, significantly reducing milling bur damage and thereby extending the lifespan of your equipment. The [&hellip;]<\/p>\n","protected":false},"featured_media":2138,"template":"","meta":{"_acf_changed":false},"product_brand":[],"product_cat":[15],"product_tag":[],"class_list":{"0":"post-1838","1":"product","2":"type-product","3":"status-publish","4":"has-post-thumbnail","6":"product_cat-restoration-materials","8":"first","9":"instock","10":"shipping-taxable","11":"product-type-simple"},"acf":[],"_links":{"self":[{"href":"https:\/\/www.dentalxangtech.com\/it\/wp-json\/wp\/v2\/product\/1838","targetHints":{"allow":["GET"]}}],"collection":[{"href":"https:\/\/www.dentalxangtech.com\/it\/wp-json\/wp\/v2\/product"}],"about":[{"href":"https:\/\/www.dentalxangtech.com\/it\/wp-json\/wp\/v2\/types\/product"}],"wp:featuredmedia":[{"embeddable":true,"href":"https:\/\/www.dentalxangtech.com\/it\/wp-json\/wp\/v2\/media\/2138"}],"wp:attachment":[{"href":"https:\/\/www.dentalxangtech.com\/it\/wp-json\/wp\/v2\/media?parent=1838"}],"wp:term":[{"taxonomy":"product_brand","embeddable":true,"href":"https:\/\/www.dentalxangtech.com\/it\/wp-json\/wp\/v2\/product_brand?post=1838"},{"taxonomy":"product_cat","embeddable":true,"href":"https:\/\/www.dentalxangtech.com\/it\/wp-json\/wp\/v2\/product_cat?post=1838"},{"taxonomy":"product_tag","embeddable":true,"href":"https:\/\/www.dentalxangtech.com\/it\/wp-json\/wp\/v2\/product_tag?post=1838"}],"curies":[{"name":"WP","href":"https:\/\/api.w.org\/{rel}","templated":true}]}}