{"id":1975,"date":"2024-07-16T09:08:42","date_gmt":"2024-07-16T01:08:42","guid":{"rendered":"https:\/\/www.dentalxangtech.com\/?post_type=product&#038;p=1975"},"modified":"2025-03-28T09:18:42","modified_gmt":"2025-03-28T01:18:42","slug":"monolayer-pmma-disc","status":"publish","type":"product","link":"https:\/\/www.dentalxangtech.com\/it\/product\/monolayer-pmma-disc\/","title":{"rendered":"Disco pmma monostrato"},"content":{"rendered":"<p><span style=\"font-size: 14pt;\">I dischi PMMA monostrato XANGTECH sono un materiale indispensabile nell'odontoiatria contemporanea, meticolosamente progettati per fabbricare protesi dentali durevoli e affidabili. Grazie alla loro resistenza e resistenza ottimali, questi blocchi sono perfettamente adatti per un'ampia gamma di applicazioni dentali, garantendo prestazioni di lunga durata e soddisfazione del paziente. La biocompatibilit\u00e0 superiore dei dischi PMMA garantisce la sicurezza e il comfort del paziente, rendendoli una scelta ideale per varie procedure ripristinative.<\/span><\/p>\n<p><span style=\"font-size: 14pt;\">Una delle caratteristiche distintive dei dischi PMMA monostrato \u00e8 la loro propriet\u00e0 di colore stabile, che consentono ai professionisti dentali di ottenere eccellenti risultati estetici. Questi blocchi corrispondono strettamente all'aspetto naturale dei denti, fornendo ai pazienti restaurazioni che si fondono perfettamente con la loro dentizione esistente. Inoltre, i dischi PMMA monostrato offrono un'eccezionale resistenza all'abrasione, che contribuisce alla loro longevit\u00e0 e resistenza in ambiente orale. La facilit\u00e0 di lavorazione dei dischi PMMA monostrato migliora sia l'efficienza che la precisione nel laboratorio dentale. Ci\u00f2 facilita la creazione di restauri di alta qualit\u00e0, da corone e ponti a protesi e altre protesi.<\/span><\/p>\n<p>&nbsp;<\/p>\n<p><span style=\"font-size: 14pt;\"><strong>1. Forza e tenacit\u00e0 adeguate per uso dentale<\/strong><\/span><br \/>\n<span style=\"font-size: 14pt;\"><strong>2. Buona biocompatibilit\u00e0<\/strong><\/span><br \/>\n<span style=\"font-size: 14pt;\"><strong>3. colore stabile, pu\u00f2 raggiungere effetto estetico ideale<\/strong><\/span><br \/>\n<span style=\"font-size: 14pt;\"><strong>4. Buona resistenza all'abrasione, facile elaborazione<\/strong><\/span><\/p>","protected":false},"excerpt":{"rendered":"<p>XANGTECH monolayer PMMA Discs are an indispensable material in contemporary dentistry, meticulously designed to fabricate durable and reliable dental prosthetics. With their optimal strength and toughness, these blocks are perfectly suited for a wide range of dental applications, ensuring long-lasting performance and patient satisfaction. The superior biocompatibility of PMMA discs guarantees patient safety and comfort, [&hellip;]<\/p>\n","protected":false},"featured_media":3747,"template":"","meta":{"_acf_changed":false},"product_brand":[],"product_cat":[61],"product_tag":[],"class_list":{"0":"post-1975","1":"product","2":"type-product","3":"status-publish","4":"has-post-thumbnail","6":"product_cat-monolayer-pmma-disc","8":"first","9":"instock","10":"shipping-taxable","11":"product-type-simple"},"acf":[],"_links":{"self":[{"href":"https:\/\/www.dentalxangtech.com\/it\/wp-json\/wp\/v2\/product\/1975","targetHints":{"allow":["GET"]}}],"collection":[{"href":"https:\/\/www.dentalxangtech.com\/it\/wp-json\/wp\/v2\/product"}],"about":[{"href":"https:\/\/www.dentalxangtech.com\/it\/wp-json\/wp\/v2\/types\/product"}],"wp:featuredmedia":[{"embeddable":true,"href":"https:\/\/www.dentalxangtech.com\/it\/wp-json\/wp\/v2\/media\/3747"}],"wp:attachment":[{"href":"https:\/\/www.dentalxangtech.com\/it\/wp-json\/wp\/v2\/media?parent=1975"}],"wp:term":[{"taxonomy":"product_brand","embeddable":true,"href":"https:\/\/www.dentalxangtech.com\/it\/wp-json\/wp\/v2\/product_brand?post=1975"},{"taxonomy":"product_cat","embeddable":true,"href":"https:\/\/www.dentalxangtech.com\/it\/wp-json\/wp\/v2\/product_cat?post=1975"},{"taxonomy":"product_tag","embeddable":true,"href":"https:\/\/www.dentalxangtech.com\/it\/wp-json\/wp\/v2\/product_tag?post=1975"}],"curies":[{"name":"WP","href":"https:\/\/api.w.org\/{rel}","templated":true}]}}